{"id":13022,"date":"2025-01-28T11:41:03","date_gmt":"2025-01-28T10:41:03","guid":{"rendered":"https:\/\/www.hoteldeicoralli.it\/politica-ambientale\/"},"modified":"2025-02-27T16:56:38","modified_gmt":"2025-02-27T15:56:38","slug":"umweltpolitik","status":"publish","type":"page","link":"https:\/\/www.hoteldeicoralli.it\/de\/umweltpolitik\/","title":{"rendered":"Umweltpolitik"},"content":{"rendered":"\t\t<div data-elementor-type=\"wp-page\" data-elementor-id=\"13022\" class=\"elementor elementor-13022 elementor-11467\">\n\t\t\t\t<div class=\"elementor-element elementor-element-54c0542 e-flex e-con-boxed e-con e-parent\" data-id=\"54c0542\" data-element_type=\"container\" data-e-type=\"container\">\n\t\t\t\t\t<div class=\"e-con-inner\">\n\t\t<div class=\"elementor-element elementor-element-70abe8b e-con-full e-flex e-con e-child\" data-id=\"70abe8b\" data-element_type=\"container\" data-e-type=\"container\">\n\t\t<div class=\"elementor-element elementor-element-4ad6d75 e-con-full e-flex e-con e-child\" data-id=\"4ad6d75\" data-element_type=\"container\" data-e-type=\"container\">\n\t\t\t\t<div class=\"elementor-element elementor-element-5c0a8fd elementor-widget elementor-widget-section-title\" data-id=\"5c0a8fd\" data-element_type=\"widget\" data-e-type=\"widget\" data-widget_type=\"section-title.default\">\n\t\t\t\t<div class=\"elementor-widget-container\">\n\t\t\t\t\t\r\n\t\t\t\t\t<div class=\"section-title style2 \">\r\n\t\t\t\t \r\n\t\t\t\t\t<h5 class=\"subtitle\">Respektieren Sie die Umwelt<\/h5>\r\n\t\t\t\t\t\t\t\t\r\n\t\t\t\t \r\n\t\t\t\t\t<h3 class=\"title\">Umweltpolitik<\/h3>\r\n\t\t\t\t\t\t\t\t\r\n\t\t\t\t\t\t\t<\/div>\r\n\r\n\t\t\r\n\t\t\t\t\t\t<\/div>\n\t\t\t\t<\/div>\n\t\t\t\t<div class=\"elementor-element elementor-element-3a604e5 elementor-widget elementor-widget-text-editor\" data-id=\"3a604e5\" data-element_type=\"widget\" data-e-type=\"widget\" data-widget_type=\"text-editor.default\">\n\t\t\t\t<div class=\"elementor-widget-container\">\n\t\t\t\t\t\t\t\t\t<p>Das Hotel dei Coralli bildet sein Personal weiter, um die Bed\u00fcrfnisse der G\u00e4ste immer mehr zu befriedigen und die Umwelt zu respektieren. Da wir wissen, dass wir durch unsere T\u00e4tigkeit Wasser und Energie verbrauchen, Abfall produzieren und gef\u00e4hrliche Stoffe verwenden, haben wir:<\/p>\t\t\t\t\t\t\t\t<\/div>\n\t\t\t\t<\/div>\n\t\t\t\t<div class=\"elementor-element elementor-element-ec0bbb6 elementor-icon-list--layout-traditional elementor-list-item-link-full_width elementor-widget elementor-widget-icon-list\" data-id=\"ec0bbb6\" data-element_type=\"widget\" data-e-type=\"widget\" data-widget_type=\"icon-list.default\">\n\t\t\t\t<div class=\"elementor-widget-container\">\n\t\t\t\t\t\t\t<ul class=\"elementor-icon-list-items\">\n\t\t\t\t\t\t\t<li class=\"elementor-icon-list-item\">\n\t\t\t\t\t\t\t\t\t\t\t<span class=\"elementor-icon-list-icon\">\n\t\t\t\t\t\t\t<svg aria-hidden=\"true\" class=\"e-font-icon-svg e-fas-check\" viewBox=\"0 0 512 512\" xmlns=\"http:\/\/www.w3.org\/2000\/svg\"><path d=\"M173.898 439.404l-166.4-166.4c-9.997-9.997-9.997-26.206 0-36.204l36.203-36.204c9.997-9.998 26.207-9.998 36.204 0L192 312.69 432.095 72.596c9.997-9.997 26.207-9.997 36.204 0l36.203 36.204c9.997 9.997 9.997 26.206 0 36.204l-294.4 294.401c-9.998 9.997-26.207 9.997-36.204-.001z\"><\/path><\/svg>\t\t\t\t\t\t<\/span>\n\t\t\t\t\t\t\t\t\t\t<span class=\"elementor-icon-list-text\">Aufbereitete Informationen zur Sensibilisierung der G\u00e4ste f\u00fcr den bewussten Umgang mit Wasser und Energie sowie die richtige Abfallentsorgung<\/span>\n\t\t\t\t\t\t\t\t\t<\/li>\n\t\t\t\t\t\t\t\t<li class=\"elementor-icon-list-item\">\n\t\t\t\t\t\t\t\t\t\t\t<span class=\"elementor-icon-list-icon\">\n\t\t\t\t\t\t\t<svg aria-hidden=\"true\" class=\"e-font-icon-svg e-fas-check\" viewBox=\"0 0 512 512\" xmlns=\"http:\/\/www.w3.org\/2000\/svg\"><path d=\"M173.898 439.404l-166.4-166.4c-9.997-9.997-9.997-26.206 0-36.204l36.203-36.204c9.997-9.998 26.207-9.998 36.204 0L192 312.69 432.095 72.596c9.997-9.997 26.207-9.997 36.204 0l36.203 36.204c9.997 9.997 9.997 26.206 0 36.204l-294.4 294.401c-9.998 9.997-26.207 9.997-36.204-.001z\"><\/path><\/svg>\t\t\t\t\t\t<\/span>\n\t\t\t\t\t\t\t\t\t\t<span class=\"elementor-icon-list-text\">Installierte Durchflussminderer f\u00fcr (einige) Wasserh\u00e4hne<\/span>\n\t\t\t\t\t\t\t\t\t<\/li>\n\t\t\t\t\t\t\t\t<li class=\"elementor-icon-list-item\">\n\t\t\t\t\t\t\t\t\t\t\t<span class=\"elementor-icon-list-icon\">\n\t\t\t\t\t\t\t<svg aria-hidden=\"true\" class=\"e-font-icon-svg e-fas-check\" viewBox=\"0 0 512 512\" xmlns=\"http:\/\/www.w3.org\/2000\/svg\"><path d=\"M173.898 439.404l-166.4-166.4c-9.997-9.997-9.997-26.206 0-36.204l36.203-36.204c9.997-9.998 26.207-9.998 36.204 0L192 312.69 432.095 72.596c9.997-9.997 26.207-9.997 36.204 0l36.203 36.204c9.997 9.997 9.997 26.206 0 36.204l-294.4 294.401c-9.998 9.997-26.207 9.997-36.204-.001z\"><\/path><\/svg>\t\t\t\t\t\t<\/span>\n\t\t\t\t\t\t\t\t\t\t<span class=\"elementor-icon-list-text\">Getrennte Sammlung von Batterien<\/span>\n\t\t\t\t\t\t\t\t\t<\/li>\n\t\t\t\t\t\t\t\t<li class=\"elementor-icon-list-item\">\n\t\t\t\t\t\t\t\t\t\t\t<span class=\"elementor-icon-list-icon\">\n\t\t\t\t\t\t\t<svg aria-hidden=\"true\" class=\"e-font-icon-svg e-fas-check\" viewBox=\"0 0 512 512\" xmlns=\"http:\/\/www.w3.org\/2000\/svg\"><path d=\"M173.898 439.404l-166.4-166.4c-9.997-9.997-9.997-26.206 0-36.204l36.203-36.204c9.997-9.998 26.207-9.998 36.204 0L192 312.69 432.095 72.596c9.997-9.997 26.207-9.997 36.204 0l36.203 36.204c9.997 9.997 9.997 26.206 0 36.204l-294.4 294.401c-9.998 9.997-26.207 9.997-36.204-.001z\"><\/path><\/svg>\t\t\t\t\t\t<\/span>\n\t\t\t\t\t\t\t\t\t\t<span class=\"elementor-icon-list-text\">Positionierte Innenbereiche f\u00fcr die getrennte Abfallsammlung<\/span>\n\t\t\t\t\t\t\t\t\t<\/li>\n\t\t\t\t\t\t\t\t<li class=\"elementor-icon-list-item\">\n\t\t\t\t\t\t\t\t\t\t\t<span class=\"elementor-icon-list-icon\">\n\t\t\t\t\t\t\t<svg aria-hidden=\"true\" class=\"e-font-icon-svg e-fas-check\" viewBox=\"0 0 512 512\" xmlns=\"http:\/\/www.w3.org\/2000\/svg\"><path d=\"M173.898 439.404l-166.4-166.4c-9.997-9.997-9.997-26.206 0-36.204l36.203-36.204c9.997-9.998 26.207-9.998 36.204 0L192 312.69 432.095 72.596c9.997-9.997 26.207-9.997 36.204 0l36.203 36.204c9.997 9.997 9.997 26.206 0 36.204l-294.4 294.401c-9.998 9.997-26.207 9.997-36.204-.001z\"><\/path><\/svg>\t\t\t\t\t\t<\/span>\n\t\t\t\t\t\t\t\t\t\t<span class=\"elementor-icon-list-text\">Installierte Sonnenkollektoren zur Warmwasserbereitung<\/span>\n\t\t\t\t\t\t\t\t\t<\/li>\n\t\t\t\t\t\t\t\t<li class=\"elementor-icon-list-item\">\n\t\t\t\t\t\t\t\t\t\t\t<span class=\"elementor-icon-list-icon\">\n\t\t\t\t\t\t\t<svg aria-hidden=\"true\" class=\"e-font-icon-svg e-fas-check\" viewBox=\"0 0 512 512\" xmlns=\"http:\/\/www.w3.org\/2000\/svg\"><path d=\"M173.898 439.404l-166.4-166.4c-9.997-9.997-9.997-26.206 0-36.204l36.203-36.204c9.997-9.998 26.207-9.998 36.204 0L192 312.69 432.095 72.596c9.997-9.997 26.207-9.997 36.204 0l36.203 36.204c9.997 9.997 9.997 26.206 0 36.204l-294.4 294.401c-9.998 9.997-26.207 9.997-36.204-.001z\"><\/path><\/svg>\t\t\t\t\t\t<\/span>\n\t\t\t\t\t\t\t\t\t\t<span class=\"elementor-icon-list-text\">Nach und nach wurden alle alten Gl\u00fchbirnen durch neue, verbrauchsarme Gl\u00fchbirnen ersetzt<\/span>\n\t\t\t\t\t\t\t\t\t<\/li>\n\t\t\t\t\t\t\t\t<li class=\"elementor-icon-list-item\">\n\t\t\t\t\t\t\t\t\t\t\t<span class=\"elementor-icon-list-icon\">\n\t\t\t\t\t\t\t<svg aria-hidden=\"true\" class=\"e-font-icon-svg e-fas-check\" viewBox=\"0 0 512 512\" xmlns=\"http:\/\/www.w3.org\/2000\/svg\"><path d=\"M173.898 439.404l-166.4-166.4c-9.997-9.997-9.997-26.206 0-36.204l36.203-36.204c9.997-9.998 26.207-9.998 36.204 0L192 312.69 432.095 72.596c9.997-9.997 26.207-9.997 36.204 0l36.203 36.204c9.997 9.997 9.997 26.206 0 36.204l-294.4 294.401c-9.998 9.997-26.207 9.997-36.204-.001z\"><\/path><\/svg>\t\t\t\t\t\t<\/span>\n\t\t\t\t\t\t\t\t\t\t<span class=\"elementor-icon-list-text\">Investition in das neue computergest\u00fctzte Bew\u00e4sserungssystem f\u00fcr eine effizientere Verwaltung der Wasserressourcen f\u00fcr Au\u00dfenbereiche<\/span>\n\t\t\t\t\t\t\t\t\t<\/li>\n\t\t\t\t\t\t<\/ul>\n\t\t\t\t\t\t<\/div>\n\t\t\t\t<\/div>\n\t\t\t\t<div class=\"elementor-element elementor-element-b6d1f5a elementor-widget elementor-widget-text-editor\" data-id=\"b6d1f5a\" data-element_type=\"widget\" data-e-type=\"widget\" data-widget_type=\"text-editor.default\">\n\t\t\t\t<div class=\"elementor-widget-container\">\n\t\t\t\t\t\t\t\t\t<p>Unser Engagement zielt nicht nur darauf ab, die geltenden gesetzlichen Anforderungen einzuhalten, sondern auch auf die kontinuierliche Verbesserung und Aufrechterhaltung dieser Umweltpolitik.<\/p>\t\t\t\t\t\t\t\t<\/div>\n\t\t\t\t<\/div>\n\t\t\t\t<div class=\"elementor-element elementor-element-e2a23ad elementor-widget elementor-widget-text-editor\" data-id=\"e2a23ad\" data-element_type=\"widget\" data-e-type=\"widget\" data-widget_type=\"text-editor.default\">\n\t\t\t\t<div class=\"elementor-widget-container\">\n\t\t\t\t\t\t\t\t\t<p>Wir bitten Sie alle G\u00e4ste, uns beim Erreichen unserer Verbesserungsziele zu helfen, indem Sie versuchen, die Ihnen zur Verf\u00fcgung stehenden Ressourcen bewusst zu nutzen und Ihren Abfall richtig zu trennen. Die Sektoren, auf die wir unser Augenmerk richten, um unsere Umweltauswirkungen zu reduzieren und unseren Service zu verbessern, sind derzeit die folgenden:<\/p>\t\t\t\t\t\t\t\t<\/div>\n\t\t\t\t<\/div>\n\t\t\t\t<div class=\"elementor-element elementor-element-a904eec elementor-icon-list--layout-traditional elementor-list-item-link-full_width elementor-widget elementor-widget-icon-list\" data-id=\"a904eec\" data-element_type=\"widget\" data-e-type=\"widget\" data-widget_type=\"icon-list.default\">\n\t\t\t\t<div class=\"elementor-widget-container\">\n\t\t\t\t\t\t\t<ul class=\"elementor-icon-list-items\">\n\t\t\t\t\t\t\t<li class=\"elementor-icon-list-item\">\n\t\t\t\t\t\t\t\t\t\t\t<span class=\"elementor-icon-list-icon\">\n\t\t\t\t\t\t\t<svg aria-hidden=\"true\" class=\"e-font-icon-svg e-fas-check\" viewBox=\"0 0 512 512\" xmlns=\"http:\/\/www.w3.org\/2000\/svg\"><path d=\"M173.898 439.404l-166.4-166.4c-9.997-9.997-9.997-26.206 0-36.204l36.203-36.204c9.997-9.998 26.207-9.998 36.204 0L192 312.69 432.095 72.596c9.997-9.997 26.207-9.997 36.204 0l36.203 36.204c9.997 9.997 9.997 26.206 0 36.204l-294.4 294.401c-9.998 9.997-26.207 9.997-36.204-.001z\"><\/path><\/svg>\t\t\t\t\t\t<\/span>\n\t\t\t\t\t\t\t\t\t\t<span class=\"elementor-icon-list-text\">Verbessern Sie die Effizienz der Abfallsammlung und -verwaltung<\/span>\n\t\t\t\t\t\t\t\t\t<\/li>\n\t\t\t\t\t\t\t\t<li class=\"elementor-icon-list-item\">\n\t\t\t\t\t\t\t\t\t\t\t<span class=\"elementor-icon-list-icon\">\n\t\t\t\t\t\t\t<svg aria-hidden=\"true\" class=\"e-font-icon-svg e-fas-check\" viewBox=\"0 0 512 512\" xmlns=\"http:\/\/www.w3.org\/2000\/svg\"><path d=\"M173.898 439.404l-166.4-166.4c-9.997-9.997-9.997-26.206 0-36.204l36.203-36.204c9.997-9.998 26.207-9.998 36.204 0L192 312.69 432.095 72.596c9.997-9.997 26.207-9.997 36.204 0l36.203 36.204c9.997 9.997 9.997 26.206 0 36.204l-294.4 294.401c-9.998 9.997-26.207 9.997-36.204-.001z\"><\/path><\/svg>\t\t\t\t\t\t<\/span>\n\t\t\t\t\t\t\t\t\t\t<span class=\"elementor-icon-list-text\">Reduzieren Sie die Verschwendung nat\u00fcrlicher Ressourcen im Allgemeinen und von Wasser im Besonderen<\/span>\n\t\t\t\t\t\t\t\t\t<\/li>\n\t\t\t\t\t\t\t\t<li class=\"elementor-icon-list-item\">\n\t\t\t\t\t\t\t\t\t\t\t<span class=\"elementor-icon-list-icon\">\n\t\t\t\t\t\t\t<svg aria-hidden=\"true\" class=\"e-font-icon-svg e-fas-check\" viewBox=\"0 0 512 512\" xmlns=\"http:\/\/www.w3.org\/2000\/svg\"><path d=\"M173.898 439.404l-166.4-166.4c-9.997-9.997-9.997-26.206 0-36.204l36.203-36.204c9.997-9.998 26.207-9.998 36.204 0L192 312.69 432.095 72.596c9.997-9.997 26.207-9.997 36.204 0l36.203 36.204c9.997 9.997 9.997 26.206 0 36.204l-294.4 294.401c-9.998 9.997-26.207 9.997-36.204-.001z\"><\/path><\/svg>\t\t\t\t\t\t<\/span>\n\t\t\t\t\t\t\t\t\t\t<span class=\"elementor-icon-list-text\">Reduzieren Sie den Energieverbrauch<\/span>\n\t\t\t\t\t\t\t\t\t<\/li>\n\t\t\t\t\t\t<\/ul>\n\t\t\t\t\t\t<\/div>\n\t\t\t\t<\/div>\n\t\t\t\t<\/div>\n\t\t\t\t<\/div>\n\t\t\t\t\t<\/div>\n\t\t\t\t<\/div>\n\t\t\t\t<\/div>\n\t\t","protected":false},"excerpt":{"rendered":"<p>Respektieren Sie die Umwelt Umweltpolitik Das Hotel dei Coralli bildet sein Personal weiter, um die Bed\u00fcrfnisse der G\u00e4ste immer mehr zu befriedigen und die Umwelt zu respektieren. Da wir wissen, dass wir durch unsere T\u00e4tigkeit Wasser und Energie verbrauchen, Abfall produzieren und gef\u00e4hrliche Stoffe verwenden, haben wir: Aufbereitete Informationen zur Sensibilisierung der G\u00e4ste f\u00fcr den [&hellip;]<\/p>\n","protected":false},"author":1,"featured_media":12365,"parent":0,"menu_order":4,"comment_status":"closed","ping_status":"closed","template":"page-templates\/template-default.php","meta":{"_mo_disable_npp":"","footnotes":""},"class_list":["post-13022","page","type-page","status-publish","has-post-thumbnail","hentry"],"yoast_head":"<!-- This site is optimized with the Yoast SEO plugin v27.1.1 - https:\/\/yoast.com\/product\/yoast-seo-wordpress\/ -->\n<title>Umweltpolitik - Hotel dei Coralli, Insel Elba<\/title>\n<meta name=\"description\" content=\"Das Hotel dei Coralli bildet sein Personal weiter, um die Bed\u00fcrfnisse der G\u00e4ste immer mehr zu befriedigen und die Umwelt zu respektieren.\" \/>\n<meta name=\"robots\" content=\"index, follow, max-snippet:-1, max-image-preview:large, max-video-preview:-1\" \/>\n<link rel=\"canonical\" href=\"https:\/\/www.hoteldeicoralli.it\/de\/umweltpolitik\/\" \/>\n<meta property=\"og:locale\" content=\"de_DE\" \/>\n<meta property=\"og:type\" content=\"article\" \/>\n<meta property=\"og:title\" content=\"Umweltpolitik - Hotel dei Coralli, Insel Elba\" \/>\n<meta property=\"og:description\" content=\"Das Hotel dei Coralli bildet sein Personal weiter, um die Bed\u00fcrfnisse der G\u00e4ste immer mehr zu befriedigen und die Umwelt zu respektieren.\" \/>\n<meta property=\"og:url\" content=\"https:\/\/www.hoteldeicoralli.it\/de\/umweltpolitik\/\" \/>\n<meta property=\"og:site_name\" content=\"Hotel dei Coralli\" \/>\n<meta property=\"article:publisher\" content=\"https:\/\/www.facebook.com\/hoteldeicoralli\" \/>\n<meta property=\"article:modified_time\" content=\"2025-02-27T15:56:38+00:00\" \/>\n<meta property=\"og:image\" content=\"https:\/\/www.hoteldeicoralli.it\/wp-content\/uploads\/hotel_09.jpg\" \/>\n\t<meta property=\"og:image:width\" content=\"1200\" \/>\n\t<meta property=\"og:image:height\" content=\"780\" \/>\n\t<meta property=\"og:image:type\" content=\"image\/jpeg\" \/>\n<meta name=\"twitter:card\" content=\"summary_large_image\" \/>\n<meta name=\"twitter:label1\" content=\"Gesch\u00e4tzte Lesezeit\" \/>\n\t<meta name=\"twitter:data1\" content=\"1\u00a0Minute\" \/>\n<script type=\"application\/ld+json\" class=\"yoast-schema-graph\">{\"@context\":\"https:\/\/schema.org\",\"@graph\":[{\"@type\":\"WebPage\",\"@id\":\"https:\/\/www.hoteldeicoralli.it\/de\/umweltpolitik\/\",\"url\":\"https:\/\/www.hoteldeicoralli.it\/de\/umweltpolitik\/\",\"name\":\"Umweltpolitik - Hotel dei Coralli, Insel Elba\",\"isPartOf\":{\"@id\":\"https:\/\/www.hoteldeicoralli.it\/de\/#website\"},\"primaryImageOfPage\":{\"@id\":\"https:\/\/www.hoteldeicoralli.it\/de\/umweltpolitik\/#primaryimage\"},\"image\":{\"@id\":\"https:\/\/www.hoteldeicoralli.it\/de\/umweltpolitik\/#primaryimage\"},\"thumbnailUrl\":\"https:\/\/www.hoteldeicoralli.it\/wp-content\/uploads\/hotel_09.jpg\",\"datePublished\":\"2025-01-28T10:41:03+00:00\",\"dateModified\":\"2025-02-27T15:56:38+00:00\",\"description\":\"Das Hotel dei Coralli bildet sein Personal weiter, um die Bed\u00fcrfnisse der G\u00e4ste immer mehr zu befriedigen und die Umwelt zu respektieren.\",\"breadcrumb\":{\"@id\":\"https:\/\/www.hoteldeicoralli.it\/de\/umweltpolitik\/#breadcrumb\"},\"inLanguage\":\"de\",\"potentialAction\":[{\"@type\":\"ReadAction\",\"target\":[\"https:\/\/www.hoteldeicoralli.it\/de\/umweltpolitik\/\"]}]},{\"@type\":\"ImageObject\",\"inLanguage\":\"de\",\"@id\":\"https:\/\/www.hoteldeicoralli.it\/de\/umweltpolitik\/#primaryimage\",\"url\":\"https:\/\/www.hoteldeicoralli.it\/wp-content\/uploads\/hotel_09.jpg\",\"contentUrl\":\"https:\/\/www.hoteldeicoralli.it\/wp-content\/uploads\/hotel_09.jpg\",\"width\":1200,\"height\":780},{\"@type\":\"BreadcrumbList\",\"@id\":\"https:\/\/www.hoteldeicoralli.it\/de\/umweltpolitik\/#breadcrumb\",\"itemListElement\":[{\"@type\":\"ListItem\",\"position\":1,\"name\":\"Home\",\"item\":\"https:\/\/www.hoteldeicoralli.it\/de\/\"},{\"@type\":\"ListItem\",\"position\":2,\"name\":\"Umweltpolitik\"}]},{\"@type\":\"WebSite\",\"@id\":\"https:\/\/www.hoteldeicoralli.it\/de\/#website\",\"url\":\"https:\/\/www.hoteldeicoralli.it\/de\/\",\"name\":\"Hotel dei Coralli\",\"description\":\"Insel Elba\",\"publisher\":{\"@id\":\"https:\/\/www.hoteldeicoralli.it\/de\/#organization\"},\"potentialAction\":[{\"@type\":\"SearchAction\",\"target\":{\"@type\":\"EntryPoint\",\"urlTemplate\":\"https:\/\/www.hoteldeicoralli.it\/de\/?s={search_term_string}\"},\"query-input\":{\"@type\":\"PropertyValueSpecification\",\"valueRequired\":true,\"valueName\":\"search_term_string\"}}],\"inLanguage\":\"de\"},{\"@type\":\"Organization\",\"@id\":\"https:\/\/www.hoteldeicoralli.it\/de\/#organization\",\"name\":\"Selci Enrico Srl\",\"url\":\"https:\/\/www.hoteldeicoralli.it\/de\/\",\"logo\":{\"@type\":\"ImageObject\",\"inLanguage\":\"de\",\"@id\":\"https:\/\/www.hoteldeicoralli.it\/de\/#\/schema\/logo\/image\/\",\"url\":\"https:\/\/www.hoteldeicoralli.it\/wp-content\/uploads\/hotel_dei_coralli_vertical.png\",\"contentUrl\":\"https:\/\/www.hoteldeicoralli.it\/wp-content\/uploads\/hotel_dei_coralli_vertical.png\",\"width\":400,\"height\":316,\"caption\":\"Selci Enrico Srl\"},\"image\":{\"@id\":\"https:\/\/www.hoteldeicoralli.it\/de\/#\/schema\/logo\/image\/\"},\"sameAs\":[\"https:\/\/www.facebook.com\/hoteldeicoralli\",\"https:\/\/www.instagram.com\/hoteldeicoralli\/\"]}]}<\/script>\n<!-- \/ Yoast SEO plugin. -->","yoast_head_json":{"title":"Umweltpolitik - Hotel dei Coralli, Insel Elba","description":"Das Hotel dei Coralli bildet sein Personal weiter, um die Bed\u00fcrfnisse der G\u00e4ste immer mehr zu befriedigen und die Umwelt zu respektieren.","robots":{"index":"index","follow":"follow","max-snippet":"max-snippet:-1","max-image-preview":"max-image-preview:large","max-video-preview":"max-video-preview:-1"},"canonical":"https:\/\/www.hoteldeicoralli.it\/de\/umweltpolitik\/","og_locale":"de_DE","og_type":"article","og_title":"Umweltpolitik - Hotel dei Coralli, Insel Elba","og_description":"Das Hotel dei Coralli bildet sein Personal weiter, um die Bed\u00fcrfnisse der G\u00e4ste immer mehr zu befriedigen und die Umwelt zu respektieren.","og_url":"https:\/\/www.hoteldeicoralli.it\/de\/umweltpolitik\/","og_site_name":"Hotel dei Coralli","article_publisher":"https:\/\/www.facebook.com\/hoteldeicoralli","article_modified_time":"2025-02-27T15:56:38+00:00","og_image":[{"width":1200,"height":780,"url":"https:\/\/www.hoteldeicoralli.it\/wp-content\/uploads\/hotel_09.jpg","type":"image\/jpeg"}],"twitter_card":"summary_large_image","twitter_misc":{"Gesch\u00e4tzte Lesezeit":"1\u00a0Minute"},"schema":{"@context":"https:\/\/schema.org","@graph":[{"@type":"WebPage","@id":"https:\/\/www.hoteldeicoralli.it\/de\/umweltpolitik\/","url":"https:\/\/www.hoteldeicoralli.it\/de\/umweltpolitik\/","name":"Umweltpolitik - Hotel dei Coralli, Insel Elba","isPartOf":{"@id":"https:\/\/www.hoteldeicoralli.it\/de\/#website"},"primaryImageOfPage":{"@id":"https:\/\/www.hoteldeicoralli.it\/de\/umweltpolitik\/#primaryimage"},"image":{"@id":"https:\/\/www.hoteldeicoralli.it\/de\/umweltpolitik\/#primaryimage"},"thumbnailUrl":"https:\/\/www.hoteldeicoralli.it\/wp-content\/uploads\/hotel_09.jpg","datePublished":"2025-01-28T10:41:03+00:00","dateModified":"2025-02-27T15:56:38+00:00","description":"Das Hotel dei Coralli bildet sein Personal weiter, um die Bed\u00fcrfnisse der G\u00e4ste immer mehr zu befriedigen und die Umwelt zu respektieren.","breadcrumb":{"@id":"https:\/\/www.hoteldeicoralli.it\/de\/umweltpolitik\/#breadcrumb"},"inLanguage":"de","potentialAction":[{"@type":"ReadAction","target":["https:\/\/www.hoteldeicoralli.it\/de\/umweltpolitik\/"]}]},{"@type":"ImageObject","inLanguage":"de","@id":"https:\/\/www.hoteldeicoralli.it\/de\/umweltpolitik\/#primaryimage","url":"https:\/\/www.hoteldeicoralli.it\/wp-content\/uploads\/hotel_09.jpg","contentUrl":"https:\/\/www.hoteldeicoralli.it\/wp-content\/uploads\/hotel_09.jpg","width":1200,"height":780},{"@type":"BreadcrumbList","@id":"https:\/\/www.hoteldeicoralli.it\/de\/umweltpolitik\/#breadcrumb","itemListElement":[{"@type":"ListItem","position":1,"name":"Home","item":"https:\/\/www.hoteldeicoralli.it\/de\/"},{"@type":"ListItem","position":2,"name":"Umweltpolitik"}]},{"@type":"WebSite","@id":"https:\/\/www.hoteldeicoralli.it\/de\/#website","url":"https:\/\/www.hoteldeicoralli.it\/de\/","name":"Hotel dei Coralli","description":"Insel Elba","publisher":{"@id":"https:\/\/www.hoteldeicoralli.it\/de\/#organization"},"potentialAction":[{"@type":"SearchAction","target":{"@type":"EntryPoint","urlTemplate":"https:\/\/www.hoteldeicoralli.it\/de\/?s={search_term_string}"},"query-input":{"@type":"PropertyValueSpecification","valueRequired":true,"valueName":"search_term_string"}}],"inLanguage":"de"},{"@type":"Organization","@id":"https:\/\/www.hoteldeicoralli.it\/de\/#organization","name":"Selci Enrico Srl","url":"https:\/\/www.hoteldeicoralli.it\/de\/","logo":{"@type":"ImageObject","inLanguage":"de","@id":"https:\/\/www.hoteldeicoralli.it\/de\/#\/schema\/logo\/image\/","url":"https:\/\/www.hoteldeicoralli.it\/wp-content\/uploads\/hotel_dei_coralli_vertical.png","contentUrl":"https:\/\/www.hoteldeicoralli.it\/wp-content\/uploads\/hotel_dei_coralli_vertical.png","width":400,"height":316,"caption":"Selci Enrico Srl"},"image":{"@id":"https:\/\/www.hoteldeicoralli.it\/de\/#\/schema\/logo\/image\/"},"sameAs":["https:\/\/www.facebook.com\/hoteldeicoralli","https:\/\/www.instagram.com\/hoteldeicoralli\/"]}]}},"_links":{"self":[{"href":"https:\/\/www.hoteldeicoralli.it\/de\/wp-json\/wp\/v2\/pages\/13022","targetHints":{"allow":["GET"]}}],"collection":[{"href":"https:\/\/www.hoteldeicoralli.it\/de\/wp-json\/wp\/v2\/pages"}],"about":[{"href":"https:\/\/www.hoteldeicoralli.it\/de\/wp-json\/wp\/v2\/types\/page"}],"author":[{"embeddable":true,"href":"https:\/\/www.hoteldeicoralli.it\/de\/wp-json\/wp\/v2\/users\/1"}],"replies":[{"embeddable":true,"href":"https:\/\/www.hoteldeicoralli.it\/de\/wp-json\/wp\/v2\/comments?post=13022"}],"version-history":[{"count":4,"href":"https:\/\/www.hoteldeicoralli.it\/de\/wp-json\/wp\/v2\/pages\/13022\/revisions"}],"predecessor-version":[{"id":13026,"href":"https:\/\/www.hoteldeicoralli.it\/de\/wp-json\/wp\/v2\/pages\/13022\/revisions\/13026"}],"wp:featuredmedia":[{"embeddable":true,"href":"https:\/\/www.hoteldeicoralli.it\/de\/wp-json\/wp\/v2\/media\/12365"}],"wp:attachment":[{"href":"https:\/\/www.hoteldeicoralli.it\/de\/wp-json\/wp\/v2\/media?parent=13022"}],"curies":[{"name":"wp","href":"https:\/\/api.w.org\/{rel}","templated":true}]}}