{"id":13078,"date":"2025-01-29T16:10:24","date_gmt":"2025-01-29T15:10:24","guid":{"rendered":"https:\/\/www.hoteldeicoralli.it\/in-vacanza-con-i-bambini\/"},"modified":"2025-02-28T08:40:57","modified_gmt":"2025-02-28T07:40:57","slug":"ferien-mit-kindern","status":"publish","type":"page","link":"https:\/\/www.hoteldeicoralli.it\/de\/ferien-mit-kindern\/","title":{"rendered":"Ferien mit Kindern"},"content":{"rendered":"\t\t<div data-elementor-type=\"wp-page\" data-elementor-id=\"13078\" class=\"elementor elementor-13078 elementor-11563\">\n\t\t\t\t<div class=\"elementor-element elementor-element-54c0542 e-flex e-con-boxed e-con e-parent\" data-id=\"54c0542\" data-element_type=\"container\" data-e-type=\"container\">\n\t\t\t\t\t<div class=\"e-con-inner\">\n\t\t<div class=\"elementor-element elementor-element-70abe8b e-con-full e-flex e-con e-child\" data-id=\"70abe8b\" data-element_type=\"container\" data-e-type=\"container\">\n\t\t<div class=\"elementor-element elementor-element-4ad6d75 e-con-full e-flex e-con e-child\" data-id=\"4ad6d75\" data-element_type=\"container\" data-e-type=\"container\">\n\t\t\t\t<div class=\"elementor-element elementor-element-5c0a8fd elementor-widget elementor-widget-section-title\" data-id=\"5c0a8fd\" data-element_type=\"widget\" data-e-type=\"widget\" data-widget_type=\"section-title.default\">\n\t\t\t\t<div class=\"elementor-widget-container\">\n\t\t\t\t\t\r\n\t\t\t\t\t<div class=\"section-title style2 \">\r\n\t\t\t\t \r\n\t\t\t\t\t<h5 class=\"subtitle\">Den Kindern gewidmete Aufmerksamkeit<\/h5>\r\n\t\t\t\t\t\t\t\t\r\n\t\t\t\t \r\n\t\t\t\t\t<h3 class=\"title\">Ferien mit Kindern<\/h3>\r\n\t\t\t\t\t\t\t\t\r\n\t\t\t\t\t\t\t<\/div>\r\n\r\n\t\t\r\n\t\t\t\t\t\t<\/div>\n\t\t\t\t<\/div>\n\t\t\t\t<div class=\"elementor-element elementor-element-3a604e5 elementor-widget elementor-widget-text-editor\" data-id=\"3a604e5\" data-element_type=\"widget\" data-e-type=\"widget\" data-widget_type=\"text-editor.default\">\n\t\t\t\t<div class=\"elementor-widget-container\">\n\t\t\t\t\t\t\t\t\t<p>Das Hotel dei Coralli legt besonderen Wert auf Familien mit Kindern, um Ihre Bed\u00fcrfnisse zu erf\u00fcllen und Ihnen einen erholsamen Urlaub zu garantieren.<br \/>Wir bieten ein einzigartiges Erlebnis f\u00fcr die ganze Familie, das maximale Entspannung f\u00fcr die Eltern und endlosen Spa\u00df f\u00fcr die Kleinen vereint. Eine unserer gro\u00dfartigen Innovationen ist die Unterhaltung: Kinder ab 4 Jahren finden den ganzen Tag \u00fcber Bezugspunkte mit Spielen, besonderen Veranstaltungen und Aktivit\u00e4ten, die ihren Urlaub unvergesslich machen. Dank unserer gro\u00dfen Freizeitfl\u00e4chen k\u00f6nnen sie Tennis oder Fu\u00dfball lernen, Spa\u00df im Pool haben und neue Freunde finden.<\/p>\t\t\t\t\t\t\t\t<\/div>\n\t\t\t\t<\/div>\n\t\t\t\t<div class=\"elementor-element elementor-element-b6d1f5a elementor-widget elementor-widget-text-editor\" data-id=\"b6d1f5a\" data-element_type=\"widget\" data-e-type=\"widget\" data-widget_type=\"text-editor.default\">\n\t\t\t\t<div class=\"elementor-widget-container\">\n\t\t\t\t\t\t\t\t\t<p>Die N\u00e4he zum Strand, der \u00fcber einen angenehmen Spaziergang durch den Pinienwald erreichbar ist, macht unser Hotel zu einem idealen Ort f\u00fcr Kinder jeden Alters. Eltern haben in der Zwischenzeit die M\u00f6glichkeit, sich in vollen Z\u00fcgen zu entspannen und die Ruhe unserer R\u00e4umlichkeiten zu genie\u00dfen, w\u00e4hrend ihre Kleinen in guten H\u00e4nden sind.<\/p>\t\t\t\t\t\t\t\t<\/div>\n\t\t\t\t<\/div>\n\t\t\t\t<div class=\"elementor-element elementor-element-e2a23ad elementor-widget elementor-widget-text-editor\" data-id=\"e2a23ad\" data-element_type=\"widget\" data-e-type=\"widget\" data-widget_type=\"text-editor.default\">\n\t\t\t\t<div class=\"elementor-widget-container\">\n\t\t\t\t\t\t\t\t\t<p>Unser Restaurant bietet Babymen\u00fcs, perfekt f\u00fcr die Kleinen, und auf Anfrage bereiten wir jederzeit zus\u00e4tzliche Gerichte zu. Im Sommer besteht die M\u00f6glichkeit, am Pool mit einem \u00c0-la-carte-Men\u00fc zu Mittag zu essen oder unsere Pinsa zu genie\u00dfen.<\/p>\t\t\t\t\t\t\t\t<\/div>\n\t\t\t\t<\/div>\n\t\t\t\t<div class=\"elementor-element elementor-element-21fac40 elementor-widget elementor-widget-text-editor\" data-id=\"21fac40\" data-element_type=\"widget\" data-e-type=\"widget\" data-widget_type=\"text-editor.default\">\n\t\t\t\t<div class=\"elementor-widget-container\">\n\t\t\t\t\t\t\t\t\t<p>Unser Hotel ist von einem gepflegten und umz\u00e4unten Park umgeben, ideal f\u00fcr die Sicherheit von Kindern. Dank der N\u00e4he zum Zentrum von Marina di Campo, das bequem zu Fu\u00df oder mit dem Fahrrad \u00fcber eine Fu\u00dfg\u00e4ngerzone erreichbar ist, haben Sie alles immer zur Hand. Wir bieten auch Fahrr\u00e4der f\u00fcr Familien an, einige mit Kindersitzen f\u00fcr die Kleinen, um die Gegend in v\u00f6lliger Freiheit zu erkunden. Kommen Sie und erleben Sie einen Familienurlaub im Hotel dei Coralli, wo Ihre Kinder Spa\u00df haben und Sie endlich entspannen k\u00f6nnen!<\/p>\t\t\t\t\t\t\t\t<\/div>\n\t\t\t\t<\/div>\n\t\t\t\t<\/div>\n\t\t\t\t<\/div>\n\t\t\t\t\t<\/div>\n\t\t\t\t<\/div>\n\t\t<div class=\"elementor-element elementor-element-9c76b6f e-flex e-con-boxed e-con e-parent\" data-id=\"9c76b6f\" data-element_type=\"container\" data-e-type=\"container\" data-settings=\"{&quot;background_background&quot;:&quot;classic&quot;}\">\n\t\t\t\t\t<div class=\"e-con-inner\">\n\t\t<div class=\"elementor-element elementor-element-9aea207 e-con-full e-flex e-con e-child\" data-id=\"9aea207\" data-element_type=\"container\" data-e-type=\"container\">\n\t\t\t\t<div class=\"elementor-element elementor-element-5606034 elementor-arrows-position-inside elementor-pagination-position-outside elementor-widget elementor-widget-image-carousel\" data-id=\"5606034\" data-element_type=\"widget\" data-e-type=\"widget\" data-settings=\"{&quot;slides_to_show&quot;:&quot;4&quot;,&quot;image_spacing_custom&quot;:{&quot;unit&quot;:&quot;px&quot;,&quot;size&quot;:15,&quot;sizes&quot;:[]},&quot;navigation&quot;:&quot;both&quot;,&quot;speed&quot;:500,&quot;image_spacing_custom_tablet&quot;:{&quot;unit&quot;:&quot;px&quot;,&quot;size&quot;:&quot;&quot;,&quot;sizes&quot;:[]},&quot;image_spacing_custom_mobile&quot;:{&quot;unit&quot;:&quot;px&quot;,&quot;size&quot;:&quot;&quot;,&quot;sizes&quot;:[]}}\" data-widget_type=\"image-carousel.default\">\n\t\t\t\t<div class=\"elementor-widget-container\">\n\t\t\t\t\t\t\t<div class=\"elementor-image-carousel-wrapper swiper\" role=\"region\" aria-roledescription=\"carousel\" aria-label=\"Carosello d&#039;immagini\" dir=\"ltr\">\n\t\t\t<div class=\"elementor-image-carousel swiper-wrapper\" aria-live=\"polite\">\n\t\t\t\t\t\t\t\t<div class=\"swiper-slide\" role=\"group\" aria-roledescription=\"slide\" aria-label=\"1 von 9\"><a data-elementor-open-lightbox=\"yes\" data-elementor-lightbox-slideshow=\"5606034\" data-elementor-lightbox-title=\"Vacanza con bambini Elba\" data-e-action-hash=\"#elementor-action%3Aaction%3Dlightbox%26settings%3DeyJpZCI6MTI2NDQsInVybCI6Imh0dHBzOlwvXC93d3cuaG90ZWxkZWljb3JhbGxpLml0XC93cC1jb250ZW50XC91cGxvYWRzXC9naW9jaGlfMDUuanBnIiwic2xpZGVzaG93IjoiNTYwNjAzNCJ9\" href=\"https:\/\/www.hoteldeicoralli.it\/wp-content\/uploads\/giochi_05.jpg\"><figure class=\"swiper-slide-inner\"><img decoding=\"async\" class=\"swiper-slide-image\" src=\"https:\/\/www.hoteldeicoralli.it\/wp-content\/uploads\/giochi_05-300x195.jpg\" alt=\"Vacanza con bambini Elba\" \/><\/figure><\/a><\/div><div class=\"swiper-slide\" role=\"group\" aria-roledescription=\"slide\" aria-label=\"2 von 9\"><a data-elementor-open-lightbox=\"yes\" data-elementor-lightbox-slideshow=\"5606034\" data-elementor-lightbox-title=\"Giochi per bambini\" data-e-action-hash=\"#elementor-action%3Aaction%3Dlightbox%26settings%3DeyJpZCI6MTI1OTksInVybCI6Imh0dHBzOlwvXC93d3cuaG90ZWxkZWljb3JhbGxpLml0XC93cC1jb250ZW50XC91cGxvYWRzXC9naW9jaGlfMDEuanBnIiwic2xpZGVzaG93IjoiNTYwNjAzNCJ9\" href=\"https:\/\/www.hoteldeicoralli.it\/wp-content\/uploads\/giochi_01.jpg\"><figure class=\"swiper-slide-inner\"><img decoding=\"async\" class=\"swiper-slide-image\" src=\"https:\/\/www.hoteldeicoralli.it\/wp-content\/uploads\/giochi_01-300x195.jpg\" alt=\"Giochi per bambini\" \/><\/figure><\/a><\/div><div class=\"swiper-slide\" role=\"group\" aria-roledescription=\"slide\" aria-label=\"3 von 9\"><a data-elementor-open-lightbox=\"yes\" data-elementor-lightbox-slideshow=\"5606034\" data-elementor-lightbox-title=\"Giochi per bambini\" data-e-action-hash=\"#elementor-action%3Aaction%3Dlightbox%26settings%3DeyJpZCI6MTI2MDIsInVybCI6Imh0dHBzOlwvXC93d3cuaG90ZWxkZWljb3JhbGxpLml0XC93cC1jb250ZW50XC91cGxvYWRzXC9naW9jaGlfMDIuanBnIiwic2xpZGVzaG93IjoiNTYwNjAzNCJ9\" href=\"https:\/\/www.hoteldeicoralli.it\/wp-content\/uploads\/giochi_02.jpg\"><figure class=\"swiper-slide-inner\"><img decoding=\"async\" class=\"swiper-slide-image\" src=\"https:\/\/www.hoteldeicoralli.it\/wp-content\/uploads\/giochi_02-300x195.jpg\" alt=\"Giochi per bambini\" \/><\/figure><\/a><\/div><div class=\"swiper-slide\" role=\"group\" aria-roledescription=\"slide\" aria-label=\"4 von 9\"><a data-elementor-open-lightbox=\"yes\" data-elementor-lightbox-slideshow=\"5606034\" data-elementor-lightbox-title=\"Giochi per bambini\" data-e-action-hash=\"#elementor-action%3Aaction%3Dlightbox%26settings%3DeyJpZCI6MTI2MDUsInVybCI6Imh0dHBzOlwvXC93d3cuaG90ZWxkZWljb3JhbGxpLml0XC93cC1jb250ZW50XC91cGxvYWRzXC9naW9jaGlfMDMuanBnIiwic2xpZGVzaG93IjoiNTYwNjAzNCJ9\" href=\"https:\/\/www.hoteldeicoralli.it\/wp-content\/uploads\/giochi_03.jpg\"><figure class=\"swiper-slide-inner\"><img decoding=\"async\" class=\"swiper-slide-image\" src=\"https:\/\/www.hoteldeicoralli.it\/wp-content\/uploads\/giochi_03-300x195.jpg\" alt=\"Giochi per bambini\" \/><\/figure><\/a><\/div><div class=\"swiper-slide\" role=\"group\" aria-roledescription=\"slide\" aria-label=\"5 von 9\"><a data-elementor-open-lightbox=\"yes\" data-elementor-lightbox-slideshow=\"5606034\" data-elementor-lightbox-title=\"Giochi per bambini\" data-e-action-hash=\"#elementor-action%3Aaction%3Dlightbox%26settings%3DeyJpZCI6MTI2MDgsInVybCI6Imh0dHBzOlwvXC93d3cuaG90ZWxkZWljb3JhbGxpLml0XC93cC1jb250ZW50XC91cGxvYWRzXC9naW9jaGlfMDQuanBnIiwic2xpZGVzaG93IjoiNTYwNjAzNCJ9\" href=\"https:\/\/www.hoteldeicoralli.it\/wp-content\/uploads\/giochi_04.jpg\"><figure class=\"swiper-slide-inner\"><img decoding=\"async\" class=\"swiper-slide-image\" src=\"https:\/\/www.hoteldeicoralli.it\/wp-content\/uploads\/giochi_04-300x195.jpg\" alt=\"Giochi per bambini\" \/><\/figure><\/a><\/div><div class=\"swiper-slide\" role=\"group\" aria-roledescription=\"slide\" aria-label=\"6 von 9\"><a data-elementor-open-lightbox=\"yes\" data-elementor-lightbox-slideshow=\"5606034\" data-elementor-lightbox-title=\"Piscina Hotel dei Coralli\" data-e-action-hash=\"#elementor-action%3Aaction%3Dlightbox%26settings%3DeyJpZCI6MTI1ODcsInVybCI6Imh0dHBzOlwvXC93d3cuaG90ZWxkZWljb3JhbGxpLml0XC93cC1jb250ZW50XC91cGxvYWRzXC9waXNjaW5hXzA3LmpwZyIsInNsaWRlc2hvdyI6IjU2MDYwMzQifQ%3D%3D\" href=\"https:\/\/www.hoteldeicoralli.it\/wp-content\/uploads\/piscina_07.jpg\"><figure class=\"swiper-slide-inner\"><img decoding=\"async\" class=\"swiper-slide-image\" src=\"https:\/\/www.hoteldeicoralli.it\/wp-content\/uploads\/piscina_07-300x195.jpg\" alt=\"Piscina Hotel dei Coralli\" \/><\/figure><\/a><\/div><div class=\"swiper-slide\" role=\"group\" aria-roledescription=\"slide\" aria-label=\"7 von 9\"><a data-elementor-open-lightbox=\"yes\" data-elementor-lightbox-slideshow=\"5606034\" data-elementor-lightbox-title=\"Piscina Hotel dei Coralli\" data-e-action-hash=\"#elementor-action%3Aaction%3Dlightbox%26settings%3DeyJpZCI6MTI1NzUsInVybCI6Imh0dHBzOlwvXC93d3cuaG90ZWxkZWljb3JhbGxpLml0XC93cC1jb250ZW50XC91cGxvYWRzXC9waXNjaW5hXzAzLmpwZyIsInNsaWRlc2hvdyI6IjU2MDYwMzQifQ%3D%3D\" href=\"https:\/\/www.hoteldeicoralli.it\/wp-content\/uploads\/piscina_03.jpg\"><figure class=\"swiper-slide-inner\"><img decoding=\"async\" class=\"swiper-slide-image\" src=\"https:\/\/www.hoteldeicoralli.it\/wp-content\/uploads\/piscina_03-300x195.jpg\" alt=\"Piscina Hotel dei Coralli\" \/><\/figure><\/a><\/div><div class=\"swiper-slide\" role=\"group\" aria-roledescription=\"slide\" aria-label=\"8 von 9\"><a data-elementor-open-lightbox=\"yes\" data-elementor-lightbox-slideshow=\"5606034\" data-elementor-lightbox-title=\"Tennis\" data-e-action-hash=\"#elementor-action%3Aaction%3Dlightbox%26settings%3DeyJpZCI6MTI1NjMsInVybCI6Imh0dHBzOlwvXC93d3cuaG90ZWxkZWljb3JhbGxpLml0XC93cC1jb250ZW50XC91cGxvYWRzXC90ZW5uaXNfMDIuanBnIiwic2xpZGVzaG93IjoiNTYwNjAzNCJ9\" href=\"https:\/\/www.hoteldeicoralli.it\/wp-content\/uploads\/tennis_02.jpg\"><figure class=\"swiper-slide-inner\"><img decoding=\"async\" class=\"swiper-slide-image\" src=\"https:\/\/www.hoteldeicoralli.it\/wp-content\/uploads\/tennis_02-300x195.jpg\" alt=\"Tennis\" \/><\/figure><\/a><\/div><div class=\"swiper-slide\" role=\"group\" aria-roledescription=\"slide\" aria-label=\"9 von 9\"><a data-elementor-open-lightbox=\"yes\" data-elementor-lightbox-slideshow=\"5606034\" data-elementor-lightbox-title=\"Calcetto\" data-e-action-hash=\"#elementor-action%3Aaction%3Dlightbox%26settings%3DeyJpZCI6MTI1NDUsInVybCI6Imh0dHBzOlwvXC93d3cuaG90ZWxkZWljb3JhbGxpLml0XC93cC1jb250ZW50XC91cGxvYWRzXC9jYWxjZXR0b18wMS5qcGciLCJzbGlkZXNob3ciOiI1NjA2MDM0In0%3D\" href=\"https:\/\/www.hoteldeicoralli.it\/wp-content\/uploads\/calcetto_01.jpg\"><figure class=\"swiper-slide-inner\"><img decoding=\"async\" class=\"swiper-slide-image\" src=\"https:\/\/www.hoteldeicoralli.it\/wp-content\/uploads\/calcetto_01-300x195.jpg\" alt=\"Calcetto\" \/><\/figure><\/a><\/div>\t\t\t<\/div>\n\t\t\t\t\t\t\t\t\t\t\t\t<div class=\"elementor-swiper-button elementor-swiper-button-prev\" role=\"button\" tabindex=\"0\">\n\t\t\t\t\t\t<svg aria-hidden=\"true\" class=\"e-font-icon-svg e-eicon-chevron-left\" viewBox=\"0 0 1000 1000\" xmlns=\"http:\/\/www.w3.org\/2000\/svg\"><path d=\"M646 125C629 125 613 133 604 142L308 442C296 454 292 471 292 487 292 504 296 521 308 533L604 854C617 867 629 875 646 875 663 875 679 871 692 858 704 846 713 829 713 812 713 796 708 779 692 767L438 487 692 225C700 217 708 204 708 187 708 171 704 154 692 142 675 129 663 125 646 125Z\"><\/path><\/svg>\t\t\t\t\t<\/div>\n\t\t\t\t\t<div class=\"elementor-swiper-button elementor-swiper-button-next\" role=\"button\" tabindex=\"0\">\n\t\t\t\t\t\t<svg aria-hidden=\"true\" class=\"e-font-icon-svg e-eicon-chevron-right\" viewBox=\"0 0 1000 1000\" xmlns=\"http:\/\/www.w3.org\/2000\/svg\"><path d=\"M696 533C708 521 713 504 713 487 713 471 708 454 696 446L400 146C388 133 375 125 354 125 338 125 325 129 313 142 300 154 292 171 292 187 292 204 296 221 308 233L563 492 304 771C292 783 288 800 288 817 288 833 296 850 308 863 321 871 338 875 354 875 371 875 388 867 400 854L696 533Z\"><\/path><\/svg>\t\t\t\t\t<\/div>\n\t\t\t\t\n\t\t\t\t\t\t\t\t\t<div class=\"swiper-pagination\"><\/div>\n\t\t\t\t\t\t\t\t\t<\/div>\n\t\t\t\t\t\t<\/div>\n\t\t\t\t<\/div>\n\t\t\t\t<\/div>\n\t\t\t\t\t<\/div>\n\t\t\t\t<\/div>\n\t\t\t\t<\/div>\n\t\t","protected":false},"excerpt":{"rendered":"<p>Den Kindern gewidmete Aufmerksamkeit Ferien mit Kindern Das Hotel dei Coralli legt besonderen Wert auf Familien mit Kindern, um Ihre Bed\u00fcrfnisse zu erf\u00fcllen und Ihnen einen erholsamen Urlaub zu garantieren.Wir bieten ein einzigartiges Erlebnis f\u00fcr die ganze Familie, das maximale Entspannung f\u00fcr die Eltern und endlosen Spa\u00df f\u00fcr die Kleinen vereint. Eine unserer gro\u00dfartigen Innovationen [&hellip;]<\/p>\n","protected":false},"author":1,"featured_media":0,"parent":0,"menu_order":7,"comment_status":"closed","ping_status":"closed","template":"page-templates\/template-default.php","meta":{"_mo_disable_npp":"","footnotes":""},"class_list":["post-13078","page","type-page","status-publish","hentry"],"yoast_head":"<!-- This site is optimized with the Yoast SEO plugin v27.1.1 - https:\/\/yoast.com\/product\/yoast-seo-wordpress\/ -->\n<title>Ferien mit Kindern - Hotel dei Coralli, Insel Elba<\/title>\n<meta name=\"description\" content=\"Das Hotel dei Coralli legt besonderen Wert auf Familien mit Kindern, um Ihre Bed\u00fcrfnisse zu erf\u00fcllen und Ihnen einen erholsamen Urlaub zu garantieren.\" \/>\n<meta name=\"robots\" content=\"index, follow, max-snippet:-1, max-image-preview:large, max-video-preview:-1\" \/>\n<link rel=\"canonical\" href=\"https:\/\/www.hoteldeicoralli.it\/de\/ferien-mit-kindern\/\" \/>\n<meta property=\"og:locale\" content=\"de_DE\" \/>\n<meta property=\"og:type\" content=\"article\" \/>\n<meta property=\"og:title\" content=\"Ferien mit Kindern - Hotel dei Coralli, Insel Elba\" \/>\n<meta property=\"og:description\" content=\"Das Hotel dei Coralli legt besonderen Wert auf Familien mit Kindern, um Ihre Bed\u00fcrfnisse zu erf\u00fcllen und Ihnen einen erholsamen Urlaub zu garantieren.\" \/>\n<meta property=\"og:url\" content=\"https:\/\/www.hoteldeicoralli.it\/de\/ferien-mit-kindern\/\" \/>\n<meta property=\"og:site_name\" content=\"Hotel dei Coralli\" \/>\n<meta property=\"article:publisher\" content=\"https:\/\/www.facebook.com\/hoteldeicoralli\" \/>\n<meta property=\"article:modified_time\" content=\"2025-02-28T07:40:57+00:00\" \/>\n<meta property=\"og:image\" content=\"https:\/\/www.hoteldeicoralli.it\/wp-content\/uploads\/giochi_05-300x195.jpg\" \/>\n<meta name=\"twitter:card\" content=\"summary_large_image\" \/>\n<meta name=\"twitter:label1\" content=\"Gesch\u00e4tzte Lesezeit\" \/>\n\t<meta name=\"twitter:data1\" content=\"2\u00a0Minuten\" \/>\n<script type=\"application\/ld+json\" class=\"yoast-schema-graph\">{\"@context\":\"https:\/\/schema.org\",\"@graph\":[{\"@type\":\"WebPage\",\"@id\":\"https:\/\/www.hoteldeicoralli.it\/de\/ferien-mit-kindern\/\",\"url\":\"https:\/\/www.hoteldeicoralli.it\/de\/ferien-mit-kindern\/\",\"name\":\"Ferien mit Kindern - Hotel dei Coralli, Insel Elba\",\"isPartOf\":{\"@id\":\"https:\/\/www.hoteldeicoralli.it\/de\/#website\"},\"primaryImageOfPage\":{\"@id\":\"https:\/\/www.hoteldeicoralli.it\/de\/ferien-mit-kindern\/#primaryimage\"},\"image\":{\"@id\":\"https:\/\/www.hoteldeicoralli.it\/de\/ferien-mit-kindern\/#primaryimage\"},\"thumbnailUrl\":\"https:\/\/www.hoteldeicoralli.it\/wp-content\/uploads\/giochi_05-300x195.jpg\",\"datePublished\":\"2025-01-29T15:10:24+00:00\",\"dateModified\":\"2025-02-28T07:40:57+00:00\",\"description\":\"Das Hotel dei Coralli legt besonderen Wert auf Familien mit Kindern, um Ihre Bed\u00fcrfnisse zu erf\u00fcllen und Ihnen einen erholsamen Urlaub zu garantieren.\",\"breadcrumb\":{\"@id\":\"https:\/\/www.hoteldeicoralli.it\/de\/ferien-mit-kindern\/#breadcrumb\"},\"inLanguage\":\"de\",\"potentialAction\":[{\"@type\":\"ReadAction\",\"target\":[\"https:\/\/www.hoteldeicoralli.it\/de\/ferien-mit-kindern\/\"]}]},{\"@type\":\"ImageObject\",\"inLanguage\":\"de\",\"@id\":\"https:\/\/www.hoteldeicoralli.it\/de\/ferien-mit-kindern\/#primaryimage\",\"url\":\"https:\/\/www.hoteldeicoralli.it\/wp-content\/uploads\/giochi_05-300x195.jpg\",\"contentUrl\":\"https:\/\/www.hoteldeicoralli.it\/wp-content\/uploads\/giochi_05-300x195.jpg\"},{\"@type\":\"BreadcrumbList\",\"@id\":\"https:\/\/www.hoteldeicoralli.it\/de\/ferien-mit-kindern\/#breadcrumb\",\"itemListElement\":[{\"@type\":\"ListItem\",\"position\":1,\"name\":\"Home\",\"item\":\"https:\/\/www.hoteldeicoralli.it\/de\/\"},{\"@type\":\"ListItem\",\"position\":2,\"name\":\"Ferien mit Kindern\"}]},{\"@type\":\"WebSite\",\"@id\":\"https:\/\/www.hoteldeicoralli.it\/de\/#website\",\"url\":\"https:\/\/www.hoteldeicoralli.it\/de\/\",\"name\":\"Hotel dei Coralli\",\"description\":\"Insel Elba\",\"publisher\":{\"@id\":\"https:\/\/www.hoteldeicoralli.it\/de\/#organization\"},\"potentialAction\":[{\"@type\":\"SearchAction\",\"target\":{\"@type\":\"EntryPoint\",\"urlTemplate\":\"https:\/\/www.hoteldeicoralli.it\/de\/?s={search_term_string}\"},\"query-input\":{\"@type\":\"PropertyValueSpecification\",\"valueRequired\":true,\"valueName\":\"search_term_string\"}}],\"inLanguage\":\"de\"},{\"@type\":\"Organization\",\"@id\":\"https:\/\/www.hoteldeicoralli.it\/de\/#organization\",\"name\":\"Selci Enrico Srl\",\"url\":\"https:\/\/www.hoteldeicoralli.it\/de\/\",\"logo\":{\"@type\":\"ImageObject\",\"inLanguage\":\"de\",\"@id\":\"https:\/\/www.hoteldeicoralli.it\/de\/#\/schema\/logo\/image\/\",\"url\":\"https:\/\/www.hoteldeicoralli.it\/wp-content\/uploads\/hotel_dei_coralli_vertical.png\",\"contentUrl\":\"https:\/\/www.hoteldeicoralli.it\/wp-content\/uploads\/hotel_dei_coralli_vertical.png\",\"width\":400,\"height\":316,\"caption\":\"Selci Enrico Srl\"},\"image\":{\"@id\":\"https:\/\/www.hoteldeicoralli.it\/de\/#\/schema\/logo\/image\/\"},\"sameAs\":[\"https:\/\/www.facebook.com\/hoteldeicoralli\",\"https:\/\/www.instagram.com\/hoteldeicoralli\/\"]}]}<\/script>\n<!-- \/ Yoast SEO plugin. -->","yoast_head_json":{"title":"Ferien mit Kindern - Hotel dei Coralli, Insel Elba","description":"Das Hotel dei Coralli legt besonderen Wert auf Familien mit Kindern, um Ihre Bed\u00fcrfnisse zu erf\u00fcllen und Ihnen einen erholsamen Urlaub zu garantieren.","robots":{"index":"index","follow":"follow","max-snippet":"max-snippet:-1","max-image-preview":"max-image-preview:large","max-video-preview":"max-video-preview:-1"},"canonical":"https:\/\/www.hoteldeicoralli.it\/de\/ferien-mit-kindern\/","og_locale":"de_DE","og_type":"article","og_title":"Ferien mit Kindern - Hotel dei Coralli, Insel Elba","og_description":"Das Hotel dei Coralli legt besonderen Wert auf Familien mit Kindern, um Ihre Bed\u00fcrfnisse zu erf\u00fcllen und Ihnen einen erholsamen Urlaub zu garantieren.","og_url":"https:\/\/www.hoteldeicoralli.it\/de\/ferien-mit-kindern\/","og_site_name":"Hotel dei Coralli","article_publisher":"https:\/\/www.facebook.com\/hoteldeicoralli","article_modified_time":"2025-02-28T07:40:57+00:00","og_image":[{"url":"https:\/\/www.hoteldeicoralli.it\/wp-content\/uploads\/giochi_05-300x195.jpg","type":"","width":"","height":""}],"twitter_card":"summary_large_image","twitter_misc":{"Gesch\u00e4tzte Lesezeit":"2\u00a0Minuten"},"schema":{"@context":"https:\/\/schema.org","@graph":[{"@type":"WebPage","@id":"https:\/\/www.hoteldeicoralli.it\/de\/ferien-mit-kindern\/","url":"https:\/\/www.hoteldeicoralli.it\/de\/ferien-mit-kindern\/","name":"Ferien mit Kindern - Hotel dei Coralli, Insel Elba","isPartOf":{"@id":"https:\/\/www.hoteldeicoralli.it\/de\/#website"},"primaryImageOfPage":{"@id":"https:\/\/www.hoteldeicoralli.it\/de\/ferien-mit-kindern\/#primaryimage"},"image":{"@id":"https:\/\/www.hoteldeicoralli.it\/de\/ferien-mit-kindern\/#primaryimage"},"thumbnailUrl":"https:\/\/www.hoteldeicoralli.it\/wp-content\/uploads\/giochi_05-300x195.jpg","datePublished":"2025-01-29T15:10:24+00:00","dateModified":"2025-02-28T07:40:57+00:00","description":"Das Hotel dei Coralli legt besonderen Wert auf Familien mit Kindern, um Ihre Bed\u00fcrfnisse zu erf\u00fcllen und Ihnen einen erholsamen Urlaub zu garantieren.","breadcrumb":{"@id":"https:\/\/www.hoteldeicoralli.it\/de\/ferien-mit-kindern\/#breadcrumb"},"inLanguage":"de","potentialAction":[{"@type":"ReadAction","target":["https:\/\/www.hoteldeicoralli.it\/de\/ferien-mit-kindern\/"]}]},{"@type":"ImageObject","inLanguage":"de","@id":"https:\/\/www.hoteldeicoralli.it\/de\/ferien-mit-kindern\/#primaryimage","url":"https:\/\/www.hoteldeicoralli.it\/wp-content\/uploads\/giochi_05-300x195.jpg","contentUrl":"https:\/\/www.hoteldeicoralli.it\/wp-content\/uploads\/giochi_05-300x195.jpg"},{"@type":"BreadcrumbList","@id":"https:\/\/www.hoteldeicoralli.it\/de\/ferien-mit-kindern\/#breadcrumb","itemListElement":[{"@type":"ListItem","position":1,"name":"Home","item":"https:\/\/www.hoteldeicoralli.it\/de\/"},{"@type":"ListItem","position":2,"name":"Ferien mit Kindern"}]},{"@type":"WebSite","@id":"https:\/\/www.hoteldeicoralli.it\/de\/#website","url":"https:\/\/www.hoteldeicoralli.it\/de\/","name":"Hotel dei Coralli","description":"Insel Elba","publisher":{"@id":"https:\/\/www.hoteldeicoralli.it\/de\/#organization"},"potentialAction":[{"@type":"SearchAction","target":{"@type":"EntryPoint","urlTemplate":"https:\/\/www.hoteldeicoralli.it\/de\/?s={search_term_string}"},"query-input":{"@type":"PropertyValueSpecification","valueRequired":true,"valueName":"search_term_string"}}],"inLanguage":"de"},{"@type":"Organization","@id":"https:\/\/www.hoteldeicoralli.it\/de\/#organization","name":"Selci Enrico Srl","url":"https:\/\/www.hoteldeicoralli.it\/de\/","logo":{"@type":"ImageObject","inLanguage":"de","@id":"https:\/\/www.hoteldeicoralli.it\/de\/#\/schema\/logo\/image\/","url":"https:\/\/www.hoteldeicoralli.it\/wp-content\/uploads\/hotel_dei_coralli_vertical.png","contentUrl":"https:\/\/www.hoteldeicoralli.it\/wp-content\/uploads\/hotel_dei_coralli_vertical.png","width":400,"height":316,"caption":"Selci Enrico Srl"},"image":{"@id":"https:\/\/www.hoteldeicoralli.it\/de\/#\/schema\/logo\/image\/"},"sameAs":["https:\/\/www.facebook.com\/hoteldeicoralli","https:\/\/www.instagram.com\/hoteldeicoralli\/"]}]}},"_links":{"self":[{"href":"https:\/\/www.hoteldeicoralli.it\/de\/wp-json\/wp\/v2\/pages\/13078","targetHints":{"allow":["GET"]}}],"collection":[{"href":"https:\/\/www.hoteldeicoralli.it\/de\/wp-json\/wp\/v2\/pages"}],"about":[{"href":"https:\/\/www.hoteldeicoralli.it\/de\/wp-json\/wp\/v2\/types\/page"}],"author":[{"embeddable":true,"href":"https:\/\/www.hoteldeicoralli.it\/de\/wp-json\/wp\/v2\/users\/1"}],"replies":[{"embeddable":true,"href":"https:\/\/www.hoteldeicoralli.it\/de\/wp-json\/wp\/v2\/comments?post=13078"}],"version-history":[{"count":4,"href":"https:\/\/www.hoteldeicoralli.it\/de\/wp-json\/wp\/v2\/pages\/13078\/revisions"}],"predecessor-version":[{"id":13085,"href":"https:\/\/www.hoteldeicoralli.it\/de\/wp-json\/wp\/v2\/pages\/13078\/revisions\/13085"}],"wp:attachment":[{"href":"https:\/\/www.hoteldeicoralli.it\/de\/wp-json\/wp\/v2\/media?parent=13078"}],"curies":[{"name":"wp","href":"https:\/\/api.w.org\/{rel}","templated":true}]}}