{"id":13107,"date":"2025-01-30T10:51:32","date_gmt":"2025-01-30T09:51:32","guid":{"rendered":"https:\/\/www.hoteldeicoralli.it\/marina-di-campo\/"},"modified":"2025-02-28T10:25:44","modified_gmt":"2025-02-28T09:25:44","slug":"marina-di-campo","status":"publish","type":"page","link":"https:\/\/www.hoteldeicoralli.it\/de\/marina-di-campo\/","title":{"rendered":"Marina di Campo"},"content":{"rendered":"\t\t<div data-elementor-type=\"wp-page\" data-elementor-id=\"13107\" class=\"elementor elementor-13107 elementor-11635\">\n\t\t\t\t<div class=\"elementor-element elementor-element-54c0542 e-flex e-con-boxed e-con e-parent\" data-id=\"54c0542\" data-element_type=\"container\" data-e-type=\"container\">\n\t\t\t\t\t<div class=\"e-con-inner\">\n\t\t<div class=\"elementor-element elementor-element-70abe8b e-con-full e-flex e-con e-child\" data-id=\"70abe8b\" data-element_type=\"container\" data-e-type=\"container\">\n\t\t<div class=\"elementor-element elementor-element-4ad6d75 e-con-full e-flex e-con e-child\" data-id=\"4ad6d75\" data-element_type=\"container\" data-e-type=\"container\">\n\t\t\t\t<div class=\"elementor-element elementor-element-5c0a8fd elementor-widget elementor-widget-section-title\" data-id=\"5c0a8fd\" data-element_type=\"widget\" data-e-type=\"widget\" data-widget_type=\"section-title.default\">\n\t\t\t\t<div class=\"elementor-widget-container\">\n\t\t\t\t\t\r\n\t\t\t\t\t<div class=\"section-title style2 \">\r\n\t\t\t\t \r\n\t\t\t\t\t<h5 class=\"subtitle\">Insel Elba<\/h5>\r\n\t\t\t\t\t\t\t\t\r\n\t\t\t\t \r\n\t\t\t\t\t<h3 class=\"title\">Marina di Campo<\/h3>\r\n\t\t\t\t\t\t\t\t\r\n\t\t\t\t\t\t\t<\/div>\r\n\r\n\t\t\r\n\t\t\t\t\t\t<\/div>\n\t\t\t\t<\/div>\n\t\t\t\t<div class=\"elementor-element elementor-element-3a604e5 elementor-widget elementor-widget-text-editor\" data-id=\"3a604e5\" data-element_type=\"widget\" data-e-type=\"widget\" data-widget_type=\"text-editor.default\">\n\t\t\t\t<div class=\"elementor-widget-container\">\n\t\t\t\t\t\t\t\t\t<p>Marina di Campo ist einer der bekanntesten Ortschaften der Insel Elba. Dank des herrlichen goldenen Sandstrandes und des umliegenden Pinienwaldes hat sich dort als aller erstes der Tourismus entwickelt. Das malerische historische Zentrum von Marina di Campo mit dem Wachturm aus spanischer Zeit und dem kleinen Hafen, von dem aus einst der aus den umliegenden H\u00fcgeln gewonnene Granit exportiert wurde, umrahmen die herrliche Bucht.<\/p>\t\t\t\t\t\t\t\t<\/div>\n\t\t\t\t<\/div>\n\t\t\t\t<div class=\"elementor-element elementor-element-e2a23ad elementor-widget elementor-widget-text-editor\" data-id=\"e2a23ad\" data-element_type=\"widget\" data-e-type=\"widget\" data-widget_type=\"text-editor.default\">\n\t\t\t\t<div class=\"elementor-widget-container\">\n\t\t\t\t\t\t\t\t\t<p>Der Ort Marina di Campo erstreckt sich \u00fcber eine Ebene und ist daher f\u00fcr Familien mit Kindern oder Kinderwagen sehr gut zu Fu\u00df zu erkunden. Um sicher von einer Seite der Bucht zur anderen zu gelangen, wurde ein Fahrradweg angelegt. Dar\u00fcber hinaus sind das charakteristische historische Zentrum und der kleine Hafen f\u00fcr den Verkehr gesperrt und zu jeder Tageszeit bewohnbar.<\/p>\t\t\t\t\t\t\t\t<\/div>\n\t\t\t\t<\/div>\n\t\t\t\t<div class=\"elementor-element elementor-element-21fac40 elementor-widget elementor-widget-text-editor\" data-id=\"21fac40\" data-element_type=\"widget\" data-e-type=\"widget\" data-widget_type=\"text-editor.default\">\n\t\t\t\t<div class=\"elementor-widget-container\">\n\t\t\t\t\t\t\t\t\t<p>Im Sommer sind Gesch\u00e4fte und Boutiquen jeden Abend bis sp\u00e4t in die Nacht ge\u00f6ffnet, die Strandpromenade ist voller St\u00e4nde und Veranstaltungen aller Art finden statt.<\/p>\t\t\t\t\t\t\t\t<\/div>\n\t\t\t\t<\/div>\n\t\t\t\t<div class=\"elementor-element elementor-element-76170f3 elementor-widget elementor-widget-text-editor\" data-id=\"76170f3\" data-element_type=\"widget\" data-e-type=\"widget\" data-widget_type=\"text-editor.default\">\n\t\t\t\t<div class=\"elementor-widget-container\">\n\t\t\t\t\t\t\t\t\t<p>Marina di Campo liegt am Fu\u00dfe zwischen den Bergen Monte Capanne und Monte Perone, die Wanderer dazu einladen, den gut markierten Wegen zu folgen, umgeben vom Duft der mediterranen Macchia, und die kleinen Bergd\u00f6rfer wie San Piero und Sant&#8217;Ilario zu erkunden.<\/p>\t\t\t\t\t\t\t\t<\/div>\n\t\t\t\t<\/div>\n\t\t\t\t<div class=\"elementor-element elementor-element-6b4b007 elementor-widget elementor-widget-text-editor\" data-id=\"6b4b007\" data-element_type=\"widget\" data-e-type=\"widget\" data-widget_type=\"text-editor.default\">\n\t\t\t\t<div class=\"elementor-widget-container\">\n\t\t\t\t\t\t\t\t\t<p>Dank der zentralen Lage sind einige der bekanntesten und sch\u00f6nsten Str\u00e4nde der Insel (Cavoli, Fetovaia, Seccheto) oder die K\u00fcsten der Nordseite in wenigen Minuten mit dem Auto leicht zu erreichen.<\/p>\t\t\t\t\t\t\t\t<\/div>\n\t\t\t\t<\/div>\n\t\t\t\t<div class=\"elementor-element elementor-element-6de1248 elementor-widget elementor-widget-text-editor\" data-id=\"6de1248\" data-element_type=\"widget\" data-e-type=\"widget\" data-widget_type=\"text-editor.default\">\n\t\t\t\t<div class=\"elementor-widget-container\">\n\t\t\t\t\t\t\t\t\t<p>Vom Hafen von Marina di Campo aus starten Ausfl\u00fcge zur Insel Pianosa und Bootsfahrten entlang der S\u00fcdk\u00fcste der Insel.<\/p>\t\t\t\t\t\t\t\t<\/div>\n\t\t\t\t<\/div>\n\t\t\t\t<div class=\"elementor-element elementor-element-f493061 elementor-widget elementor-widget-text-editor\" data-id=\"f493061\" data-element_type=\"widget\" data-e-type=\"widget\" data-widget_type=\"text-editor.default\">\n\t\t\t\t<div class=\"elementor-widget-container\">\n\t\t\t\t\t\t\t\t\t<p>Der Flughafen liegt nur wenige Kilometer von dem Dorf entfernt.<\/p>\t\t\t\t\t\t\t\t<\/div>\n\t\t\t\t<\/div>\n\t\t\t\t<\/div>\n\t\t\t\t<\/div>\n\t\t\t\t\t<\/div>\n\t\t\t\t<\/div>\n\t\t<div class=\"elementor-element elementor-element-9c76b6f e-flex e-con-boxed e-con e-parent\" data-id=\"9c76b6f\" data-element_type=\"container\" data-e-type=\"container\" data-settings=\"{&quot;background_background&quot;:&quot;classic&quot;}\">\n\t\t\t\t\t<div class=\"e-con-inner\">\n\t\t<div class=\"elementor-element elementor-element-9aea207 e-con-full e-flex e-con e-child\" data-id=\"9aea207\" data-element_type=\"container\" data-e-type=\"container\">\n\t\t\t\t<div class=\"elementor-element elementor-element-5606034 elementor-arrows-position-inside elementor-pagination-position-outside elementor-widget elementor-widget-image-carousel\" data-id=\"5606034\" data-element_type=\"widget\" data-e-type=\"widget\" data-settings=\"{&quot;slides_to_show&quot;:&quot;4&quot;,&quot;image_spacing_custom&quot;:{&quot;unit&quot;:&quot;px&quot;,&quot;size&quot;:15,&quot;sizes&quot;:[]},&quot;navigation&quot;:&quot;both&quot;,&quot;speed&quot;:500,&quot;image_spacing_custom_tablet&quot;:{&quot;unit&quot;:&quot;px&quot;,&quot;size&quot;:&quot;&quot;,&quot;sizes&quot;:[]},&quot;image_spacing_custom_mobile&quot;:{&quot;unit&quot;:&quot;px&quot;,&quot;size&quot;:&quot;&quot;,&quot;sizes&quot;:[]}}\" data-widget_type=\"image-carousel.default\">\n\t\t\t\t<div class=\"elementor-widget-container\">\n\t\t\t\t\t\t\t<div class=\"elementor-image-carousel-wrapper swiper\" role=\"region\" aria-roledescription=\"carousel\" aria-label=\"Carosello d&#039;immagini\" dir=\"ltr\">\n\t\t\t<div class=\"elementor-image-carousel swiper-wrapper\" aria-live=\"polite\">\n\t\t\t\t\t\t\t\t<div class=\"swiper-slide\" role=\"group\" aria-roledescription=\"slide\" aria-label=\"1 von 8\"><a data-elementor-open-lightbox=\"yes\" data-elementor-lightbox-slideshow=\"5606034\" data-elementor-lightbox-title=\"Marina di Campo\" data-e-action-hash=\"#elementor-action%3Aaction%3Dlightbox%26settings%3DeyJpZCI6MTI3MTksInVybCI6Imh0dHBzOlwvXC93d3cuaG90ZWxkZWljb3JhbGxpLml0XC93cC1jb250ZW50XC91cGxvYWRzXC9tYXJpbmFfZGlfY2FtcG9fMDEuanBnIiwic2xpZGVzaG93IjoiNTYwNjAzNCJ9\" href=\"https:\/\/www.hoteldeicoralli.it\/wp-content\/uploads\/marina_di_campo_01.jpg\"><figure class=\"swiper-slide-inner\"><img decoding=\"async\" class=\"swiper-slide-image\" src=\"https:\/\/www.hoteldeicoralli.it\/wp-content\/uploads\/marina_di_campo_01-300x195.jpg\" alt=\"Marina di Campo\" \/><\/figure><\/a><\/div><div class=\"swiper-slide\" role=\"group\" aria-roledescription=\"slide\" aria-label=\"2 von 8\"><a data-elementor-open-lightbox=\"yes\" data-elementor-lightbox-slideshow=\"5606034\" data-elementor-lightbox-title=\"Marina di Campo\" data-e-action-hash=\"#elementor-action%3Aaction%3Dlightbox%26settings%3DeyJpZCI6MTI3MjIsInVybCI6Imh0dHBzOlwvXC93d3cuaG90ZWxkZWljb3JhbGxpLml0XC93cC1jb250ZW50XC91cGxvYWRzXC9tYXJpbmFfZGlfY2FtcG9fMDIuanBnIiwic2xpZGVzaG93IjoiNTYwNjAzNCJ9\" href=\"https:\/\/www.hoteldeicoralli.it\/wp-content\/uploads\/marina_di_campo_02.jpg\"><figure class=\"swiper-slide-inner\"><img decoding=\"async\" class=\"swiper-slide-image\" src=\"https:\/\/www.hoteldeicoralli.it\/wp-content\/uploads\/marina_di_campo_02-300x195.jpg\" alt=\"Marina di Campo\" \/><\/figure><\/a><\/div><div class=\"swiper-slide\" role=\"group\" aria-roledescription=\"slide\" aria-label=\"3 von 8\"><a data-elementor-open-lightbox=\"yes\" data-elementor-lightbox-slideshow=\"5606034\" data-elementor-lightbox-title=\"Marina di Campo\" data-e-action-hash=\"#elementor-action%3Aaction%3Dlightbox%26settings%3DeyJpZCI6MTI3MjUsInVybCI6Imh0dHBzOlwvXC93d3cuaG90ZWxkZWljb3JhbGxpLml0XC93cC1jb250ZW50XC91cGxvYWRzXC9tYXJpbmFfZGlfY2FtcG9fMDMuanBnIiwic2xpZGVzaG93IjoiNTYwNjAzNCJ9\" href=\"https:\/\/www.hoteldeicoralli.it\/wp-content\/uploads\/marina_di_campo_03.jpg\"><figure class=\"swiper-slide-inner\"><img decoding=\"async\" class=\"swiper-slide-image\" src=\"https:\/\/www.hoteldeicoralli.it\/wp-content\/uploads\/marina_di_campo_03-300x195.jpg\" alt=\"Marina di Campo\" \/><\/figure><\/a><\/div><div class=\"swiper-slide\" role=\"group\" aria-roledescription=\"slide\" aria-label=\"4 von 8\"><a data-elementor-open-lightbox=\"yes\" data-elementor-lightbox-slideshow=\"5606034\" data-elementor-lightbox-title=\"Marina di Campo\" data-e-action-hash=\"#elementor-action%3Aaction%3Dlightbox%26settings%3DeyJpZCI6MTI3MjgsInVybCI6Imh0dHBzOlwvXC93d3cuaG90ZWxkZWljb3JhbGxpLml0XC93cC1jb250ZW50XC91cGxvYWRzXC9tYXJpbmFfZGlfY2FtcG9fMDQuanBnIiwic2xpZGVzaG93IjoiNTYwNjAzNCJ9\" href=\"https:\/\/www.hoteldeicoralli.it\/wp-content\/uploads\/marina_di_campo_04.jpg\"><figure class=\"swiper-slide-inner\"><img decoding=\"async\" class=\"swiper-slide-image\" src=\"https:\/\/www.hoteldeicoralli.it\/wp-content\/uploads\/marina_di_campo_04-300x195.jpg\" alt=\"Marina di Campo\" \/><\/figure><\/a><\/div><div class=\"swiper-slide\" role=\"group\" aria-roledescription=\"slide\" aria-label=\"5 von 8\"><a data-elementor-open-lightbox=\"yes\" data-elementor-lightbox-slideshow=\"5606034\" data-elementor-lightbox-title=\"Marina di Campo\" data-e-action-hash=\"#elementor-action%3Aaction%3Dlightbox%26settings%3DeyJpZCI6MTI3MzEsInVybCI6Imh0dHBzOlwvXC93d3cuaG90ZWxkZWljb3JhbGxpLml0XC93cC1jb250ZW50XC91cGxvYWRzXC9tYXJpbmFfZGlfY2FtcG9fMDUuanBnIiwic2xpZGVzaG93IjoiNTYwNjAzNCJ9\" href=\"https:\/\/www.hoteldeicoralli.it\/wp-content\/uploads\/marina_di_campo_05.jpg\"><figure class=\"swiper-slide-inner\"><img decoding=\"async\" class=\"swiper-slide-image\" src=\"https:\/\/www.hoteldeicoralli.it\/wp-content\/uploads\/marina_di_campo_05-300x195.jpg\" alt=\"Marina di Campo\" \/><\/figure><\/a><\/div><div class=\"swiper-slide\" role=\"group\" aria-roledescription=\"slide\" aria-label=\"6 von 8\"><a data-elementor-open-lightbox=\"yes\" data-elementor-lightbox-slideshow=\"5606034\" data-elementor-lightbox-title=\"Marina di Campo\" data-e-action-hash=\"#elementor-action%3Aaction%3Dlightbox%26settings%3DeyJpZCI6MTI3MzQsInVybCI6Imh0dHBzOlwvXC93d3cuaG90ZWxkZWljb3JhbGxpLml0XC93cC1jb250ZW50XC91cGxvYWRzXC9tYXJpbmFfZGlfY2FtcG9fMDYuanBnIiwic2xpZGVzaG93IjoiNTYwNjAzNCJ9\" href=\"https:\/\/www.hoteldeicoralli.it\/wp-content\/uploads\/marina_di_campo_06.jpg\"><figure class=\"swiper-slide-inner\"><img decoding=\"async\" class=\"swiper-slide-image\" src=\"https:\/\/www.hoteldeicoralli.it\/wp-content\/uploads\/marina_di_campo_06-300x195.jpg\" alt=\"Marina di Campo\" \/><\/figure><\/a><\/div><div class=\"swiper-slide\" role=\"group\" aria-roledescription=\"slide\" aria-label=\"7 von 8\"><a data-elementor-open-lightbox=\"yes\" data-elementor-lightbox-slideshow=\"5606034\" data-elementor-lightbox-title=\"Marina di Campo\" data-e-action-hash=\"#elementor-action%3Aaction%3Dlightbox%26settings%3DeyJpZCI6MTI3MzcsInVybCI6Imh0dHBzOlwvXC93d3cuaG90ZWxkZWljb3JhbGxpLml0XC93cC1jb250ZW50XC91cGxvYWRzXC9tYXJpbmFfZGlfY2FtcG9fMDcuanBnIiwic2xpZGVzaG93IjoiNTYwNjAzNCJ9\" href=\"https:\/\/www.hoteldeicoralli.it\/wp-content\/uploads\/marina_di_campo_07.jpg\"><figure class=\"swiper-slide-inner\"><img decoding=\"async\" class=\"swiper-slide-image\" src=\"https:\/\/www.hoteldeicoralli.it\/wp-content\/uploads\/marina_di_campo_07-300x195.jpg\" alt=\"Marina di Campo\" \/><\/figure><\/a><\/div><div class=\"swiper-slide\" role=\"group\" aria-roledescription=\"slide\" aria-label=\"8 von 8\"><a data-elementor-open-lightbox=\"yes\" data-elementor-lightbox-slideshow=\"5606034\" data-elementor-lightbox-title=\"Marina di Campo\" data-e-action-hash=\"#elementor-action%3Aaction%3Dlightbox%26settings%3DeyJpZCI6MTI3NDAsInVybCI6Imh0dHBzOlwvXC93d3cuaG90ZWxkZWljb3JhbGxpLml0XC93cC1jb250ZW50XC91cGxvYWRzXC9tYXJpbmFfZGlfY2FtcG9fMDguanBnIiwic2xpZGVzaG93IjoiNTYwNjAzNCJ9\" href=\"https:\/\/www.hoteldeicoralli.it\/wp-content\/uploads\/marina_di_campo_08.jpg\"><figure class=\"swiper-slide-inner\"><img decoding=\"async\" class=\"swiper-slide-image\" src=\"https:\/\/www.hoteldeicoralli.it\/wp-content\/uploads\/marina_di_campo_08-300x195.jpg\" alt=\"Marina di Campo\" \/><\/figure><\/a><\/div>\t\t\t<\/div>\n\t\t\t\t\t\t\t\t\t\t\t\t<div class=\"elementor-swiper-button elementor-swiper-button-prev\" role=\"button\" tabindex=\"0\">\n\t\t\t\t\t\t<svg aria-hidden=\"true\" class=\"e-font-icon-svg e-eicon-chevron-left\" viewBox=\"0 0 1000 1000\" xmlns=\"http:\/\/www.w3.org\/2000\/svg\"><path d=\"M646 125C629 125 613 133 604 142L308 442C296 454 292 471 292 487 292 504 296 521 308 533L604 854C617 867 629 875 646 875 663 875 679 871 692 858 704 846 713 829 713 812 713 796 708 779 692 767L438 487 692 225C700 217 708 204 708 187 708 171 704 154 692 142 675 129 663 125 646 125Z\"><\/path><\/svg>\t\t\t\t\t<\/div>\n\t\t\t\t\t<div class=\"elementor-swiper-button elementor-swiper-button-next\" role=\"button\" tabindex=\"0\">\n\t\t\t\t\t\t<svg aria-hidden=\"true\" class=\"e-font-icon-svg e-eicon-chevron-right\" viewBox=\"0 0 1000 1000\" xmlns=\"http:\/\/www.w3.org\/2000\/svg\"><path d=\"M696 533C708 521 713 504 713 487 713 471 708 454 696 446L400 146C388 133 375 125 354 125 338 125 325 129 313 142 300 154 292 171 292 187 292 204 296 221 308 233L563 492 304 771C292 783 288 800 288 817 288 833 296 850 308 863 321 871 338 875 354 875 371 875 388 867 400 854L696 533Z\"><\/path><\/svg>\t\t\t\t\t<\/div>\n\t\t\t\t\n\t\t\t\t\t\t\t\t\t<div class=\"swiper-pagination\"><\/div>\n\t\t\t\t\t\t\t\t\t<\/div>\n\t\t\t\t\t\t<\/div>\n\t\t\t\t<\/div>\n\t\t\t\t<\/div>\n\t\t\t\t\t<\/div>\n\t\t\t\t<\/div>\n\t\t\t\t<\/div>\n\t\t","protected":false},"excerpt":{"rendered":"<p>Insel Elba Marina di Campo Marina di Campo ist einer der bekanntesten Ortschaften der Insel Elba. Dank des herrlichen goldenen Sandstrandes und des umliegenden Pinienwaldes hat sich dort als aller erstes der Tourismus entwickelt. Das malerische historische Zentrum von Marina di Campo mit dem Wachturm aus spanischer Zeit und dem kleinen Hafen, von dem aus [&hellip;]<\/p>\n","protected":false},"author":1,"featured_media":12629,"parent":0,"menu_order":9,"comment_status":"closed","ping_status":"closed","template":"page-templates\/template-default.php","meta":{"_mo_disable_npp":"","footnotes":""},"class_list":["post-13107","page","type-page","status-publish","has-post-thumbnail","hentry"],"yoast_head":"<!-- This site is optimized with the Yoast SEO plugin v27.1.1 - https:\/\/yoast.com\/product\/yoast-seo-wordpress\/ -->\n<title>Marina di Campo - Hotel dei Coralli, Insel Elba<\/title>\n<meta name=\"description\" content=\"Marina di Campo ist einer der bekanntesten Ortschaften der Insel Elba. Dank des herrlichen goldenen Sandstrandes hat sich dort als aller erstes der Tourismus entwickelt.\" \/>\n<meta name=\"robots\" content=\"index, follow, max-snippet:-1, max-image-preview:large, max-video-preview:-1\" \/>\n<link rel=\"canonical\" href=\"https:\/\/www.hoteldeicoralli.it\/de\/marina-di-campo\/\" \/>\n<meta property=\"og:locale\" content=\"de_DE\" \/>\n<meta property=\"og:type\" content=\"article\" \/>\n<meta property=\"og:title\" content=\"Marina di Campo - Hotel dei Coralli, Insel Elba\" \/>\n<meta property=\"og:description\" content=\"Marina di Campo ist einer der bekanntesten Ortschaften der Insel Elba. Dank des herrlichen goldenen Sandstrandes hat sich dort als aller erstes der Tourismus entwickelt.\" \/>\n<meta property=\"og:url\" content=\"https:\/\/www.hoteldeicoralli.it\/de\/marina-di-campo\/\" \/>\n<meta property=\"og:site_name\" content=\"Hotel dei Coralli\" \/>\n<meta property=\"article:publisher\" content=\"https:\/\/www.facebook.com\/hoteldeicoralli\" \/>\n<meta property=\"article:modified_time\" content=\"2025-02-28T09:25:44+00:00\" \/>\n<meta property=\"og:image\" content=\"https:\/\/www.hoteldeicoralli.it\/wp-content\/uploads\/header_marina_di_campo.jpg\" \/>\n\t<meta property=\"og:image:width\" content=\"1920\" \/>\n\t<meta property=\"og:image:height\" content=\"550\" \/>\n\t<meta property=\"og:image:type\" content=\"image\/jpeg\" \/>\n<meta name=\"twitter:card\" content=\"summary_large_image\" \/>\n<meta name=\"twitter:label1\" content=\"Gesch\u00e4tzte Lesezeit\" \/>\n\t<meta name=\"twitter:data1\" content=\"1\u00a0Minute\" \/>\n<script type=\"application\/ld+json\" class=\"yoast-schema-graph\">{\"@context\":\"https:\/\/schema.org\",\"@graph\":[{\"@type\":\"WebPage\",\"@id\":\"https:\/\/www.hoteldeicoralli.it\/de\/marina-di-campo\/\",\"url\":\"https:\/\/www.hoteldeicoralli.it\/de\/marina-di-campo\/\",\"name\":\"Marina di Campo - Hotel dei Coralli, Insel Elba\",\"isPartOf\":{\"@id\":\"https:\/\/www.hoteldeicoralli.it\/de\/#website\"},\"primaryImageOfPage\":{\"@id\":\"https:\/\/www.hoteldeicoralli.it\/de\/marina-di-campo\/#primaryimage\"},\"image\":{\"@id\":\"https:\/\/www.hoteldeicoralli.it\/de\/marina-di-campo\/#primaryimage\"},\"thumbnailUrl\":\"https:\/\/www.hoteldeicoralli.it\/wp-content\/uploads\/header_marina_di_campo.jpg\",\"datePublished\":\"2025-01-30T09:51:32+00:00\",\"dateModified\":\"2025-02-28T09:25:44+00:00\",\"description\":\"Marina di Campo ist einer der bekanntesten Ortschaften der Insel Elba. Dank des herrlichen goldenen Sandstrandes hat sich dort als aller erstes der Tourismus entwickelt.\",\"breadcrumb\":{\"@id\":\"https:\/\/www.hoteldeicoralli.it\/de\/marina-di-campo\/#breadcrumb\"},\"inLanguage\":\"de\",\"potentialAction\":[{\"@type\":\"ReadAction\",\"target\":[\"https:\/\/www.hoteldeicoralli.it\/de\/marina-di-campo\/\"]}]},{\"@type\":\"ImageObject\",\"inLanguage\":\"de\",\"@id\":\"https:\/\/www.hoteldeicoralli.it\/de\/marina-di-campo\/#primaryimage\",\"url\":\"https:\/\/www.hoteldeicoralli.it\/wp-content\/uploads\/header_marina_di_campo.jpg\",\"contentUrl\":\"https:\/\/www.hoteldeicoralli.it\/wp-content\/uploads\/header_marina_di_campo.jpg\",\"width\":1920,\"height\":550},{\"@type\":\"BreadcrumbList\",\"@id\":\"https:\/\/www.hoteldeicoralli.it\/de\/marina-di-campo\/#breadcrumb\",\"itemListElement\":[{\"@type\":\"ListItem\",\"position\":1,\"name\":\"Home\",\"item\":\"https:\/\/www.hoteldeicoralli.it\/de\/\"},{\"@type\":\"ListItem\",\"position\":2,\"name\":\"Marina di Campo\"}]},{\"@type\":\"WebSite\",\"@id\":\"https:\/\/www.hoteldeicoralli.it\/de\/#website\",\"url\":\"https:\/\/www.hoteldeicoralli.it\/de\/\",\"name\":\"Hotel dei Coralli\",\"description\":\"Insel Elba\",\"publisher\":{\"@id\":\"https:\/\/www.hoteldeicoralli.it\/de\/#organization\"},\"potentialAction\":[{\"@type\":\"SearchAction\",\"target\":{\"@type\":\"EntryPoint\",\"urlTemplate\":\"https:\/\/www.hoteldeicoralli.it\/de\/?s={search_term_string}\"},\"query-input\":{\"@type\":\"PropertyValueSpecification\",\"valueRequired\":true,\"valueName\":\"search_term_string\"}}],\"inLanguage\":\"de\"},{\"@type\":\"Organization\",\"@id\":\"https:\/\/www.hoteldeicoralli.it\/de\/#organization\",\"name\":\"Selci Enrico Srl\",\"url\":\"https:\/\/www.hoteldeicoralli.it\/de\/\",\"logo\":{\"@type\":\"ImageObject\",\"inLanguage\":\"de\",\"@id\":\"https:\/\/www.hoteldeicoralli.it\/de\/#\/schema\/logo\/image\/\",\"url\":\"https:\/\/www.hoteldeicoralli.it\/wp-content\/uploads\/hotel_dei_coralli_vertical.png\",\"contentUrl\":\"https:\/\/www.hoteldeicoralli.it\/wp-content\/uploads\/hotel_dei_coralli_vertical.png\",\"width\":400,\"height\":316,\"caption\":\"Selci Enrico Srl\"},\"image\":{\"@id\":\"https:\/\/www.hoteldeicoralli.it\/de\/#\/schema\/logo\/image\/\"},\"sameAs\":[\"https:\/\/www.facebook.com\/hoteldeicoralli\",\"https:\/\/www.instagram.com\/hoteldeicoralli\/\"]}]}<\/script>\n<!-- \/ Yoast SEO plugin. -->","yoast_head_json":{"title":"Marina di Campo - Hotel dei Coralli, Insel Elba","description":"Marina di Campo ist einer der bekanntesten Ortschaften der Insel Elba. Dank des herrlichen goldenen Sandstrandes hat sich dort als aller erstes der Tourismus entwickelt.","robots":{"index":"index","follow":"follow","max-snippet":"max-snippet:-1","max-image-preview":"max-image-preview:large","max-video-preview":"max-video-preview:-1"},"canonical":"https:\/\/www.hoteldeicoralli.it\/de\/marina-di-campo\/","og_locale":"de_DE","og_type":"article","og_title":"Marina di Campo - Hotel dei Coralli, Insel Elba","og_description":"Marina di Campo ist einer der bekanntesten Ortschaften der Insel Elba. Dank des herrlichen goldenen Sandstrandes hat sich dort als aller erstes der Tourismus entwickelt.","og_url":"https:\/\/www.hoteldeicoralli.it\/de\/marina-di-campo\/","og_site_name":"Hotel dei Coralli","article_publisher":"https:\/\/www.facebook.com\/hoteldeicoralli","article_modified_time":"2025-02-28T09:25:44+00:00","og_image":[{"width":1920,"height":550,"url":"https:\/\/www.hoteldeicoralli.it\/wp-content\/uploads\/header_marina_di_campo.jpg","type":"image\/jpeg"}],"twitter_card":"summary_large_image","twitter_misc":{"Gesch\u00e4tzte Lesezeit":"1\u00a0Minute"},"schema":{"@context":"https:\/\/schema.org","@graph":[{"@type":"WebPage","@id":"https:\/\/www.hoteldeicoralli.it\/de\/marina-di-campo\/","url":"https:\/\/www.hoteldeicoralli.it\/de\/marina-di-campo\/","name":"Marina di Campo - Hotel dei Coralli, Insel Elba","isPartOf":{"@id":"https:\/\/www.hoteldeicoralli.it\/de\/#website"},"primaryImageOfPage":{"@id":"https:\/\/www.hoteldeicoralli.it\/de\/marina-di-campo\/#primaryimage"},"image":{"@id":"https:\/\/www.hoteldeicoralli.it\/de\/marina-di-campo\/#primaryimage"},"thumbnailUrl":"https:\/\/www.hoteldeicoralli.it\/wp-content\/uploads\/header_marina_di_campo.jpg","datePublished":"2025-01-30T09:51:32+00:00","dateModified":"2025-02-28T09:25:44+00:00","description":"Marina di Campo ist einer der bekanntesten Ortschaften der Insel Elba. Dank des herrlichen goldenen Sandstrandes hat sich dort als aller erstes der Tourismus entwickelt.","breadcrumb":{"@id":"https:\/\/www.hoteldeicoralli.it\/de\/marina-di-campo\/#breadcrumb"},"inLanguage":"de","potentialAction":[{"@type":"ReadAction","target":["https:\/\/www.hoteldeicoralli.it\/de\/marina-di-campo\/"]}]},{"@type":"ImageObject","inLanguage":"de","@id":"https:\/\/www.hoteldeicoralli.it\/de\/marina-di-campo\/#primaryimage","url":"https:\/\/www.hoteldeicoralli.it\/wp-content\/uploads\/header_marina_di_campo.jpg","contentUrl":"https:\/\/www.hoteldeicoralli.it\/wp-content\/uploads\/header_marina_di_campo.jpg","width":1920,"height":550},{"@type":"BreadcrumbList","@id":"https:\/\/www.hoteldeicoralli.it\/de\/marina-di-campo\/#breadcrumb","itemListElement":[{"@type":"ListItem","position":1,"name":"Home","item":"https:\/\/www.hoteldeicoralli.it\/de\/"},{"@type":"ListItem","position":2,"name":"Marina di Campo"}]},{"@type":"WebSite","@id":"https:\/\/www.hoteldeicoralli.it\/de\/#website","url":"https:\/\/www.hoteldeicoralli.it\/de\/","name":"Hotel dei Coralli","description":"Insel Elba","publisher":{"@id":"https:\/\/www.hoteldeicoralli.it\/de\/#organization"},"potentialAction":[{"@type":"SearchAction","target":{"@type":"EntryPoint","urlTemplate":"https:\/\/www.hoteldeicoralli.it\/de\/?s={search_term_string}"},"query-input":{"@type":"PropertyValueSpecification","valueRequired":true,"valueName":"search_term_string"}}],"inLanguage":"de"},{"@type":"Organization","@id":"https:\/\/www.hoteldeicoralli.it\/de\/#organization","name":"Selci Enrico Srl","url":"https:\/\/www.hoteldeicoralli.it\/de\/","logo":{"@type":"ImageObject","inLanguage":"de","@id":"https:\/\/www.hoteldeicoralli.it\/de\/#\/schema\/logo\/image\/","url":"https:\/\/www.hoteldeicoralli.it\/wp-content\/uploads\/hotel_dei_coralli_vertical.png","contentUrl":"https:\/\/www.hoteldeicoralli.it\/wp-content\/uploads\/hotel_dei_coralli_vertical.png","width":400,"height":316,"caption":"Selci Enrico Srl"},"image":{"@id":"https:\/\/www.hoteldeicoralli.it\/de\/#\/schema\/logo\/image\/"},"sameAs":["https:\/\/www.facebook.com\/hoteldeicoralli","https:\/\/www.instagram.com\/hoteldeicoralli\/"]}]}},"_links":{"self":[{"href":"https:\/\/www.hoteldeicoralli.it\/de\/wp-json\/wp\/v2\/pages\/13107","targetHints":{"allow":["GET"]}}],"collection":[{"href":"https:\/\/www.hoteldeicoralli.it\/de\/wp-json\/wp\/v2\/pages"}],"about":[{"href":"https:\/\/www.hoteldeicoralli.it\/de\/wp-json\/wp\/v2\/types\/page"}],"author":[{"embeddable":true,"href":"https:\/\/www.hoteldeicoralli.it\/de\/wp-json\/wp\/v2\/users\/1"}],"replies":[{"embeddable":true,"href":"https:\/\/www.hoteldeicoralli.it\/de\/wp-json\/wp\/v2\/comments?post=13107"}],"version-history":[{"count":4,"href":"https:\/\/www.hoteldeicoralli.it\/de\/wp-json\/wp\/v2\/pages\/13107\/revisions"}],"predecessor-version":[{"id":13111,"href":"https:\/\/www.hoteldeicoralli.it\/de\/wp-json\/wp\/v2\/pages\/13107\/revisions\/13111"}],"wp:featuredmedia":[{"embeddable":true,"href":"https:\/\/www.hoteldeicoralli.it\/de\/wp-json\/wp\/v2\/media\/12629"}],"wp:attachment":[{"href":"https:\/\/www.hoteldeicoralli.it\/de\/wp-json\/wp\/v2\/media?parent=13107"}],"curies":[{"name":"wp","href":"https:\/\/api.w.org\/{rel}","templated":true}]}}