{"id":13123,"date":"2025-01-30T10:13:38","date_gmt":"2025-01-30T09:13:38","guid":{"rendered":"https:\/\/www.hoteldeicoralli.it\/spiaggia-di-marina-di-campo\/"},"modified":"2025-02-28T10:46:24","modified_gmt":"2025-02-28T09:46:24","slug":"strand-von-marina-di-campo","status":"publish","type":"page","link":"https:\/\/www.hoteldeicoralli.it\/de\/strand-von-marina-di-campo\/","title":{"rendered":"Strand von Marina di Campo"},"content":{"rendered":"\t\t<div data-elementor-type=\"wp-page\" data-elementor-id=\"13123\" class=\"elementor elementor-13123 elementor-11622\">\n\t\t\t\t<div class=\"elementor-element elementor-element-54c0542 e-flex e-con-boxed e-con e-parent\" data-id=\"54c0542\" data-element_type=\"container\" data-e-type=\"container\">\n\t\t\t\t\t<div class=\"e-con-inner\">\n\t\t<div class=\"elementor-element elementor-element-70abe8b e-con-full e-flex e-con e-child\" data-id=\"70abe8b\" data-element_type=\"container\" data-e-type=\"container\">\n\t\t<div class=\"elementor-element elementor-element-4ad6d75 e-con-full e-flex e-con e-child\" data-id=\"4ad6d75\" data-element_type=\"container\" data-e-type=\"container\">\n\t\t\t\t<div class=\"elementor-element elementor-element-5c0a8fd elementor-widget elementor-widget-section-title\" data-id=\"5c0a8fd\" data-element_type=\"widget\" data-e-type=\"widget\" data-widget_type=\"section-title.default\">\n\t\t\t\t<div class=\"elementor-widget-container\">\n\t\t\t\t\t\r\n\t\t\t\t\t<div class=\"section-title style2 \">\r\n\t\t\t\t \r\n\t\t\t\t\t<h5 class=\"subtitle\">Der Lieblingsstrand f\u00fcr Familien<\/h5>\r\n\t\t\t\t\t\t\t\t\r\n\t\t\t\t \r\n\t\t\t\t\t<h3 class=\"title\">Strand von Marina di Campo<\/h3>\r\n\t\t\t\t\t\t\t\t\r\n\t\t\t\t\t\t\t<\/div>\r\n\r\n\t\t\r\n\t\t\t\t\t\t<\/div>\n\t\t\t\t<\/div>\n\t\t\t\t<div class=\"elementor-element elementor-element-3a604e5 elementor-widget elementor-widget-text-editor\" data-id=\"3a604e5\" data-element_type=\"widget\" data-e-type=\"widget\" data-widget_type=\"text-editor.default\">\n\t\t\t\t<div class=\"elementor-widget-container\">\n\t\t\t\t\t\t\t\t\t<p>Nur 200 m vor unserem Hotel liegt der Strand von Marina di Campo, der Fussweg f\u00fchrt durch einen kleinen Pinienwald. Dies ist der l\u00e4ngste Sandstrand der Insel Elba (1850 m lang). Das klare Wasser wird nur langsam tiefer, weshalb er besonders von Familien mit Kindern bevorzugt wird.<\/p>\t\t\t\t\t\t\t\t<\/div>\n\t\t\t\t<\/div>\n\t\t\t\t<div class=\"elementor-element elementor-element-b6d1f5a elementor-widget elementor-widget-text-editor\" data-id=\"b6d1f5a\" data-element_type=\"widget\" data-e-type=\"widget\" data-widget_type=\"text-editor.default\">\n\t\t\t\t<div class=\"elementor-widget-container\">\n\t\t\t\t\t\t\t\t\t<p>Der Strand \u00fcberblickt den gleichnamigen Golf, in der Mitte der S\u00fcdseite der Insel Elba, mit der Insel Montecristo am Horizont. Der Strand Marina di Campo wird nur von den S\u00fcdwinden beeinflusst.<\/p>\t\t\t\t\t\t\t\t<\/div>\n\t\t\t\t<\/div>\n\t\t\t\t<div class=\"elementor-element elementor-element-e2a23ad elementor-widget elementor-widget-text-editor\" data-id=\"e2a23ad\" data-element_type=\"widget\" data-e-type=\"widget\" data-widget_type=\"text-editor.default\">\n\t\t\t\t<div class=\"elementor-widget-container\">\n\t\t\t\t\t\t\t\t\t<p>Marina di Campo bietet freien Sandstrand (gratis zu benutzen) und auch Badeanstalten mit Liegest\u00fchlen. Ausserdem bietet Marina di Campo verschiedene M\u00f6glichkeiten f\u00fcr Sportbegeisterte: Tauchzentren, Segelschulen, Windsurfverleih und -schulen, Boots- und Tretbootverleih, gef\u00fchrte Kajakausfl\u00fcge. Bars und Restaurants bieten Speis und Trank, ohne dass Sie den Strand verlassen m\u00fcssen.<\/p>\t\t\t\t\t\t\t\t<\/div>\n\t\t\t\t<\/div>\n\t\t\t\t<div class=\"elementor-element elementor-element-21fac40 elementor-widget elementor-widget-text-editor\" data-id=\"21fac40\" data-element_type=\"widget\" data-e-type=\"widget\" data-widget_type=\"text-editor.default\">\n\t\t\t\t<div class=\"elementor-widget-container\">\n\t\t\t\t\t\t\t\t\t<p>Direkt vor dem Hotel dei Coralli gelangt man \u00fcber den Weg, der durch den Pinienwald f\u00fchrt, zum Meer, wo sich hinter dem freien Strand zwei Badeanstalten befinden.<\/p>\t\t\t\t\t\t\t\t<\/div>\n\t\t\t\t<\/div>\n\t\t\t\t<div class=\"elementor-element elementor-element-76170f3 elementor-widget elementor-widget-text-editor\" data-id=\"76170f3\" data-element_type=\"widget\" data-e-type=\"widget\" data-widget_type=\"text-editor.default\">\n\t\t\t\t<div class=\"elementor-widget-container\">\n\t\t\t\t\t\t\t\t\t<p>An Marina di Campo grenzen zwei Buchten: Galenzana (Sand) und Capo Fonza (Steine). Beide k\u00f6nnen entweder auf dem Seeweg (auch mit Tretboot oder Kanu) oder zu Fu\u00df erreicht werden, indem man einen angenehmen Spaziergang auf einem der gut markierten Wege macht, die Sie in die mediterrane Macchia f\u00fchren und Ihnen herrliche Ausblicke auf die Bucht von Marina bieten di Campo.<\/p>\t\t\t\t\t\t\t\t<\/div>\n\t\t\t\t<\/div>\n\t\t\t\t<\/div>\n\t\t\t\t<\/div>\n\t\t\t\t\t<\/div>\n\t\t\t\t<\/div>\n\t\t<div class=\"elementor-element elementor-element-9c76b6f elementor-hidden-desktop elementor-hidden-tablet elementor-hidden-mobile e-flex e-con-boxed e-con e-parent\" data-id=\"9c76b6f\" data-element_type=\"container\" data-e-type=\"container\" data-settings=\"{&quot;background_background&quot;:&quot;classic&quot;}\">\n\t\t\t\t\t<div class=\"e-con-inner\">\n\t\t<div class=\"elementor-element elementor-element-9aea207 e-con-full e-flex e-con e-child\" data-id=\"9aea207\" data-element_type=\"container\" data-e-type=\"container\">\n\t\t\t\t<div class=\"elementor-element elementor-element-5606034 elementor-arrows-position-inside elementor-pagination-position-outside elementor-widget elementor-widget-image-carousel\" data-id=\"5606034\" data-element_type=\"widget\" data-e-type=\"widget\" data-settings=\"{&quot;slides_to_show&quot;:&quot;4&quot;,&quot;image_spacing_custom&quot;:{&quot;unit&quot;:&quot;px&quot;,&quot;size&quot;:15,&quot;sizes&quot;:[]},&quot;navigation&quot;:&quot;both&quot;,&quot;speed&quot;:500,&quot;image_spacing_custom_tablet&quot;:{&quot;unit&quot;:&quot;px&quot;,&quot;size&quot;:&quot;&quot;,&quot;sizes&quot;:[]},&quot;image_spacing_custom_mobile&quot;:{&quot;unit&quot;:&quot;px&quot;,&quot;size&quot;:&quot;&quot;,&quot;sizes&quot;:[]}}\" data-widget_type=\"image-carousel.default\">\n\t\t\t\t<div class=\"elementor-widget-container\">\n\t\t\t\t\t\t\t<div class=\"elementor-image-carousel-wrapper swiper\" role=\"region\" aria-roledescription=\"carousel\" aria-label=\"Carosello d&#039;immagini\" dir=\"ltr\">\n\t\t\t<div class=\"elementor-image-carousel swiper-wrapper\" aria-live=\"polite\">\n\t\t\t\t\t\t\t\t<div class=\"swiper-slide\" role=\"group\" aria-roledescription=\"slide\" aria-label=\"1 von 7\"><a data-elementor-open-lightbox=\"yes\" data-elementor-lightbox-slideshow=\"5606034\" data-elementor-lightbox-title=\"Giochi per bambini\" data-e-action-hash=\"#elementor-action%3Aaction%3Dlightbox%26settings%3DeyJpZCI6MTI1OTksInVybCI6Imh0dHBzOlwvXC93d3cuaG90ZWxkZWljb3JhbGxpLml0XC93cC1jb250ZW50XC91cGxvYWRzXC9naW9jaGlfMDEuanBnIiwic2xpZGVzaG93IjoiNTYwNjAzNCJ9\" href=\"https:\/\/www.hoteldeicoralli.it\/wp-content\/uploads\/giochi_01.jpg\"><figure class=\"swiper-slide-inner\"><img decoding=\"async\" class=\"swiper-slide-image\" src=\"https:\/\/www.hoteldeicoralli.it\/wp-content\/uploads\/giochi_01-300x195.jpg\" alt=\"Giochi per bambini\" \/><\/figure><\/a><\/div><div class=\"swiper-slide\" role=\"group\" aria-roledescription=\"slide\" aria-label=\"2 von 7\"><a data-elementor-open-lightbox=\"yes\" data-elementor-lightbox-slideshow=\"5606034\" data-elementor-lightbox-title=\"Giochi per bambini\" data-e-action-hash=\"#elementor-action%3Aaction%3Dlightbox%26settings%3DeyJpZCI6MTI2MDIsInVybCI6Imh0dHBzOlwvXC93d3cuaG90ZWxkZWljb3JhbGxpLml0XC93cC1jb250ZW50XC91cGxvYWRzXC9naW9jaGlfMDIuanBnIiwic2xpZGVzaG93IjoiNTYwNjAzNCJ9\" href=\"https:\/\/www.hoteldeicoralli.it\/wp-content\/uploads\/giochi_02.jpg\"><figure class=\"swiper-slide-inner\"><img decoding=\"async\" class=\"swiper-slide-image\" src=\"https:\/\/www.hoteldeicoralli.it\/wp-content\/uploads\/giochi_02-300x195.jpg\" alt=\"Giochi per bambini\" \/><\/figure><\/a><\/div><div class=\"swiper-slide\" role=\"group\" aria-roledescription=\"slide\" aria-label=\"3 von 7\"><a data-elementor-open-lightbox=\"yes\" data-elementor-lightbox-slideshow=\"5606034\" data-elementor-lightbox-title=\"Giochi per bambini\" data-e-action-hash=\"#elementor-action%3Aaction%3Dlightbox%26settings%3DeyJpZCI6MTI2MDUsInVybCI6Imh0dHBzOlwvXC93d3cuaG90ZWxkZWljb3JhbGxpLml0XC93cC1jb250ZW50XC91cGxvYWRzXC9naW9jaGlfMDMuanBnIiwic2xpZGVzaG93IjoiNTYwNjAzNCJ9\" href=\"https:\/\/www.hoteldeicoralli.it\/wp-content\/uploads\/giochi_03.jpg\"><figure class=\"swiper-slide-inner\"><img decoding=\"async\" class=\"swiper-slide-image\" src=\"https:\/\/www.hoteldeicoralli.it\/wp-content\/uploads\/giochi_03-300x195.jpg\" alt=\"Giochi per bambini\" \/><\/figure><\/a><\/div><div class=\"swiper-slide\" role=\"group\" aria-roledescription=\"slide\" aria-label=\"4 von 7\"><a data-elementor-open-lightbox=\"yes\" data-elementor-lightbox-slideshow=\"5606034\" data-elementor-lightbox-title=\"Giochi per bambini\" data-e-action-hash=\"#elementor-action%3Aaction%3Dlightbox%26settings%3DeyJpZCI6MTI2MDgsInVybCI6Imh0dHBzOlwvXC93d3cuaG90ZWxkZWljb3JhbGxpLml0XC93cC1jb250ZW50XC91cGxvYWRzXC9naW9jaGlfMDQuanBnIiwic2xpZGVzaG93IjoiNTYwNjAzNCJ9\" href=\"https:\/\/www.hoteldeicoralli.it\/wp-content\/uploads\/giochi_04.jpg\"><figure class=\"swiper-slide-inner\"><img decoding=\"async\" class=\"swiper-slide-image\" src=\"https:\/\/www.hoteldeicoralli.it\/wp-content\/uploads\/giochi_04-300x195.jpg\" alt=\"Giochi per bambini\" \/><\/figure><\/a><\/div><div class=\"swiper-slide\" role=\"group\" aria-roledescription=\"slide\" aria-label=\"5 von 7\"><a data-elementor-open-lightbox=\"yes\" data-elementor-lightbox-slideshow=\"5606034\" data-elementor-lightbox-title=\"Piscina Hotel dei Coralli\" data-e-action-hash=\"#elementor-action%3Aaction%3Dlightbox%26settings%3DeyJpZCI6MTI1ODcsInVybCI6Imh0dHBzOlwvXC93d3cuaG90ZWxkZWljb3JhbGxpLml0XC93cC1jb250ZW50XC91cGxvYWRzXC9waXNjaW5hXzA3LmpwZyIsInNsaWRlc2hvdyI6IjU2MDYwMzQifQ%3D%3D\" href=\"https:\/\/www.hoteldeicoralli.it\/wp-content\/uploads\/piscina_07.jpg\"><figure class=\"swiper-slide-inner\"><img decoding=\"async\" class=\"swiper-slide-image\" src=\"https:\/\/www.hoteldeicoralli.it\/wp-content\/uploads\/piscina_07-300x195.jpg\" alt=\"Piscina Hotel dei Coralli\" \/><\/figure><\/a><\/div><div class=\"swiper-slide\" role=\"group\" aria-roledescription=\"slide\" aria-label=\"6 von 7\"><a data-elementor-open-lightbox=\"yes\" data-elementor-lightbox-slideshow=\"5606034\" data-elementor-lightbox-title=\"Tennis\" data-e-action-hash=\"#elementor-action%3Aaction%3Dlightbox%26settings%3DeyJpZCI6MTI1NjMsInVybCI6Imh0dHBzOlwvXC93d3cuaG90ZWxkZWljb3JhbGxpLml0XC93cC1jb250ZW50XC91cGxvYWRzXC90ZW5uaXNfMDIuanBnIiwic2xpZGVzaG93IjoiNTYwNjAzNCJ9\" href=\"https:\/\/www.hoteldeicoralli.it\/wp-content\/uploads\/tennis_02.jpg\"><figure class=\"swiper-slide-inner\"><img decoding=\"async\" class=\"swiper-slide-image\" src=\"https:\/\/www.hoteldeicoralli.it\/wp-content\/uploads\/tennis_02-300x195.jpg\" alt=\"Tennis\" \/><\/figure><\/a><\/div><div class=\"swiper-slide\" role=\"group\" aria-roledescription=\"slide\" aria-label=\"7 von 7\"><a data-elementor-open-lightbox=\"yes\" data-elementor-lightbox-slideshow=\"5606034\" data-elementor-lightbox-title=\"Calcetto\" data-e-action-hash=\"#elementor-action%3Aaction%3Dlightbox%26settings%3DeyJpZCI6MTI1NDUsInVybCI6Imh0dHBzOlwvXC93d3cuaG90ZWxkZWljb3JhbGxpLml0XC93cC1jb250ZW50XC91cGxvYWRzXC9jYWxjZXR0b18wMS5qcGciLCJzbGlkZXNob3ciOiI1NjA2MDM0In0%3D\" href=\"https:\/\/www.hoteldeicoralli.it\/wp-content\/uploads\/calcetto_01.jpg\"><figure class=\"swiper-slide-inner\"><img decoding=\"async\" class=\"swiper-slide-image\" src=\"https:\/\/www.hoteldeicoralli.it\/wp-content\/uploads\/calcetto_01-300x195.jpg\" alt=\"Calcetto\" \/><\/figure><\/a><\/div>\t\t\t<\/div>\n\t\t\t\t\t\t\t\t\t\t\t\t<div class=\"elementor-swiper-button elementor-swiper-button-prev\" role=\"button\" tabindex=\"0\">\n\t\t\t\t\t\t<svg aria-hidden=\"true\" class=\"e-font-icon-svg e-eicon-chevron-left\" viewBox=\"0 0 1000 1000\" xmlns=\"http:\/\/www.w3.org\/2000\/svg\"><path d=\"M646 125C629 125 613 133 604 142L308 442C296 454 292 471 292 487 292 504 296 521 308 533L604 854C617 867 629 875 646 875 663 875 679 871 692 858 704 846 713 829 713 812 713 796 708 779 692 767L438 487 692 225C700 217 708 204 708 187 708 171 704 154 692 142 675 129 663 125 646 125Z\"><\/path><\/svg>\t\t\t\t\t<\/div>\n\t\t\t\t\t<div class=\"elementor-swiper-button elementor-swiper-button-next\" role=\"button\" tabindex=\"0\">\n\t\t\t\t\t\t<svg aria-hidden=\"true\" class=\"e-font-icon-svg e-eicon-chevron-right\" viewBox=\"0 0 1000 1000\" xmlns=\"http:\/\/www.w3.org\/2000\/svg\"><path d=\"M696 533C708 521 713 504 713 487 713 471 708 454 696 446L400 146C388 133 375 125 354 125 338 125 325 129 313 142 300 154 292 171 292 187 292 204 296 221 308 233L563 492 304 771C292 783 288 800 288 817 288 833 296 850 308 863 321 871 338 875 354 875 371 875 388 867 400 854L696 533Z\"><\/path><\/svg>\t\t\t\t\t<\/div>\n\t\t\t\t\n\t\t\t\t\t\t\t\t\t<div class=\"swiper-pagination\"><\/div>\n\t\t\t\t\t\t\t\t\t<\/div>\n\t\t\t\t\t\t<\/div>\n\t\t\t\t<\/div>\n\t\t\t\t<\/div>\n\t\t\t\t\t<\/div>\n\t\t\t\t<\/div>\n\t\t\t\t<\/div>\n\t\t","protected":false},"excerpt":{"rendered":"<p>Der Lieblingsstrand f\u00fcr Familien Strand von Marina di Campo Nur 200 m vor unserem Hotel liegt der Strand von Marina di Campo, der Fussweg f\u00fchrt durch einen kleinen Pinienwald. Dies ist der l\u00e4ngste Sandstrand der Insel Elba (1850 m lang). Das klare Wasser wird nur langsam tiefer, weshalb er besonders von Familien mit Kindern bevorzugt [&hellip;]<\/p>\n","protected":false},"author":1,"featured_media":12626,"parent":0,"menu_order":10,"comment_status":"closed","ping_status":"closed","template":"page-templates\/template-default.php","meta":{"_mo_disable_npp":"","footnotes":""},"class_list":["post-13123","page","type-page","status-publish","has-post-thumbnail","hentry"],"yoast_head":"<!-- This site is optimized with the Yoast SEO plugin v27.4 - https:\/\/yoast.com\/product\/yoast-seo-wordpress\/ -->\n<title>Strand von Marina di Campo - Hotel dei Coralli, Insel Elba<\/title>\n<meta name=\"description\" content=\"Nur 200 m vor unserem Hotel liegt der Strand von Marina di Campo. Dies ist der l\u00e4ngste Sandstrand der Insel Elba (1850 m lang).\" \/>\n<meta name=\"robots\" content=\"index, follow, max-snippet:-1, max-image-preview:large, max-video-preview:-1\" \/>\n<link rel=\"canonical\" href=\"https:\/\/www.hoteldeicoralli.it\/de\/strand-von-marina-di-campo\/\" \/>\n<meta property=\"og:locale\" content=\"de_DE\" \/>\n<meta property=\"og:type\" content=\"article\" \/>\n<meta property=\"og:title\" content=\"Strand von Marina di Campo - Hotel dei Coralli, Insel Elba\" \/>\n<meta property=\"og:description\" content=\"Nur 200 m vor unserem Hotel liegt der Strand von Marina di Campo. Dies ist der l\u00e4ngste Sandstrand der Insel Elba (1850 m lang).\" \/>\n<meta property=\"og:url\" content=\"https:\/\/www.hoteldeicoralli.it\/de\/strand-von-marina-di-campo\/\" \/>\n<meta property=\"og:site_name\" content=\"Hotel dei Coralli\" \/>\n<meta property=\"article:publisher\" content=\"https:\/\/www.facebook.com\/hoteldeicoralli\" \/>\n<meta property=\"article:modified_time\" content=\"2025-02-28T09:46:24+00:00\" \/>\n<meta property=\"og:image\" content=\"https:\/\/www.hoteldeicoralli.it\/wp-content\/uploads\/header_spiaggia.jpg\" \/>\n\t<meta property=\"og:image:width\" content=\"1920\" \/>\n\t<meta property=\"og:image:height\" content=\"550\" \/>\n\t<meta property=\"og:image:type\" content=\"image\/jpeg\" \/>\n<meta name=\"twitter:card\" content=\"summary_large_image\" \/>\n<meta name=\"twitter:label1\" content=\"Gesch\u00e4tzte Lesezeit\" \/>\n\t<meta name=\"twitter:data1\" content=\"1\u00a0Minute\" \/>\n<script type=\"application\/ld+json\" class=\"yoast-schema-graph\">{\"@context\":\"https:\\\/\\\/schema.org\",\"@graph\":[{\"@type\":\"WebPage\",\"@id\":\"https:\\\/\\\/www.hoteldeicoralli.it\\\/de\\\/strand-von-marina-di-campo\\\/\",\"url\":\"https:\\\/\\\/www.hoteldeicoralli.it\\\/de\\\/strand-von-marina-di-campo\\\/\",\"name\":\"Strand von Marina di Campo - Hotel dei Coralli, Insel Elba\",\"isPartOf\":{\"@id\":\"https:\\\/\\\/www.hoteldeicoralli.it\\\/de\\\/#website\"},\"primaryImageOfPage\":{\"@id\":\"https:\\\/\\\/www.hoteldeicoralli.it\\\/de\\\/strand-von-marina-di-campo\\\/#primaryimage\"},\"image\":{\"@id\":\"https:\\\/\\\/www.hoteldeicoralli.it\\\/de\\\/strand-von-marina-di-campo\\\/#primaryimage\"},\"thumbnailUrl\":\"https:\\\/\\\/www.hoteldeicoralli.it\\\/wp-content\\\/uploads\\\/header_spiaggia.jpg\",\"datePublished\":\"2025-01-30T09:13:38+00:00\",\"dateModified\":\"2025-02-28T09:46:24+00:00\",\"description\":\"Nur 200 m vor unserem Hotel liegt der Strand von Marina di Campo. Dies ist der l\u00e4ngste Sandstrand der Insel Elba (1850 m lang).\",\"breadcrumb\":{\"@id\":\"https:\\\/\\\/www.hoteldeicoralli.it\\\/de\\\/strand-von-marina-di-campo\\\/#breadcrumb\"},\"inLanguage\":\"de\",\"potentialAction\":[{\"@type\":\"ReadAction\",\"target\":[\"https:\\\/\\\/www.hoteldeicoralli.it\\\/de\\\/strand-von-marina-di-campo\\\/\"]}]},{\"@type\":\"ImageObject\",\"inLanguage\":\"de\",\"@id\":\"https:\\\/\\\/www.hoteldeicoralli.it\\\/de\\\/strand-von-marina-di-campo\\\/#primaryimage\",\"url\":\"https:\\\/\\\/www.hoteldeicoralli.it\\\/wp-content\\\/uploads\\\/header_spiaggia.jpg\",\"contentUrl\":\"https:\\\/\\\/www.hoteldeicoralli.it\\\/wp-content\\\/uploads\\\/header_spiaggia.jpg\",\"width\":1920,\"height\":550},{\"@type\":\"BreadcrumbList\",\"@id\":\"https:\\\/\\\/www.hoteldeicoralli.it\\\/de\\\/strand-von-marina-di-campo\\\/#breadcrumb\",\"itemListElement\":[{\"@type\":\"ListItem\",\"position\":1,\"name\":\"Home\",\"item\":\"https:\\\/\\\/www.hoteldeicoralli.it\\\/de\\\/\"},{\"@type\":\"ListItem\",\"position\":2,\"name\":\"Strand von Marina di Campo\"}]},{\"@type\":\"WebSite\",\"@id\":\"https:\\\/\\\/www.hoteldeicoralli.it\\\/de\\\/#website\",\"url\":\"https:\\\/\\\/www.hoteldeicoralli.it\\\/de\\\/\",\"name\":\"Hotel dei Coralli\",\"description\":\"Insel Elba\",\"publisher\":{\"@id\":\"https:\\\/\\\/www.hoteldeicoralli.it\\\/de\\\/#organization\"},\"potentialAction\":[{\"@type\":\"SearchAction\",\"target\":{\"@type\":\"EntryPoint\",\"urlTemplate\":\"https:\\\/\\\/www.hoteldeicoralli.it\\\/de\\\/?s={search_term_string}\"},\"query-input\":{\"@type\":\"PropertyValueSpecification\",\"valueRequired\":true,\"valueName\":\"search_term_string\"}}],\"inLanguage\":\"de\"},{\"@type\":\"Organization\",\"@id\":\"https:\\\/\\\/www.hoteldeicoralli.it\\\/de\\\/#organization\",\"name\":\"Selci Enrico Srl\",\"url\":\"https:\\\/\\\/www.hoteldeicoralli.it\\\/de\\\/\",\"logo\":{\"@type\":\"ImageObject\",\"inLanguage\":\"de\",\"@id\":\"https:\\\/\\\/www.hoteldeicoralli.it\\\/de\\\/#\\\/schema\\\/logo\\\/image\\\/\",\"url\":\"https:\\\/\\\/www.hoteldeicoralli.it\\\/wp-content\\\/uploads\\\/hotel_dei_coralli_vertical.png\",\"contentUrl\":\"https:\\\/\\\/www.hoteldeicoralli.it\\\/wp-content\\\/uploads\\\/hotel_dei_coralli_vertical.png\",\"width\":400,\"height\":316,\"caption\":\"Selci Enrico Srl\"},\"image\":{\"@id\":\"https:\\\/\\\/www.hoteldeicoralli.it\\\/de\\\/#\\\/schema\\\/logo\\\/image\\\/\"},\"sameAs\":[\"https:\\\/\\\/www.facebook.com\\\/hoteldeicoralli\",\"https:\\\/\\\/www.instagram.com\\\/hoteldeicoralli\\\/\"]}]}<\/script>\n<!-- \/ Yoast SEO plugin. -->","yoast_head_json":{"title":"Strand von Marina di Campo - Hotel dei Coralli, Insel Elba","description":"Nur 200 m vor unserem Hotel liegt der Strand von Marina di Campo. Dies ist der l\u00e4ngste Sandstrand der Insel Elba (1850 m lang).","robots":{"index":"index","follow":"follow","max-snippet":"max-snippet:-1","max-image-preview":"max-image-preview:large","max-video-preview":"max-video-preview:-1"},"canonical":"https:\/\/www.hoteldeicoralli.it\/de\/strand-von-marina-di-campo\/","og_locale":"de_DE","og_type":"article","og_title":"Strand von Marina di Campo - Hotel dei Coralli, Insel Elba","og_description":"Nur 200 m vor unserem Hotel liegt der Strand von Marina di Campo. Dies ist der l\u00e4ngste Sandstrand der Insel Elba (1850 m lang).","og_url":"https:\/\/www.hoteldeicoralli.it\/de\/strand-von-marina-di-campo\/","og_site_name":"Hotel dei Coralli","article_publisher":"https:\/\/www.facebook.com\/hoteldeicoralli","article_modified_time":"2025-02-28T09:46:24+00:00","og_image":[{"width":1920,"height":550,"url":"https:\/\/www.hoteldeicoralli.it\/wp-content\/uploads\/header_spiaggia.jpg","type":"image\/jpeg"}],"twitter_card":"summary_large_image","twitter_misc":{"Gesch\u00e4tzte Lesezeit":"1\u00a0Minute"},"schema":{"@context":"https:\/\/schema.org","@graph":[{"@type":"WebPage","@id":"https:\/\/www.hoteldeicoralli.it\/de\/strand-von-marina-di-campo\/","url":"https:\/\/www.hoteldeicoralli.it\/de\/strand-von-marina-di-campo\/","name":"Strand von Marina di Campo - Hotel dei Coralli, Insel Elba","isPartOf":{"@id":"https:\/\/www.hoteldeicoralli.it\/de\/#website"},"primaryImageOfPage":{"@id":"https:\/\/www.hoteldeicoralli.it\/de\/strand-von-marina-di-campo\/#primaryimage"},"image":{"@id":"https:\/\/www.hoteldeicoralli.it\/de\/strand-von-marina-di-campo\/#primaryimage"},"thumbnailUrl":"https:\/\/www.hoteldeicoralli.it\/wp-content\/uploads\/header_spiaggia.jpg","datePublished":"2025-01-30T09:13:38+00:00","dateModified":"2025-02-28T09:46:24+00:00","description":"Nur 200 m vor unserem Hotel liegt der Strand von Marina di Campo. Dies ist der l\u00e4ngste Sandstrand der Insel Elba (1850 m lang).","breadcrumb":{"@id":"https:\/\/www.hoteldeicoralli.it\/de\/strand-von-marina-di-campo\/#breadcrumb"},"inLanguage":"de","potentialAction":[{"@type":"ReadAction","target":["https:\/\/www.hoteldeicoralli.it\/de\/strand-von-marina-di-campo\/"]}]},{"@type":"ImageObject","inLanguage":"de","@id":"https:\/\/www.hoteldeicoralli.it\/de\/strand-von-marina-di-campo\/#primaryimage","url":"https:\/\/www.hoteldeicoralli.it\/wp-content\/uploads\/header_spiaggia.jpg","contentUrl":"https:\/\/www.hoteldeicoralli.it\/wp-content\/uploads\/header_spiaggia.jpg","width":1920,"height":550},{"@type":"BreadcrumbList","@id":"https:\/\/www.hoteldeicoralli.it\/de\/strand-von-marina-di-campo\/#breadcrumb","itemListElement":[{"@type":"ListItem","position":1,"name":"Home","item":"https:\/\/www.hoteldeicoralli.it\/de\/"},{"@type":"ListItem","position":2,"name":"Strand von Marina di Campo"}]},{"@type":"WebSite","@id":"https:\/\/www.hoteldeicoralli.it\/de\/#website","url":"https:\/\/www.hoteldeicoralli.it\/de\/","name":"Hotel dei Coralli","description":"Insel Elba","publisher":{"@id":"https:\/\/www.hoteldeicoralli.it\/de\/#organization"},"potentialAction":[{"@type":"SearchAction","target":{"@type":"EntryPoint","urlTemplate":"https:\/\/www.hoteldeicoralli.it\/de\/?s={search_term_string}"},"query-input":{"@type":"PropertyValueSpecification","valueRequired":true,"valueName":"search_term_string"}}],"inLanguage":"de"},{"@type":"Organization","@id":"https:\/\/www.hoteldeicoralli.it\/de\/#organization","name":"Selci Enrico Srl","url":"https:\/\/www.hoteldeicoralli.it\/de\/","logo":{"@type":"ImageObject","inLanguage":"de","@id":"https:\/\/www.hoteldeicoralli.it\/de\/#\/schema\/logo\/image\/","url":"https:\/\/www.hoteldeicoralli.it\/wp-content\/uploads\/hotel_dei_coralli_vertical.png","contentUrl":"https:\/\/www.hoteldeicoralli.it\/wp-content\/uploads\/hotel_dei_coralli_vertical.png","width":400,"height":316,"caption":"Selci Enrico Srl"},"image":{"@id":"https:\/\/www.hoteldeicoralli.it\/de\/#\/schema\/logo\/image\/"},"sameAs":["https:\/\/www.facebook.com\/hoteldeicoralli","https:\/\/www.instagram.com\/hoteldeicoralli\/"]}]}},"_links":{"self":[{"href":"https:\/\/www.hoteldeicoralli.it\/de\/wp-json\/wp\/v2\/pages\/13123","targetHints":{"allow":["GET"]}}],"collection":[{"href":"https:\/\/www.hoteldeicoralli.it\/de\/wp-json\/wp\/v2\/pages"}],"about":[{"href":"https:\/\/www.hoteldeicoralli.it\/de\/wp-json\/wp\/v2\/types\/page"}],"author":[{"embeddable":true,"href":"https:\/\/www.hoteldeicoralli.it\/de\/wp-json\/wp\/v2\/users\/1"}],"replies":[{"embeddable":true,"href":"https:\/\/www.hoteldeicoralli.it\/de\/wp-json\/wp\/v2\/comments?post=13123"}],"version-history":[{"count":4,"href":"https:\/\/www.hoteldeicoralli.it\/de\/wp-json\/wp\/v2\/pages\/13123\/revisions"}],"predecessor-version":[{"id":13128,"href":"https:\/\/www.hoteldeicoralli.it\/de\/wp-json\/wp\/v2\/pages\/13123\/revisions\/13128"}],"wp:featuredmedia":[{"embeddable":true,"href":"https:\/\/www.hoteldeicoralli.it\/de\/wp-json\/wp\/v2\/media\/12626"}],"wp:attachment":[{"href":"https:\/\/www.hoteldeicoralli.it\/de\/wp-json\/wp\/v2\/media?parent=13123"}],"curies":[{"name":"wp","href":"https:\/\/api.w.org\/{rel}","templated":true}]}}