{"id":13141,"date":"2025-01-27T16:10:19","date_gmt":"2025-01-27T15:10:19","guid":{"rendered":"https:\/\/www.hoteldeicoralli.it\/come-arrivare\/"},"modified":"2025-02-28T11:04:32","modified_gmt":"2025-02-28T10:04:32","slug":"wie-man-dorthin-kommt","status":"publish","type":"page","link":"https:\/\/www.hoteldeicoralli.it\/de\/wie-man-dorthin-kommt\/","title":{"rendered":"Wie man dorthin kommt"},"content":{"rendered":"\t\t<div data-elementor-type=\"wp-page\" data-elementor-id=\"13141\" class=\"elementor elementor-13141 elementor-11294\">\n\t\t\t\t<div class=\"elementor-element elementor-element-54c0542 e-flex e-con-boxed e-con e-parent\" data-id=\"54c0542\" data-element_type=\"container\" data-e-type=\"container\">\n\t\t\t\t\t<div class=\"e-con-inner\">\n\t\t<div class=\"elementor-element elementor-element-70abe8b e-con-full e-flex e-con e-child\" data-id=\"70abe8b\" data-element_type=\"container\" data-e-type=\"container\">\n\t\t<div class=\"elementor-element elementor-element-4ad6d75 e-con-full e-flex e-con e-child\" data-id=\"4ad6d75\" data-element_type=\"container\" data-e-type=\"container\">\n\t\t\t\t<div class=\"elementor-element elementor-element-5c0a8fd elementor-widget elementor-widget-section-title\" data-id=\"5c0a8fd\" data-element_type=\"widget\" data-e-type=\"widget\" data-widget_type=\"section-title.default\">\n\t\t\t\t<div class=\"elementor-widget-container\">\n\t\t\t\t\t\r\n\t\t\t\t\t<div class=\"section-title style2 \">\r\n\t\t\t\t \r\n\t\t\t\t\t<h5 class=\"subtitle\">Standort<\/h5>\r\n\t\t\t\t\t\t\t\t\r\n\t\t\t\t \r\n\t\t\t\t\t<h3 class=\"title\">Wie man dorthin kommt<\/h3>\r\n\t\t\t\t\t\t\t\t\r\n\t\t\t\t\t\t\t<\/div>\r\n\r\n\t\t\r\n\t\t\t\t\t\t<\/div>\n\t\t\t\t<\/div>\n\t\t\t\t<div class=\"elementor-element elementor-element-3a604e5 elementor-widget elementor-widget-text-editor\" data-id=\"3a604e5\" data-element_type=\"widget\" data-e-type=\"widget\" data-widget_type=\"text-editor.default\">\n\t\t\t\t<div class=\"elementor-widget-container\">\n\t\t\t\t\t\t\t\t\t<p>Das Hotel dei Coralli befindet sich in Marina di Campo in der Viale degli Etruschi Nr. 567, in der N\u00e4he des Pinienwaldes, in einer sehr ruhigen Lage und etwa 200 Meter vom ber\u00fchmten Sandstrand entfernt.<\/p>\t\t\t\t\t\t\t\t<\/div>\n\t\t\t\t<\/div>\n\t\t\t\t<div class=\"elementor-element elementor-element-b6d1f5a elementor-widget elementor-widget-text-editor\" data-id=\"b6d1f5a\" data-element_type=\"widget\" data-e-type=\"widget\" data-widget_type=\"text-editor.default\">\n\t\t\t\t<div class=\"elementor-widget-container\">\n\t\t\t\t\t\t\t\t\t<p>Wenn Sie mit der F\u00e4hre in der Medici-Stadt Portoferraio ankommen und der Panoramastra\u00dfe folgen, die nach Marina di Campo f\u00fchrt, werden Sie die Sch\u00f6nheit der Insel bewundern k\u00f6nnen und einen ersten Eindruck von dem \u201ekleinen\u201c verzauberten Felsen bekommen.<\/p>\t\t\t\t\t\t\t\t<\/div>\n\t\t\t\t<\/div>\n\t\t\t\t<div class=\"elementor-element elementor-element-e2a23ad elementor-widget elementor-widget-text-editor\" data-id=\"e2a23ad\" data-element_type=\"widget\" data-e-type=\"widget\" data-widget_type=\"text-editor.default\">\n\t\t\t\t<div class=\"elementor-widget-container\">\n\t\t\t\t\t\t\t\t\t<p>In Procchio biegen Sie links ab und folgen den Schildern nach Marina di Campo.<\/p>\t\t\t\t\t\t\t\t<\/div>\n\t\t\t\t<\/div>\n\t\t\t\t<\/div>\n\t\t<div class=\"elementor-element elementor-element-d2f5064 e-con-full e-flex e-con e-child\" data-id=\"d2f5064\" data-element_type=\"container\" data-e-type=\"container\" data-settings=\"{&quot;background_background&quot;:&quot;classic&quot;}\">\n\t\t<div class=\"elementor-element elementor-element-6a75f6b e-con-full e-flex e-con e-child\" data-id=\"6a75f6b\" data-element_type=\"container\" data-e-type=\"container\">\n\t\t\t\t<div class=\"elementor-element elementor-element-a246e5f elementor-widget elementor-widget-simple-heading\" data-id=\"a246e5f\" data-element_type=\"widget\" data-e-type=\"widget\" data-widget_type=\"simple-heading.default\">\n\t\t\t\t<div class=\"elementor-widget-container\">\n\t\t\t\t\t\t\t\t\t\t<div class=\"heading style1\">\r\n\t\t\t\t<h5 class=\"heading-text\">Klicken Sie hier, um zum Online-Buchungssystem f\u00fcr F\u00e4hren zu gelangen.<\/h5>\r\n\t\t\t<\/div>\r\n\t\t\t\t\t\t\t\t<\/div>\n\t\t\t\t<\/div>\n\t\t\t\t<\/div>\n\t\t<div class=\"elementor-element elementor-element-f3b32e7 e-con-full e-flex e-con e-child\" data-id=\"f3b32e7\" data-element_type=\"container\" data-e-type=\"container\">\n\t\t\t\t<div class=\"elementor-element elementor-element-71270d9 elementor-widget elementor-widget-dit-button\" data-id=\"71270d9\" data-element_type=\"widget\" data-e-type=\"widget\" data-widget_type=\"dit-button.default\">\n\t\t\t\t<div class=\"elementor-widget-container\">\n\t\t\t\t\t\r\n\t\t\r\n\t\t\t<div class=\"dreamit-button style1 right\">\r\n\t\t\t\t\t\t\t\t<a class=\"button\" href=\"\/de\/faehren-insel-elba\/\">\r\n\t\t\t\t\tF\u00e4hren Insel Elba\t\t\t\t\t\t\t\t\t<\/a>\r\n\t\t\t<\/div>\r\n\r\n\t\t\r\n\t\t\t\t\t<\/div>\n\t\t\t\t<\/div>\n\t\t\t\t<\/div>\n\t\t\t\t<\/div>\n\t\t<div class=\"elementor-element elementor-element-d3a250d e-con-full e-flex e-con e-child\" data-id=\"d3a250d\" data-element_type=\"container\" data-e-type=\"container\">\n\t\t\t\t<div class=\"elementor-element elementor-element-e1574a2 elementor-widget elementor-widget-text-editor\" data-id=\"e1574a2\" data-element_type=\"widget\" data-e-type=\"widget\" data-widget_type=\"text-editor.default\">\n\t\t\t\t<div class=\"elementor-widget-container\">\n\t\t\t\t\t\t\t\t\t<p>Die Insel Elba kann auch mit dem Flugzeug erreicht werden. Wir bieten einen Shuttle an, der Sie am Flughafen in La Pila abholt!<\/p>\t\t\t\t\t\t\t\t<\/div>\n\t\t\t\t<\/div>\n\t\t\t\t<\/div>\n\t\t\t\t<\/div>\n\t\t\t\t\t<\/div>\n\t\t\t\t<\/div>\n\t\t<div class=\"elementor-element elementor-element-9c76b6f e-flex e-con-boxed e-con e-parent\" data-id=\"9c76b6f\" data-element_type=\"container\" data-e-type=\"container\" data-settings=\"{&quot;background_background&quot;:&quot;classic&quot;}\">\n\t\t\t\t\t<div class=\"e-con-inner\">\n\t\t<div class=\"elementor-element elementor-element-9aea207 e-con-full e-flex e-con e-child\" data-id=\"9aea207\" data-element_type=\"container\" data-e-type=\"container\">\n\t\t\t\t<div class=\"elementor-element elementor-element-d92426f elementor-widget elementor-widget-section-title\" data-id=\"d92426f\" data-element_type=\"widget\" data-e-type=\"widget\" data-widget_type=\"section-title.default\">\n\t\t\t\t<div class=\"elementor-widget-container\">\n\t\t\t\t\t\r\n\t\t\r\n\t\t\t<div class=\"section-title style1 center\">\r\n\t\t\t\t<div class=\"section-image\">\r\n\t\t\t\t\t<img decoding=\"async\" src=\"https:\/\/www.hoteldeicoralli.it\/wp-content\/uploads\/hotel_dei_coralli_small_gold.png\" alt=\"\">\r\n\t\t\t\t<\/div>\r\n\t\t\t\t\t\t\t\t\r\n\t\t\t\t \r\n\t\t\t\t\t<h3 class=\"title\">Wo sind Wir<\/h3>\r\n\t\t\t\t\t\t\t\t\r\n\t\t\t\t\t\t\t<\/div>\r\n\r\n\t\t\r\n\t\t\t\t\t\t<\/div>\n\t\t\t\t<\/div>\n\t\t\t\t<div class=\"elementor-element elementor-element-59aa831 elementor-widget elementor-widget-shortcode\" data-id=\"59aa831\" data-element_type=\"widget\" data-e-type=\"widget\" data-widget_type=\"shortcode.default\">\n\t\t\t\t<div class=\"elementor-widget-container\">\n\t\t\t\t\t\t\t<div class=\"elementor-shortcode\"><div class=\"wpgmp_map_container wpgmp-map-provider-google wpgmp-map-1\" rel=\"map1\" data-plugin-version=\"4.9.2\"><div class=\"wpgmp_map_parent\"><div class=\"wpgmp_map \" style=\"width:100%;height:500px\" id=\"map1\" data-map-id=\"1\"><\/div><\/div><\/div><script>jQuery(document).ready(function($){ window.wpgmp = window.wpgmp || {}; window.wpgmp.mapdata1 = \"eyJhdXRvc29ydCI6dHJ1ZSwibWFwX29wdGlvbnMiOnsiY2VudGVyX2xhdCI6IjQyLjc3OTkzODg3NDIxNjE4IiwiY2VudGVyX2xuZyI6IjEwLjI3NTI5MzU0MjQzMTY2NyIsInpvb20iOjEyLCJtYXBfdHlwZV9pZCI6IlJPQURNQVAiLCJjZW50ZXJfYnlfbmVhcmVzdCI6ZmFsc2UsImZpdF9ib3VuZHMiOmZhbHNlLCJzaG93X2NlbnRlcl9jaXJjbGUiOmZhbHNlLCJzaG93X2NlbnRlcl9tYXJrZXIiOmZhbHNlLCJjZW50ZXJfbWFya2VyX2ljb24iOiJodHRwczpcL1wvd3d3LmhvdGVsZGVpY29yYWxsaS5pdFwvd3AtY29udGVudFwvcGx1Z2luc1wvd3AtZ29vZ2xlLW1hcC1wbHVnaW5cL2Fzc2V0c1wvaW1hZ2VzXC9cL2RlZmF1bHRfbWFya2VyLnBuZyIsImRyYWdnYWJsZSI6dHJ1ZSwic2Nyb2xsX3doZWVsIjoiZmFsc2UiLCJtYXJrZXJfZGVmYXVsdF9pY29uIjoiaHR0cHM6XC9cL3d3dy5ob3RlbGRlaWNvcmFsbGkuaXRcL3dwLWNvbnRlbnRcL3BsdWdpbnNcL3dwLWdvb2dsZS1tYXAtcGx1Z2luXC9hc3NldHNcL2ltYWdlc1wvXC9kZWZhdWx0X21hcmtlci5wbmciLCJpbmZvd2luZG93X3NldHRpbmciOiI8ZGl2PnttYXJrZXJfYWRkcmVzc308XC9kaXY+IiwiaW5mb3dpbmRvd19za2luIjp7Im5hbWUiOiJkZWZhdWx0IiwidHlwZSI6ImluZm93aW5kb3ciLCJzb3VyY2Vjb2RlIjoiPGRpdj57bWFya2VyX2FkZHJlc3N9PFwvZGl2PiJ9LCJpbmZvd2luZG93X2Ryb3BfYW5pbWF0aW9uIjpmYWxzZSwiY2xvc2VfaW5mb3dpbmRvd19vbl9tYXBfY2xpY2siOmZhbHNlLCJkZWZhdWx0X2luZm93aW5kb3dfb3BlbiI6ZmFsc2UsImluZm93aW5kb3dfb3Blbl9ldmVudCI6ImNsaWNrIiwibGlzdGluZ19pbmZvd2luZG93X29wZW5fZXZlbnQiOiJjbGljayIsImlzX21vYmlsZSI6ZmFsc2UsImluZm93aW5kb3dfZmlsdGVyX29ubHkiOmZhbHNlLCJpbmZvd2luZG93X2NsaWNrX2NoYW5nZV9jZW50ZXIiOmZhbHNlLCJmdWxsX3NjcmVlbl9jb250cm9sIjpmYWxzZSwiY2FtZXJhX2NvbnRyb2wiOmZhbHNlLCJzZWFyY2hfY29udHJvbCI6dHJ1ZSwiem9vbV9jb250cm9sIjp0cnVlLCJtYXBfdHlwZV9jb250cm9sIjp0cnVlLCJzdHJlZXRfdmlld19jb250cm9sIjp0cnVlLCJsb2NhdGVtZV9jb250cm9sIjpmYWxzZSwibW9iaWxlX3NwZWNpZmljIjpmYWxzZSwiem9vbV9tb2JpbGUiOjUsImRyYWdnYWJsZV9tb2JpbGUiOnRydWUsInNjcm9sbF93aGVlbF9tb2JpbGUiOnRydWUsImZ1bGxfc2NyZWVuX2NvbnRyb2xfcG9zaXRpb24iOiJUT1BfTEVGVCIsInNlYXJjaF9jb250cm9sX3Bvc2l0aW9uIjoiVE9QX0xFRlQiLCJ6b29tX2NvbnRyb2xfcG9zaXRpb24iOiJUT1BfUklHSFQiLCJtYXBfdHlwZV9jb250cm9sX3Bvc2l0aW9uIjoiVE9QX0xFRlQiLCJtYXBfdHlwZV9jb250cm9sX3N0eWxlIjoiSE9SSVpPTlRBTF9CQVIiLCJzdHJlZXRfdmlld19jb250cm9sX3Bvc2l0aW9uIjoiVE9QX0xFRlQiLCJtYXBfaW5mb3dpbmRvd19jdXN0b21pc2F0aW9ucyI6ZmFsc2UsImluZm93aW5kb3dfd2lkdGgiOiIxMDAlIiwic2hvd19pbmZvd2luZG93X2hlYWRlciI6ZmFsc2UsInpvb21fbGV2ZWxfYWZ0ZXJfc2VhcmNoIjoxMCwiZG91YmxlY2xpY2t6b29tIjpmYWxzZSwiY3VycmVudF9wb3N0X29ubHkiOmZhbHNlLCJhZHZhbmNlX3RlbXBsYXRlIjpmYWxzZSwibWFwX3RpbGVfdXJsIjoiaHR0cHM6XC9cL3tzfS50aWxlLm9wZW5zdHJlZXRtYXAub3JnXC97en1cL3t4fVwve3l9LnBuZyIsIm9wZW5zdHJlZXRfc3R5bGVzIjp7Ik9wZW5TdHJlZXRNYXAuTWFwbmlrIjoiaHR0cHM6XC9cL3tzfS50aWxlLm9wZW5zdHJlZXRtYXAub3JnXC97en1cL3t4fVwve3l9LnBuZyIsIk9wZW5TdHJlZXRNYXAuREUiOiJodHRwczpcL1wve3N9LnRpbGUub3BlbnN0cmVldG1hcC5kZVwvdGlsZXNcL29zbWRlXC97en1cL3t4fVwve3l9LnBuZyIsIk9wZW5TdHJlZXRNYXAuQ0giOiJodHRwczpcL1wvdGlsZS5vc20uY2hcL3N3aXR6ZXJsYW5kXC97en1cL3t4fVwve3l9LnBuZyIsIk9wZW5TdHJlZXRNYXAuRnJhbmNlIjoiaHR0cHM6XC9cL3tzfS50aWxlLm9wZW5zdHJlZXRtYXAuZnJcL29zbWZyXC97en1cL3t4fVwve3l9LnBuZyIsIk9wZW5TdHJlZXRNYXAuSE9UIjoiaHR0cHM6XC9cL3tzfS50aWxlLm9wZW5zdHJlZXRtYXAuZnJcL2hvdFwve3p9XC97eH1cL3t5fS5wbmciLCJPcGVuU3RyZWV0TWFwLkJaSCI6Imh0dHBzOlwvXC90aWxlLm9wZW5zdHJlZXRtYXAuYnpoXC9iclwve3p9XC97eH1cL3t5fS5wbmciLCJPcGVuVG9wb01hcCI6Imh0dHBzOlwvXC97c30udGlsZS5vcGVudG9wb21hcC5vcmdcL3t6fVwve3h9XC97eX0ucG5nIiwiVGh1bmRlcmZvcmVzdC5PcGVuQ3ljbGVNYXAiOiJodHRwczpcL1wvZGV2LntzfS50aWxlLm9wZW5zdHJlZXRtYXAuZnJcL2N5Y2xvc21cL3t6fVwve3h9XC97eX0ucG5nIiwiT3Blbk1hcFN1cmZlci5Sb2FkcyI6Imh0dHBzOlwvXC9tYXBzLmhlaWdpdC5vcmdcL29wZW5tYXBzdXJmZXJcL3RpbGVzXC9yb2Fkc1wvd2VibWVyY2F0b3JcL3t6fVwve3h9XC97eX0ucG5nIn0sIm9wZW5zdHJlZXRfc3R5bGVzX21hcmt1cCI6IjxzZWxlY3QgY2xhc3M9XCJ3cG9tcF9tYXBfdHlwZVwiPjxvcHRpb24gdmFsdWU9XCJPcGVuU3RyZWV0TWFwLk1hcG5pa1wiPk9wZW5TdHJlZXRNYXAuTWFwbmlrPFwvb3B0aW9uPjxvcHRpb24gdmFsdWU9XCJPcGVuU3RyZWV0TWFwLkRFXCI+T3BlblN0cmVldE1hcC5ERTxcL29wdGlvbj48b3B0aW9uIHZhbHVlPVwiT3BlblN0cmVldE1hcC5DSFwiPk9wZW5TdHJlZXRNYXAuQ0g8XC9vcHRpb24+PG9wdGlvbiB2YWx1ZT1cIk9wZW5TdHJlZXRNYXAuRnJhbmNlXCI+T3BlblN0cmVldE1hcC5GcmFuY2U8XC9vcHRpb24+PG9wdGlvbiB2YWx1ZT1cIk9wZW5TdHJlZXRNYXAuSE9UXCI+T3BlblN0cmVldE1hcC5IT1Q8XC9vcHRpb24+PG9wdGlvbiB2YWx1ZT1cIk9wZW5TdHJlZXRNYXAuQlpIXCI+T3BlblN0cmVldE1hcC5CWkg8XC9vcHRpb24+PG9wdGlvbiB2YWx1ZT1cIk9wZW5Ub3BvTWFwXCI+T3BlblRvcG9NYXA8XC9vcHRpb24+PG9wdGlvbiB2YWx1ZT1cIlRodW5kZXJmb3Jlc3QuT3BlbkN5Y2xlTWFwXCI+VGh1bmRlcmZvcmVzdC5PcGVuQ3ljbGVNYXA8XC9vcHRpb24+PG9wdGlvbiB2YWx1ZT1cIk9wZW5NYXBTdXJmZXIuUm9hZHNcIj5PcGVuTWFwU3VyZmVyLlJvYWRzPFwvb3B0aW9uPjxcL3NlbGVjdD4iLCJtYXBfYm94X3N0eWxlc19tYXJrdXAiOiI8c2VsZWN0IGNsYXNzPVwid3BvbXBfbWFwYm94X3R5cGVcIj48b3B0aW9uIHZhbHVlPVwic3RyZWV0cy12MTFcIj5TdHJlZXRzPFwvb3B0aW9uPjxvcHRpb24gdmFsdWU9XCJsaWdodC12MTBcIj5MaWdodDxcL29wdGlvbj48b3B0aW9uIHZhbHVlPVwiZGFyay12MTBcIj5EYXJrPFwvb3B0aW9uPjxvcHRpb24gdmFsdWU9XCJvdXRkb29ycy12MTFcIj5PdXRkb29yczxcL29wdGlvbj48b3B0aW9uIHZhbHVlPVwic2F0ZWxsaXRlLXY5XCI+U2F0ZWxsaXRlPFwvb3B0aW9uPjxcL3NlbGVjdD4iLCJib3VuZF9tYXBfYWZ0ZXJfZmlsdGVyIjpmYWxzZSwiZGlzcGxheV9yZXNldF9idXR0b24iOmZhbHNlLCJtYXBfcmVzZXRfYnV0dG9uX3RleHQiOiJadXJcdTAwZmNja3NldHplbiIsImhlaWdodCI6IjUwMCIsInRpbGVzX3Byb3ZpZGVyIjoiT3BlblN0cmVldE1hcC5NYXBuaWsifSwicGxhY2VzIjpbeyJpZCI6IjEiLCJ0aXRsZSI6IkhvdGVsIGRlaSBDb3JhbGxpIiwiYWRkcmVzcyI6IkhvdGVsIGRlaSBDb3JhbGxpLCBWaWFsZSBkZWdsaSBFdHJ1c2NoaSwgNTY3LCA1NzAzNCBNYXJpbmEgZGkgQ2FtcG8sIENhbXBvIG5lbGwnRWxiYSBMSSwgSXRhbHkiLCJzb3VyY2UiOiJtYW51YWwiLCJsb2NhdGlvbiI6eyJpY29uIjoiaHR0cHM6XC9cL3d3dy5ob3RlbGRlaWNvcmFsbGkuaXRcL3dwLWNvbnRlbnRcL3BsdWdpbnNcL3dwLWdvb2dsZS1tYXAtcGx1Z2luXC9hc3NldHNcL2ltYWdlc1wvXC9kZWZhdWx0X21hcmtlci5wbmciLCJsYXQiOiI0Mi43NTIxMTc2IiwibG5nIjoiMTAuMjM5NzM1OCIsImNpdHkiOiJDYW1wbyBuZWxsJ0VsYmEiLCJzdGF0ZSI6IlRvc2NhbmEiLCJjb3VudHJ5IjoiSXRhbHkiLCJvbmNsaWNrX2FjdGlvbiI6Im1hcmtlciIsIm1hcmtlcl9pbWFnZSI6IjxkaXYgY2xhc3M9J2ZjLWZlYXR1cmUtaW1nJz48aW1nIGxvYWRpbmc9J2xhenknIGRlY29kaW5nPSdhc3luYycgYWx0PSdIb3RlbCBkZWkgQ29yYWxsaScgc3JjPSdodHRwczpcL1wvd3d3LmhvdGVsZGVpY29yYWxsaS5pdFwvd3AtY29udGVudFwvcGx1Z2luc1wvd3AtZ29vZ2xlLW1hcC1wbHVnaW5cL2Fzc2V0c1wvaW1hZ2VzXC9zYW1wbGUuanBnJyBjbGFzcz0nd3BnbXBfbWFya2VyX2ltYWdlIGZjLWl0ZW0tZmVhdHVyZWRfaW1hZ2UgZmMtaXRlbS1sYXJnZScgXC8+PFwvZGl2PiIsIm9wZW5fbmV3X3RhYiI6InllcyIsInBvc3RhbF9jb2RlIjoiNTcwMzQiLCJhbmltYXRpb24iOiJCT1VOQ0UiLCJpbmZvd2luZG93X2Rpc2FibGUiOnRydWUsInpvb20iOjUsImV4dHJhX2ZpZWxkcyI6eyJsaXN0b3JkZXIiOjB9fSwiY2F0ZWdvcmllcyI6W3sibmFtZSI6IlVuY2F0ZWdvcmllcyIsInR5cGUiOiJjYXRlZ29yeSJ9XX1dLCJzdHlsZXMiOiJbIHsgXCJmZWF0dXJlVHlwZVwiOiBcImFkbWluaXN0cmF0aXZlXCIsIFwiZWxlbWVudFR5cGVcIjogXCJsYWJlbHMudGV4dC5maWxsXCIsIFwic3R5bGVyc1wiOiBbIHsgXCJjb2xvclwiOiBcIiM0NDQ0NDRcIiB9IF0gfSwgeyBcImZlYXR1cmVUeXBlXCI6IFwibGFuZHNjYXBlXCIsIFwiZWxlbWVudFR5cGVcIjogXCJhbGxcIiwgXCJzdHlsZXJzXCI6IFsgeyBcImNvbG9yXCI6IFwiI2YyZjJmMlwiIH0gXSB9LCB7IFwiZmVhdHVyZVR5cGVcIjogXCJwb2lcIiwgXCJlbGVtZW50VHlwZVwiOiBcImFsbFwiLCBcInN0eWxlcnNcIjogWyB7IFwidmlzaWJpbGl0eVwiOiBcIm9mZlwiIH0gXSB9LCB7IFwiZmVhdHVyZVR5cGVcIjogXCJyb2FkXCIsIFwiZWxlbWVudFR5cGVcIjogXCJhbGxcIiwgXCJzdHlsZXJzXCI6IFsgeyBcInNhdHVyYXRpb25cIjogLTEwMCB9LCB7IFwibGlnaHRuZXNzXCI6IDQ1IH0gXSB9LCB7IFwiZmVhdHVyZVR5cGVcIjogXCJyb2FkLmhpZ2h3YXlcIiwgXCJlbGVtZW50VHlwZVwiOiBcImFsbFwiLCBcInN0eWxlcnNcIjogWyB7IFwidmlzaWJpbGl0eVwiOiBcInNpbXBsaWZpZWRcIiB9IF0gfSwgeyBcImZlYXR1cmVUeXBlXCI6IFwicm9hZC5hcnRlcmlhbFwiLCBcImVsZW1lbnRUeXBlXCI6IFwibGFiZWxzLmljb25cIiwgXCJzdHlsZXJzXCI6IFsgeyBcInZpc2liaWxpdHlcIjogXCJvZmZcIiB9IF0gfSwgeyBcImZlYXR1cmVUeXBlXCI6IFwidHJhbnNpdFwiLCBcImVsZW1lbnRUeXBlXCI6IFwiYWxsXCIsIFwic3R5bGVyc1wiOiBbIHsgXCJ2aXNpYmlsaXR5XCI6IFwib2ZmXCIgfSBdIH0sIHsgXCJmZWF0dXJlVHlwZVwiOiBcIndhdGVyXCIsIFwiZWxlbWVudFR5cGVcIjogXCJhbGxcIiwgXCJzdHlsZXJzXCI6IFsgeyBcImNvbG9yXCI6IFwiIzYwYmZlOVwiIH0sIHsgXCJ2aXNpYmlsaXR5XCI6IFwib25cIiB9IF0gfSBdIiwibWFwX3Byb3BlcnR5Ijp7Im1hcF9pZCI6IjEifSwic2hhcGVzIjp7ImRyYXdpbmdfZWRpdGFibGUiOmZhbHNlfSwiZmlsdGVycyI6eyJmaWx0ZXJzX2NvbnRhaW5lciI6IltkYXRhLWNvbnRhaW5lcj1cIndwZ21wLWZpbHRlcnMtY29udGFpbmVyXCJdIn0sImdsb2JhbF9zZXR0aW5ncyI6eyJ3cGdtcF9tYXBfc291cmNlIjoiZ29vZ2xlIiwid3BnbXBfdGlsZXNfc291cmNlIjoiT3BlblN0cmVldE1hcC5NYXBuaWsiLCJ3cGdtcF9yb3V0ZXJfc291cmNlIjoib3BlbnN0cmVldCIsIndwZ21wX2xhbmd1YWdlIjoiaXQiLCJ3cGdtcF9zY3JpcHRzX3BsYWNlIjoiZm9vdGVyIiwid3BnbXBfdmVyc2lvbiI6IjQuOC42Iiwid3BnbXBfc2NyaXB0c19taW5pZnkiOiJ5ZXMiLCJ3cGdtcF9hbGxvd19tZXRhIjoiYTowOnt9Iiwid3BnbXBfYWR2YW5jZWRfbWFya2VyIjoiZmFsc2UiLCJ3cGdtcF9zZXRfdGltZW91dCI6IjEwMCIsIndwZ21wX2dkcHJfbXNnIjoiQWNjZXR0YSBpIGNvb2tpZSBwZXIgdmlzdWFsaXp6YXJlIEdvb2dsZSBNYXBzLiIsIndwZ21wX2FwaV9rZXkiOiJBSXphU3lCX0doWk45N29adDM0YldsajRselEyRloyR2h1N1ZHdkkifSwicHJvdmlkZXIiOiJnb29nbGUiLCJhcGlLZXkiOiJBSXphU3lCX0doWk45N29adDM0YldsajRselEyRloyR2h1N1ZHdkkifQ==\"; });<\/script><style>.wpgmp-map-1 ,.wpgmp-map-1  .wpgmp_tabs_container,.wpgmp-map-1  .wpgmp_listing_container { font-size : 16px !important;}<\/style><\/div>\n\t\t\t\t\t\t<\/div>\n\t\t\t\t<\/div>\n\t\t\t\t<\/div>\n\t\t\t\t\t<\/div>\n\t\t\t\t<\/div>\n\t\t\t\t<\/div>\n\t\t","protected":false},"excerpt":{"rendered":"<p>Standort Wie man dorthin kommt Das Hotel dei Coralli befindet sich in Marina di Campo in der Viale degli Etruschi Nr. 567, in der N\u00e4he des Pinienwaldes, in einer sehr ruhigen Lage und etwa 200 Meter vom ber\u00fchmten Sandstrand entfernt. Wenn Sie mit der F\u00e4hre in der Medici-Stadt Portoferraio ankommen und der Panoramastra\u00dfe folgen, die [&hellip;]<\/p>\n","protected":false},"author":1,"featured_media":0,"parent":0,"menu_order":11,"comment_status":"closed","ping_status":"closed","template":"page-templates\/template-default.php","meta":{"_mo_disable_npp":"","footnotes":""},"class_list":["post-13141","page","type-page","status-publish","hentry"],"yoast_head":"<!-- This site is optimized with the Yoast SEO plugin v27.1.1 - https:\/\/yoast.com\/product\/yoast-seo-wordpress\/ -->\n<title>Wie man dorthin kommt - Hotel dei Coralli, Insel Elba<\/title>\n<meta name=\"description\" content=\"Das Hotel dei Coralli befindet sich in Marina di Campo in der Viale degli Etruschi Nr. 567, in einer sehr ruhigen Lage und etwa 200 Meter vom ber\u00fchmten Sandstrand entfernt.\" \/>\n<meta name=\"robots\" content=\"index, follow, max-snippet:-1, max-image-preview:large, max-video-preview:-1\" \/>\n<link rel=\"canonical\" href=\"https:\/\/www.hoteldeicoralli.it\/de\/wie-man-dorthin-kommt\/\" \/>\n<meta property=\"og:locale\" content=\"de_DE\" \/>\n<meta property=\"og:type\" content=\"article\" \/>\n<meta property=\"og:title\" content=\"Wie man dorthin kommt - Hotel dei Coralli, Insel Elba\" \/>\n<meta property=\"og:description\" content=\"Das Hotel dei Coralli befindet sich in Marina di Campo in der Viale degli Etruschi Nr. 567, in einer sehr ruhigen Lage und etwa 200 Meter vom ber\u00fchmten Sandstrand entfernt.\" \/>\n<meta property=\"og:url\" content=\"https:\/\/www.hoteldeicoralli.it\/de\/wie-man-dorthin-kommt\/\" \/>\n<meta property=\"og:site_name\" content=\"Hotel dei Coralli\" \/>\n<meta property=\"article:publisher\" content=\"https:\/\/www.facebook.com\/hoteldeicoralli\" \/>\n<meta property=\"article:modified_time\" content=\"2025-02-28T10:04:32+00:00\" \/>\n<meta property=\"og:image\" content=\"https:\/\/www.hoteldeicoralli.it\/wp-content\/uploads\/hotel_dei_coralli_small_gold.png\" \/>\n<meta name=\"twitter:card\" content=\"summary_large_image\" \/>\n<meta name=\"twitter:label1\" content=\"Gesch\u00e4tzte Lesezeit\" \/>\n\t<meta name=\"twitter:data1\" content=\"1\u00a0Minute\" \/>\n<script type=\"application\/ld+json\" class=\"yoast-schema-graph\">{\"@context\":\"https:\/\/schema.org\",\"@graph\":[{\"@type\":\"WebPage\",\"@id\":\"https:\/\/www.hoteldeicoralli.it\/de\/wie-man-dorthin-kommt\/\",\"url\":\"https:\/\/www.hoteldeicoralli.it\/de\/wie-man-dorthin-kommt\/\",\"name\":\"Wie man dorthin kommt - Hotel dei Coralli, Insel Elba\",\"isPartOf\":{\"@id\":\"https:\/\/www.hoteldeicoralli.it\/de\/#website\"},\"primaryImageOfPage\":{\"@id\":\"https:\/\/www.hoteldeicoralli.it\/de\/wie-man-dorthin-kommt\/#primaryimage\"},\"image\":{\"@id\":\"https:\/\/www.hoteldeicoralli.it\/de\/wie-man-dorthin-kommt\/#primaryimage\"},\"thumbnailUrl\":\"https:\/\/www.hoteldeicoralli.it\/wp-content\/uploads\/hotel_dei_coralli_small_gold.png\",\"datePublished\":\"2025-01-27T15:10:19+00:00\",\"dateModified\":\"2025-02-28T10:04:32+00:00\",\"description\":\"Das Hotel dei Coralli befindet sich in Marina di Campo in der Viale degli Etruschi Nr. 567, in einer sehr ruhigen Lage und etwa 200 Meter vom ber\u00fchmten Sandstrand entfernt.\",\"breadcrumb\":{\"@id\":\"https:\/\/www.hoteldeicoralli.it\/de\/wie-man-dorthin-kommt\/#breadcrumb\"},\"inLanguage\":\"de\",\"potentialAction\":[{\"@type\":\"ReadAction\",\"target\":[\"https:\/\/www.hoteldeicoralli.it\/de\/wie-man-dorthin-kommt\/\"]}]},{\"@type\":\"ImageObject\",\"inLanguage\":\"de\",\"@id\":\"https:\/\/www.hoteldeicoralli.it\/de\/wie-man-dorthin-kommt\/#primaryimage\",\"url\":\"https:\/\/www.hoteldeicoralli.it\/wp-content\/uploads\/hotel_dei_coralli_small_gold.png\",\"contentUrl\":\"https:\/\/www.hoteldeicoralli.it\/wp-content\/uploads\/hotel_dei_coralli_small_gold.png\"},{\"@type\":\"BreadcrumbList\",\"@id\":\"https:\/\/www.hoteldeicoralli.it\/de\/wie-man-dorthin-kommt\/#breadcrumb\",\"itemListElement\":[{\"@type\":\"ListItem\",\"position\":1,\"name\":\"Home\",\"item\":\"https:\/\/www.hoteldeicoralli.it\/de\/\"},{\"@type\":\"ListItem\",\"position\":2,\"name\":\"Wie man dorthin kommt\"}]},{\"@type\":\"WebSite\",\"@id\":\"https:\/\/www.hoteldeicoralli.it\/de\/#website\",\"url\":\"https:\/\/www.hoteldeicoralli.it\/de\/\",\"name\":\"Hotel dei Coralli\",\"description\":\"Insel Elba\",\"publisher\":{\"@id\":\"https:\/\/www.hoteldeicoralli.it\/de\/#organization\"},\"potentialAction\":[{\"@type\":\"SearchAction\",\"target\":{\"@type\":\"EntryPoint\",\"urlTemplate\":\"https:\/\/www.hoteldeicoralli.it\/de\/?s={search_term_string}\"},\"query-input\":{\"@type\":\"PropertyValueSpecification\",\"valueRequired\":true,\"valueName\":\"search_term_string\"}}],\"inLanguage\":\"de\"},{\"@type\":\"Organization\",\"@id\":\"https:\/\/www.hoteldeicoralli.it\/de\/#organization\",\"name\":\"Selci Enrico Srl\",\"url\":\"https:\/\/www.hoteldeicoralli.it\/de\/\",\"logo\":{\"@type\":\"ImageObject\",\"inLanguage\":\"de\",\"@id\":\"https:\/\/www.hoteldeicoralli.it\/de\/#\/schema\/logo\/image\/\",\"url\":\"https:\/\/www.hoteldeicoralli.it\/wp-content\/uploads\/hotel_dei_coralli_vertical.png\",\"contentUrl\":\"https:\/\/www.hoteldeicoralli.it\/wp-content\/uploads\/hotel_dei_coralli_vertical.png\",\"width\":400,\"height\":316,\"caption\":\"Selci Enrico Srl\"},\"image\":{\"@id\":\"https:\/\/www.hoteldeicoralli.it\/de\/#\/schema\/logo\/image\/\"},\"sameAs\":[\"https:\/\/www.facebook.com\/hoteldeicoralli\",\"https:\/\/www.instagram.com\/hoteldeicoralli\/\"]}]}<\/script>\n<!-- \/ Yoast SEO plugin. -->","yoast_head_json":{"title":"Wie man dorthin kommt - Hotel dei Coralli, Insel Elba","description":"Das Hotel dei Coralli befindet sich in Marina di Campo in der Viale degli Etruschi Nr. 567, in einer sehr ruhigen Lage und etwa 200 Meter vom ber\u00fchmten Sandstrand entfernt.","robots":{"index":"index","follow":"follow","max-snippet":"max-snippet:-1","max-image-preview":"max-image-preview:large","max-video-preview":"max-video-preview:-1"},"canonical":"https:\/\/www.hoteldeicoralli.it\/de\/wie-man-dorthin-kommt\/","og_locale":"de_DE","og_type":"article","og_title":"Wie man dorthin kommt - Hotel dei Coralli, Insel Elba","og_description":"Das Hotel dei Coralli befindet sich in Marina di Campo in der Viale degli Etruschi Nr. 567, in einer sehr ruhigen Lage und etwa 200 Meter vom ber\u00fchmten Sandstrand entfernt.","og_url":"https:\/\/www.hoteldeicoralli.it\/de\/wie-man-dorthin-kommt\/","og_site_name":"Hotel dei Coralli","article_publisher":"https:\/\/www.facebook.com\/hoteldeicoralli","article_modified_time":"2025-02-28T10:04:32+00:00","og_image":[{"url":"https:\/\/www.hoteldeicoralli.it\/wp-content\/uploads\/hotel_dei_coralli_small_gold.png","type":"","width":"","height":""}],"twitter_card":"summary_large_image","twitter_misc":{"Gesch\u00e4tzte Lesezeit":"1\u00a0Minute"},"schema":{"@context":"https:\/\/schema.org","@graph":[{"@type":"WebPage","@id":"https:\/\/www.hoteldeicoralli.it\/de\/wie-man-dorthin-kommt\/","url":"https:\/\/www.hoteldeicoralli.it\/de\/wie-man-dorthin-kommt\/","name":"Wie man dorthin kommt - Hotel dei Coralli, Insel Elba","isPartOf":{"@id":"https:\/\/www.hoteldeicoralli.it\/de\/#website"},"primaryImageOfPage":{"@id":"https:\/\/www.hoteldeicoralli.it\/de\/wie-man-dorthin-kommt\/#primaryimage"},"image":{"@id":"https:\/\/www.hoteldeicoralli.it\/de\/wie-man-dorthin-kommt\/#primaryimage"},"thumbnailUrl":"https:\/\/www.hoteldeicoralli.it\/wp-content\/uploads\/hotel_dei_coralli_small_gold.png","datePublished":"2025-01-27T15:10:19+00:00","dateModified":"2025-02-28T10:04:32+00:00","description":"Das Hotel dei Coralli befindet sich in Marina di Campo in der Viale degli Etruschi Nr. 567, in einer sehr ruhigen Lage und etwa 200 Meter vom ber\u00fchmten Sandstrand entfernt.","breadcrumb":{"@id":"https:\/\/www.hoteldeicoralli.it\/de\/wie-man-dorthin-kommt\/#breadcrumb"},"inLanguage":"de","potentialAction":[{"@type":"ReadAction","target":["https:\/\/www.hoteldeicoralli.it\/de\/wie-man-dorthin-kommt\/"]}]},{"@type":"ImageObject","inLanguage":"de","@id":"https:\/\/www.hoteldeicoralli.it\/de\/wie-man-dorthin-kommt\/#primaryimage","url":"https:\/\/www.hoteldeicoralli.it\/wp-content\/uploads\/hotel_dei_coralli_small_gold.png","contentUrl":"https:\/\/www.hoteldeicoralli.it\/wp-content\/uploads\/hotel_dei_coralli_small_gold.png"},{"@type":"BreadcrumbList","@id":"https:\/\/www.hoteldeicoralli.it\/de\/wie-man-dorthin-kommt\/#breadcrumb","itemListElement":[{"@type":"ListItem","position":1,"name":"Home","item":"https:\/\/www.hoteldeicoralli.it\/de\/"},{"@type":"ListItem","position":2,"name":"Wie man dorthin kommt"}]},{"@type":"WebSite","@id":"https:\/\/www.hoteldeicoralli.it\/de\/#website","url":"https:\/\/www.hoteldeicoralli.it\/de\/","name":"Hotel dei Coralli","description":"Insel Elba","publisher":{"@id":"https:\/\/www.hoteldeicoralli.it\/de\/#organization"},"potentialAction":[{"@type":"SearchAction","target":{"@type":"EntryPoint","urlTemplate":"https:\/\/www.hoteldeicoralli.it\/de\/?s={search_term_string}"},"query-input":{"@type":"PropertyValueSpecification","valueRequired":true,"valueName":"search_term_string"}}],"inLanguage":"de"},{"@type":"Organization","@id":"https:\/\/www.hoteldeicoralli.it\/de\/#organization","name":"Selci Enrico Srl","url":"https:\/\/www.hoteldeicoralli.it\/de\/","logo":{"@type":"ImageObject","inLanguage":"de","@id":"https:\/\/www.hoteldeicoralli.it\/de\/#\/schema\/logo\/image\/","url":"https:\/\/www.hoteldeicoralli.it\/wp-content\/uploads\/hotel_dei_coralli_vertical.png","contentUrl":"https:\/\/www.hoteldeicoralli.it\/wp-content\/uploads\/hotel_dei_coralli_vertical.png","width":400,"height":316,"caption":"Selci Enrico Srl"},"image":{"@id":"https:\/\/www.hoteldeicoralli.it\/de\/#\/schema\/logo\/image\/"},"sameAs":["https:\/\/www.facebook.com\/hoteldeicoralli","https:\/\/www.instagram.com\/hoteldeicoralli\/"]}]}},"_links":{"self":[{"href":"https:\/\/www.hoteldeicoralli.it\/de\/wp-json\/wp\/v2\/pages\/13141","targetHints":{"allow":["GET"]}}],"collection":[{"href":"https:\/\/www.hoteldeicoralli.it\/de\/wp-json\/wp\/v2\/pages"}],"about":[{"href":"https:\/\/www.hoteldeicoralli.it\/de\/wp-json\/wp\/v2\/types\/page"}],"author":[{"embeddable":true,"href":"https:\/\/www.hoteldeicoralli.it\/de\/wp-json\/wp\/v2\/users\/1"}],"replies":[{"embeddable":true,"href":"https:\/\/www.hoteldeicoralli.it\/de\/wp-json\/wp\/v2\/comments?post=13141"}],"version-history":[{"count":4,"href":"https:\/\/www.hoteldeicoralli.it\/de\/wp-json\/wp\/v2\/pages\/13141\/revisions"}],"predecessor-version":[{"id":13145,"href":"https:\/\/www.hoteldeicoralli.it\/de\/wp-json\/wp\/v2\/pages\/13141\/revisions\/13145"}],"wp:attachment":[{"href":"https:\/\/www.hoteldeicoralli.it\/de\/wp-json\/wp\/v2\/media?parent=13141"}],"curies":[{"name":"wp","href":"https:\/\/api.w.org\/{rel}","templated":true}]}}