{"id":13155,"date":"2025-01-29T17:26:20","date_gmt":"2025-01-29T16:26:20","guid":{"rendered":"https:\/\/www.hoteldeicoralli.it\/traghetti-isola-d-elba\/"},"modified":"2025-02-28T11:31:55","modified_gmt":"2025-02-28T10:31:55","slug":"faehren-insel-elba","status":"publish","type":"page","link":"https:\/\/www.hoteldeicoralli.it\/de\/faehren-insel-elba\/","title":{"rendered":"F\u00e4hren Insel Elba"},"content":{"rendered":"\t\t<div data-elementor-type=\"wp-page\" data-elementor-id=\"13155\" class=\"elementor elementor-13155 elementor-11607\">\n\t\t\t\t<div class=\"elementor-element elementor-element-54c0542 e-flex e-con-boxed e-con e-parent\" data-id=\"54c0542\" data-element_type=\"container\" data-e-type=\"container\">\n\t\t\t\t\t<div class=\"e-con-inner\">\n\t\t<div class=\"elementor-element elementor-element-70abe8b e-con-full e-flex e-con e-child\" data-id=\"70abe8b\" data-element_type=\"container\" data-e-type=\"container\">\n\t\t<div class=\"elementor-element elementor-element-4ad6d75 e-con-full e-flex e-con e-child\" data-id=\"4ad6d75\" data-element_type=\"container\" data-e-type=\"container\">\n\t\t\t\t<div class=\"elementor-element elementor-element-5c0a8fd elementor-widget elementor-widget-section-title\" data-id=\"5c0a8fd\" data-element_type=\"widget\" data-e-type=\"widget\" data-widget_type=\"section-title.default\">\n\t\t\t\t<div class=\"elementor-widget-container\">\n\t\t\t\t\t\r\n\t\t\t\t\t<div class=\"section-title style2 \">\r\n\t\t\t\t \r\n\t\t\t\t\t<h5 class=\"subtitle\">Rabatt von 20% bis 35%<\/h5>\r\n\t\t\t\t\t\t\t\t\r\n\t\t\t\t \r\n\t\t\t\t\t<h3 class=\"title\">F\u00e4hren zur Insel Elba<\/h3>\r\n\t\t\t\t\t\t\t\t\r\n\t\t\t\t\t\t\t<\/div>\r\n\r\n\t\t\r\n\t\t\t\t\t\t<\/div>\n\t\t\t\t<\/div>\n\t\t\t\t<div class=\"elementor-element elementor-element-9482d93 elementor-widget elementor-widget-text-editor\" data-id=\"9482d93\" data-element_type=\"widget\" data-e-type=\"widget\" data-widget_type=\"text-editor.default\">\n\t\t\t\t<div class=\"elementor-widget-container\">\n\t\t\t\t\t\t\t\t\t<p>Bei der Buchung eines Aufenthalts in unserem Hotel k\u00f6nnen Sie von einem Code profitieren, mit dem Sie das F\u00e4hrticket (Moby &amp; Toremar) mit einem Rabatt von 20 % bis 35 % kaufen k\u00f6nnen.<\/p>\t\t\t\t\t\t\t\t<\/div>\n\t\t\t\t<\/div>\n\t\t\t\t<div class=\"elementor-element elementor-element-aae72c1 elementor-widget elementor-widget-html\" data-id=\"aae72c1\" data-element_type=\"widget\" data-e-type=\"widget\" data-widget_type=\"html.default\">\n\t\t\t\t<div class=\"elementor-widget-container\">\n\t\t\t\t\t<div style=\"margin-left: auto; margin-right: auto; max-width: 1100px\">\r\r\t<iframe id=\"tlines\" src=\"https:\/\/www.misterferry.de\/de\/faehren-insel-elba.aspx?UAID=100200&bkcolor=DDEEF5&txtcolor=403C39&bkbtncolor=077BC7&txtbtncolor=FFFFFF&bktitolo=4A4A4A&txttitolo=FFFFFF&language=de&iframe_booking=true&v2=true\" style=\"border:0px; width: 100%;\" class=\"tlines_frame\" scrolling=\"no\"><\/iframe>\r\r\t<p style=\"font-size:11px; margin: auto; font-family:Verdana;width: 100%;color:#666;margin-bottom: 12px;text-align: center;\">Dieser Buchungsservice ist Eigentum der <a href=\"https:\/\/www.misterferry.de\/de\/faehren-insel-elba.aspx?UAID=100200&bkcolor=DDEEF5&txtcolor=403C39&bkbtncolor=077BC7&txtbtncolor=FFFFFF&bktitolo=4A4A4A&txttitolo=FFFFFF\" target=\"_blank\" style=\"color:#666;text-decoration:none\">Misterferry.de<\/a><\/p>\r\r\t<script type=\"text\/javascript\" src=\"https:\/\/www.misterferry.de\/Ajax\/tlines_resp_v2.js\"><\/script>\r\r<\/div>\t\t\t\t<\/div>\n\t\t\t\t<\/div>\n\t\t\t\t<\/div>\n\t\t\t\t<\/div>\n\t\t\t\t\t<\/div>\n\t\t\t\t<\/div>\n\t\t\t\t<\/div>\n\t\t","protected":false},"excerpt":{"rendered":"<p>Rabatt von 20% bis 35% F\u00e4hren zur Insel Elba Bei der Buchung eines Aufenthalts in unserem Hotel k\u00f6nnen Sie von einem Code profitieren, mit dem Sie das F\u00e4hrticket (Moby &amp; Toremar) mit einem Rabatt von 20 % bis 35 % kaufen k\u00f6nnen. Dieser Buchungsservice ist Eigentum der Misterferry.de<\/p>\n","protected":false},"author":1,"featured_media":0,"parent":0,"menu_order":12,"comment_status":"closed","ping_status":"closed","template":"page-templates\/template-default.php","meta":{"_mo_disable_npp":"","footnotes":""},"class_list":["post-13155","page","type-page","status-publish","hentry"],"yoast_head":"<!-- This site is optimized with the Yoast SEO plugin v27.1.1 - https:\/\/yoast.com\/product\/yoast-seo-wordpress\/ -->\n<title>F\u00e4hren Insel Elba - Hotel dei Coralli, Insel Elba<\/title>\n<meta name=\"description\" content=\"Bei der Buchung eines Aufenthalts in unserem Hotel k\u00f6nnen Sie von einem Code profitieren, mit dem Sie das F\u00e4hrticket mit einer Erm\u00e4\u00dfigung von 20 % bis 35 % kaufen k\u00f6nnen.\" \/>\n<meta name=\"robots\" content=\"index, follow, max-snippet:-1, max-image-preview:large, max-video-preview:-1\" \/>\n<link rel=\"canonical\" href=\"https:\/\/www.hoteldeicoralli.it\/de\/faehren-insel-elba\/\" \/>\n<meta property=\"og:locale\" content=\"de_DE\" \/>\n<meta property=\"og:type\" content=\"article\" \/>\n<meta property=\"og:title\" content=\"F\u00e4hren Insel Elba - Hotel dei Coralli, Insel Elba\" \/>\n<meta property=\"og:description\" content=\"Bei der Buchung eines Aufenthalts in unserem Hotel k\u00f6nnen Sie von einem Code profitieren, mit dem Sie das F\u00e4hrticket mit einer Erm\u00e4\u00dfigung von 20 % bis 35 % kaufen k\u00f6nnen.\" \/>\n<meta property=\"og:url\" content=\"https:\/\/www.hoteldeicoralli.it\/de\/faehren-insel-elba\/\" \/>\n<meta property=\"og:site_name\" content=\"Hotel dei Coralli\" \/>\n<meta property=\"article:publisher\" content=\"https:\/\/www.facebook.com\/hoteldeicoralli\" \/>\n<meta property=\"article:modified_time\" content=\"2025-02-28T10:31:55+00:00\" \/>\n<meta name=\"twitter:card\" content=\"summary_large_image\" \/>\n<script type=\"application\/ld+json\" class=\"yoast-schema-graph\">{\"@context\":\"https:\/\/schema.org\",\"@graph\":[{\"@type\":\"WebPage\",\"@id\":\"https:\/\/www.hoteldeicoralli.it\/de\/faehren-insel-elba\/\",\"url\":\"https:\/\/www.hoteldeicoralli.it\/de\/faehren-insel-elba\/\",\"name\":\"F\u00e4hren Insel Elba - Hotel dei Coralli, Insel Elba\",\"isPartOf\":{\"@id\":\"https:\/\/www.hoteldeicoralli.it\/de\/#website\"},\"datePublished\":\"2025-01-29T16:26:20+00:00\",\"dateModified\":\"2025-02-28T10:31:55+00:00\",\"description\":\"Bei der Buchung eines Aufenthalts in unserem Hotel k\u00f6nnen Sie von einem Code profitieren, mit dem Sie das F\u00e4hrticket mit einer Erm\u00e4\u00dfigung von 20 % bis 35 % kaufen k\u00f6nnen.\",\"breadcrumb\":{\"@id\":\"https:\/\/www.hoteldeicoralli.it\/de\/faehren-insel-elba\/#breadcrumb\"},\"inLanguage\":\"de\",\"potentialAction\":[{\"@type\":\"ReadAction\",\"target\":[\"https:\/\/www.hoteldeicoralli.it\/de\/faehren-insel-elba\/\"]}]},{\"@type\":\"BreadcrumbList\",\"@id\":\"https:\/\/www.hoteldeicoralli.it\/de\/faehren-insel-elba\/#breadcrumb\",\"itemListElement\":[{\"@type\":\"ListItem\",\"position\":1,\"name\":\"Home\",\"item\":\"https:\/\/www.hoteldeicoralli.it\/de\/\"},{\"@type\":\"ListItem\",\"position\":2,\"name\":\"F\u00e4hren Insel Elba\"}]},{\"@type\":\"WebSite\",\"@id\":\"https:\/\/www.hoteldeicoralli.it\/de\/#website\",\"url\":\"https:\/\/www.hoteldeicoralli.it\/de\/\",\"name\":\"Hotel dei Coralli\",\"description\":\"Insel Elba\",\"publisher\":{\"@id\":\"https:\/\/www.hoteldeicoralli.it\/de\/#organization\"},\"potentialAction\":[{\"@type\":\"SearchAction\",\"target\":{\"@type\":\"EntryPoint\",\"urlTemplate\":\"https:\/\/www.hoteldeicoralli.it\/de\/?s={search_term_string}\"},\"query-input\":{\"@type\":\"PropertyValueSpecification\",\"valueRequired\":true,\"valueName\":\"search_term_string\"}}],\"inLanguage\":\"de\"},{\"@type\":\"Organization\",\"@id\":\"https:\/\/www.hoteldeicoralli.it\/de\/#organization\",\"name\":\"Selci Enrico Srl\",\"url\":\"https:\/\/www.hoteldeicoralli.it\/de\/\",\"logo\":{\"@type\":\"ImageObject\",\"inLanguage\":\"de\",\"@id\":\"https:\/\/www.hoteldeicoralli.it\/de\/#\/schema\/logo\/image\/\",\"url\":\"https:\/\/www.hoteldeicoralli.it\/wp-content\/uploads\/hotel_dei_coralli_vertical.png\",\"contentUrl\":\"https:\/\/www.hoteldeicoralli.it\/wp-content\/uploads\/hotel_dei_coralli_vertical.png\",\"width\":400,\"height\":316,\"caption\":\"Selci Enrico Srl\"},\"image\":{\"@id\":\"https:\/\/www.hoteldeicoralli.it\/de\/#\/schema\/logo\/image\/\"},\"sameAs\":[\"https:\/\/www.facebook.com\/hoteldeicoralli\",\"https:\/\/www.instagram.com\/hoteldeicoralli\/\"]}]}<\/script>\n<!-- \/ Yoast SEO plugin. -->","yoast_head_json":{"title":"F\u00e4hren Insel Elba - Hotel dei Coralli, Insel Elba","description":"Bei der Buchung eines Aufenthalts in unserem Hotel k\u00f6nnen Sie von einem Code profitieren, mit dem Sie das F\u00e4hrticket mit einer Erm\u00e4\u00dfigung von 20 % bis 35 % kaufen k\u00f6nnen.","robots":{"index":"index","follow":"follow","max-snippet":"max-snippet:-1","max-image-preview":"max-image-preview:large","max-video-preview":"max-video-preview:-1"},"canonical":"https:\/\/www.hoteldeicoralli.it\/de\/faehren-insel-elba\/","og_locale":"de_DE","og_type":"article","og_title":"F\u00e4hren Insel Elba - Hotel dei Coralli, Insel Elba","og_description":"Bei der Buchung eines Aufenthalts in unserem Hotel k\u00f6nnen Sie von einem Code profitieren, mit dem Sie das F\u00e4hrticket mit einer Erm\u00e4\u00dfigung von 20 % bis 35 % kaufen k\u00f6nnen.","og_url":"https:\/\/www.hoteldeicoralli.it\/de\/faehren-insel-elba\/","og_site_name":"Hotel dei Coralli","article_publisher":"https:\/\/www.facebook.com\/hoteldeicoralli","article_modified_time":"2025-02-28T10:31:55+00:00","twitter_card":"summary_large_image","schema":{"@context":"https:\/\/schema.org","@graph":[{"@type":"WebPage","@id":"https:\/\/www.hoteldeicoralli.it\/de\/faehren-insel-elba\/","url":"https:\/\/www.hoteldeicoralli.it\/de\/faehren-insel-elba\/","name":"F\u00e4hren Insel Elba - Hotel dei Coralli, Insel Elba","isPartOf":{"@id":"https:\/\/www.hoteldeicoralli.it\/de\/#website"},"datePublished":"2025-01-29T16:26:20+00:00","dateModified":"2025-02-28T10:31:55+00:00","description":"Bei der Buchung eines Aufenthalts in unserem Hotel k\u00f6nnen Sie von einem Code profitieren, mit dem Sie das F\u00e4hrticket mit einer Erm\u00e4\u00dfigung von 20 % bis 35 % kaufen k\u00f6nnen.","breadcrumb":{"@id":"https:\/\/www.hoteldeicoralli.it\/de\/faehren-insel-elba\/#breadcrumb"},"inLanguage":"de","potentialAction":[{"@type":"ReadAction","target":["https:\/\/www.hoteldeicoralli.it\/de\/faehren-insel-elba\/"]}]},{"@type":"BreadcrumbList","@id":"https:\/\/www.hoteldeicoralli.it\/de\/faehren-insel-elba\/#breadcrumb","itemListElement":[{"@type":"ListItem","position":1,"name":"Home","item":"https:\/\/www.hoteldeicoralli.it\/de\/"},{"@type":"ListItem","position":2,"name":"F\u00e4hren Insel Elba"}]},{"@type":"WebSite","@id":"https:\/\/www.hoteldeicoralli.it\/de\/#website","url":"https:\/\/www.hoteldeicoralli.it\/de\/","name":"Hotel dei Coralli","description":"Insel Elba","publisher":{"@id":"https:\/\/www.hoteldeicoralli.it\/de\/#organization"},"potentialAction":[{"@type":"SearchAction","target":{"@type":"EntryPoint","urlTemplate":"https:\/\/www.hoteldeicoralli.it\/de\/?s={search_term_string}"},"query-input":{"@type":"PropertyValueSpecification","valueRequired":true,"valueName":"search_term_string"}}],"inLanguage":"de"},{"@type":"Organization","@id":"https:\/\/www.hoteldeicoralli.it\/de\/#organization","name":"Selci Enrico Srl","url":"https:\/\/www.hoteldeicoralli.it\/de\/","logo":{"@type":"ImageObject","inLanguage":"de","@id":"https:\/\/www.hoteldeicoralli.it\/de\/#\/schema\/logo\/image\/","url":"https:\/\/www.hoteldeicoralli.it\/wp-content\/uploads\/hotel_dei_coralli_vertical.png","contentUrl":"https:\/\/www.hoteldeicoralli.it\/wp-content\/uploads\/hotel_dei_coralli_vertical.png","width":400,"height":316,"caption":"Selci Enrico Srl"},"image":{"@id":"https:\/\/www.hoteldeicoralli.it\/de\/#\/schema\/logo\/image\/"},"sameAs":["https:\/\/www.facebook.com\/hoteldeicoralli","https:\/\/www.instagram.com\/hoteldeicoralli\/"]}]}},"_links":{"self":[{"href":"https:\/\/www.hoteldeicoralli.it\/de\/wp-json\/wp\/v2\/pages\/13155","targetHints":{"allow":["GET"]}}],"collection":[{"href":"https:\/\/www.hoteldeicoralli.it\/de\/wp-json\/wp\/v2\/pages"}],"about":[{"href":"https:\/\/www.hoteldeicoralli.it\/de\/wp-json\/wp\/v2\/types\/page"}],"author":[{"embeddable":true,"href":"https:\/\/www.hoteldeicoralli.it\/de\/wp-json\/wp\/v2\/users\/1"}],"replies":[{"embeddable":true,"href":"https:\/\/www.hoteldeicoralli.it\/de\/wp-json\/wp\/v2\/comments?post=13155"}],"version-history":[{"count":4,"href":"https:\/\/www.hoteldeicoralli.it\/de\/wp-json\/wp\/v2\/pages\/13155\/revisions"}],"predecessor-version":[{"id":13160,"href":"https:\/\/www.hoteldeicoralli.it\/de\/wp-json\/wp\/v2\/pages\/13155\/revisions\/13160"}],"wp:attachment":[{"href":"https:\/\/www.hoteldeicoralli.it\/de\/wp-json\/wp\/v2\/media?parent=13155"}],"curies":[{"name":"wp","href":"https:\/\/api.w.org\/{rel}","templated":true}]}}