{"id":13386,"date":"2025-04-07T16:24:53","date_gmt":"2025-04-07T14:24:53","guid":{"rendered":"https:\/\/www.hoteldeicoralli.it\/?page_id=13386"},"modified":"2025-04-07T16:29:13","modified_gmt":"2025-04-07T14:29:13","slug":"cookie-policy","status":"publish","type":"page","link":"https:\/\/www.hoteldeicoralli.it\/de\/cookie-policy\/","title":{"rendered":"Cookie Policy"},"content":{"rendered":"\t\t<div data-elementor-type=\"wp-page\" data-elementor-id=\"13386\" class=\"elementor elementor-13386 elementor-13385\">\n\t\t\t\t<div class=\"elementor-element elementor-element-54c0542 e-flex e-con-boxed e-con e-parent\" data-id=\"54c0542\" data-element_type=\"container\" data-e-type=\"container\">\n\t\t\t\t\t<div class=\"e-con-inner\">\n\t\t<div class=\"elementor-element elementor-element-70abe8b e-con-full e-flex e-con e-child\" data-id=\"70abe8b\" data-element_type=\"container\" data-e-type=\"container\">\n\t\t<div class=\"elementor-element elementor-element-4ad6d75 e-con-full e-flex e-con e-child\" data-id=\"4ad6d75\" data-element_type=\"container\" data-e-type=\"container\">\n\t\t\t\t<div class=\"elementor-element elementor-element-3a604e5 elementor-widget elementor-widget-text-editor\" data-id=\"3a604e5\" data-element_type=\"widget\" data-e-type=\"widget\" data-widget_type=\"text-editor.default\">\n\t\t\t\t<div class=\"elementor-widget-container\">\n\t\t\t\t\t\t\t\t\t<h1>Cookie Policy<\/h1>\n<p>G\u00fcltig seit: 2025-04-07<\/p>\n<p>Aktualisiert am: 2025-04-07<\/p>\n<p>Diese Datenschutzrichtlinie erl\u00e4utert die Richtlinien von<br>\nSelci Enrico S.r.l. zur Erfassung und Verwendung der Informationen, die wir sammeln, wenn Sie auf https:\/\/www.hoteldeicoralli.it\/ (den \u201eDienst\u201c) zugreifen.<br>\nDiese Datenschutzrichtlinie beschreibt Ihre Datenschutzrechte und wie Sie durch Datenschutzgesetze gesch\u00fctzt sind.<\/p>\n<p>Selci Enrico S.r.l. ist berechtigt, diese Datenschutzerkl\u00e4rung jederzeit zu \u00e4ndern.<br>\nDies kann ohne vorherige Ank\u00fcndigung geschehen.<\/p>\n<p>Selci Enrico S.r.l. wird die \u00fcberarbeitete Datenschutzrichtlinie auf der<br>\nWebsite https:\/\/www.hoteldeicoralli.it\/ ver\u00f6ffentlichen.<\/p><ul>\n<\/ul>\n<h4>Cookies<\/h4>\n<p>Cookies sind kleine Textdateien, die von<br>\nWebsites, die Sie besuchen, auf Ihrem Computer gespeichert werden. Websites verwenden Cookies, um den Nutzern eine<br>\neffiziente Navigation zu erm\u00f6glichen und zu helfen, bestimmte Funktionen auszuf\u00fchren. Cookies, die f\u00fcr den<br>\nordnungsgem\u00e4\u00dfen Betrieb der Website erforderlich sind, d\u00fcrfen auch ohne Ihre Zustimmung gesetzt werden. Alle anderen<br>\nCookies m\u00fcssen erst genehmigt werden, bevor sie im Browser gesetzt werden k\u00f6nnen.<\/p>\n<ul>\n<li><b>Unbedingt erforderliche Cookies.<\/b> Unbedingt erforderliche Cookies erm\u00f6glichen<br>\nwesentliche Kernfunktionen der Website wie die Benutzeranmeldung und die Kontoverwaltung. Ohne die unbedingt<br>\nerforderlichen Cookies kann die Website nicht ordnungsgem\u00e4\u00df verwendet werden.<\/li>\n<li><b>Performance-Cookies.<\/b> Performance-Cookies sammeln Informationen dar\u00fcber, wie Besucher<br>\neine Webseite nutzen, z. B. Analyse-Cookies. Diese Cookies k\u00f6nnen nicht verwendet werden, um einen bestimmten Besucher<br>\ndirekt zu identifizieren.<\/li>\n<li><b>Targeting-Cookies.<\/b> Targeting-Cookies werden verwendet, um Besucher zwischen verschiedenen<br>\nWebsites zu identifizieren, z. B. Content-Partner, Bannernetzwerke. Diese Cookies k\u00f6nnen von Unternehmen verwendet werden,<br>\num ein Profil der Besucherinteressen zu erstellen oder relevante Anzeigen auf anderen Websites zu schalten.<\/li>\n<li><b>Funktionale Cookies.<\/b> Funktionale Cookies werden verwendet, um Besucherinformationen<br>\nauf der Website zu speichern, z. Sprache, Zeitzone, erweiterter Inhalte.<\/li>\n<li><b>Unklassifizierte Cookies.<\/b> Unklassifizierte Cookies sind Cookies, die keiner der<br>\nanderen Kategorien angeh\u00f6ren oder sich im Prozess der Klassifizierung befinden.<\/li>\n<\/ul>\n<div class=\"cookie-report-container\">\n<p data-cookiereport=\"true\">Sie k\u00f6nnen Ihre Zustimmung zur Cookie-Nutzung unten \u00e4ndern.<\/p><\/div>\n<h4>Kontakt<\/h4>\n<p>Wenn Sie Fragen haben, kontaktieren Sie uns bitte \u00fcber eine der folgenden Kan\u00e4le:<\/p>\n<p>Name: Selci Enrico S.r.l.<\/p>\n<p>Adresse: Via per Portoferraio, 208 \u2013 57034 \u2013 Campo nell\u2019Elba (LI)<\/p>\n<p>E-Mail: amministrazione@grupposelci.it<\/p>\n<p>Website: https:\/\/www.hoteldeicoralli.it\/<\/p>\n<p>Telefon: (+39) 0565 976336<\/p>\t\t\t\t\t\t\t\t<\/div>\n\t\t\t\t<\/div>\n\t\t\t\t<\/div>\n\t\t\t\t<\/div>\n\t\t\t\t\t<\/div>\n\t\t\t\t<\/div>\n\t\t\t\t<\/div>\n\t\t","protected":false},"excerpt":{"rendered":"<p>Cookie Policy G\u00fcltig seit: 2025-04-07 Aktualisiert am: 2025-04-07 Diese Datenschutzrichtlinie erl\u00e4utert die Richtlinien von Selci Enrico S.r.l. zur Erfassung und Verwendung der Informationen, die wir sammeln, wenn Sie auf https:\/\/www.hoteldeicoralli.it\/ (den \u201eDienst\u201c) zugreifen. Diese Datenschutzrichtlinie beschreibt Ihre Datenschutzrechte und wie Sie durch Datenschutzgesetze gesch\u00fctzt sind. Selci Enrico S.r.l. ist berechtigt, diese Datenschutzerkl\u00e4rung jederzeit zu \u00e4ndern. [&hellip;]<\/p>\n","protected":false},"author":1,"featured_media":12365,"parent":0,"menu_order":99,"comment_status":"closed","ping_status":"closed","template":"page-templates\/template-default.php","meta":{"_mo_disable_npp":"","footnotes":""},"class_list":["post-13386","page","type-page","status-publish","has-post-thumbnail","hentry"],"yoast_head":"<!-- This site is optimized with the Yoast SEO plugin v27.1.1 - https:\/\/yoast.com\/product\/yoast-seo-wordpress\/ -->\n<title>Cookie Policy - Hotel dei Coralli, Insel Elba<\/title>\n<meta name=\"description\" content=\"NOINDEX\" \/>\n<meta name=\"robots\" content=\"noindex, nofollow\" \/>\n<meta property=\"og:locale\" content=\"de_DE\" \/>\n<meta property=\"og:type\" content=\"article\" \/>\n<meta property=\"og:title\" content=\"Cookie Policy - Hotel dei Coralli, Insel Elba\" \/>\n<meta property=\"og:description\" content=\"NOINDEX\" \/>\n<meta property=\"og:url\" content=\"https:\/\/www.hoteldeicoralli.it\/de\/cookie-policy\/\" \/>\n<meta property=\"og:site_name\" content=\"Hotel dei Coralli\" \/>\n<meta property=\"article:publisher\" content=\"https:\/\/www.facebook.com\/hoteldeicoralli\" \/>\n<meta property=\"article:modified_time\" content=\"2025-04-07T14:29:13+00:00\" \/>\n<meta property=\"og:image\" content=\"https:\/\/www.hoteldeicoralli.it\/wp-content\/uploads\/hotel_09.jpg\" \/>\n\t<meta property=\"og:image:width\" content=\"1200\" \/>\n\t<meta property=\"og:image:height\" content=\"780\" \/>\n\t<meta property=\"og:image:type\" content=\"image\/jpeg\" \/>\n<meta name=\"twitter:card\" content=\"summary_large_image\" \/>\n<meta name=\"twitter:label1\" content=\"Gesch\u00e4tzte Lesezeit\" \/>\n\t<meta name=\"twitter:data1\" content=\"2\u00a0Minuten\" \/>\n<script type=\"application\/ld+json\" class=\"yoast-schema-graph\">{\"@context\":\"https:\/\/schema.org\",\"@graph\":[{\"@type\":\"WebPage\",\"@id\":\"https:\/\/www.hoteldeicoralli.it\/de\/cookie-policy\/\",\"url\":\"https:\/\/www.hoteldeicoralli.it\/de\/cookie-policy\/\",\"name\":\"Cookie Policy - Hotel dei Coralli, Insel Elba\",\"isPartOf\":{\"@id\":\"https:\/\/www.hoteldeicoralli.it\/de\/#website\"},\"primaryImageOfPage\":{\"@id\":\"https:\/\/www.hoteldeicoralli.it\/de\/cookie-policy\/#primaryimage\"},\"image\":{\"@id\":\"https:\/\/www.hoteldeicoralli.it\/de\/cookie-policy\/#primaryimage\"},\"thumbnailUrl\":\"https:\/\/www.hoteldeicoralli.it\/wp-content\/uploads\/hotel_09.jpg\",\"datePublished\":\"2025-04-07T14:24:53+00:00\",\"dateModified\":\"2025-04-07T14:29:13+00:00\",\"description\":\"NOINDEX\",\"breadcrumb\":{\"@id\":\"https:\/\/www.hoteldeicoralli.it\/de\/cookie-policy\/#breadcrumb\"},\"inLanguage\":\"de\",\"potentialAction\":[{\"@type\":\"ReadAction\",\"target\":[\"https:\/\/www.hoteldeicoralli.it\/de\/cookie-policy\/\"]}]},{\"@type\":\"ImageObject\",\"inLanguage\":\"de\",\"@id\":\"https:\/\/www.hoteldeicoralli.it\/de\/cookie-policy\/#primaryimage\",\"url\":\"https:\/\/www.hoteldeicoralli.it\/wp-content\/uploads\/hotel_09.jpg\",\"contentUrl\":\"https:\/\/www.hoteldeicoralli.it\/wp-content\/uploads\/hotel_09.jpg\",\"width\":1200,\"height\":780},{\"@type\":\"BreadcrumbList\",\"@id\":\"https:\/\/www.hoteldeicoralli.it\/de\/cookie-policy\/#breadcrumb\",\"itemListElement\":[{\"@type\":\"ListItem\",\"position\":1,\"name\":\"Home\",\"item\":\"https:\/\/www.hoteldeicoralli.it\/de\/\"},{\"@type\":\"ListItem\",\"position\":2,\"name\":\"Cookie Policy\"}]},{\"@type\":\"WebSite\",\"@id\":\"https:\/\/www.hoteldeicoralli.it\/de\/#website\",\"url\":\"https:\/\/www.hoteldeicoralli.it\/de\/\",\"name\":\"Hotel dei Coralli\",\"description\":\"Insel Elba\",\"publisher\":{\"@id\":\"https:\/\/www.hoteldeicoralli.it\/de\/#organization\"},\"potentialAction\":[{\"@type\":\"SearchAction\",\"target\":{\"@type\":\"EntryPoint\",\"urlTemplate\":\"https:\/\/www.hoteldeicoralli.it\/de\/?s={search_term_string}\"},\"query-input\":{\"@type\":\"PropertyValueSpecification\",\"valueRequired\":true,\"valueName\":\"search_term_string\"}}],\"inLanguage\":\"de\"},{\"@type\":\"Organization\",\"@id\":\"https:\/\/www.hoteldeicoralli.it\/de\/#organization\",\"name\":\"Selci Enrico Srl\",\"url\":\"https:\/\/www.hoteldeicoralli.it\/de\/\",\"logo\":{\"@type\":\"ImageObject\",\"inLanguage\":\"de\",\"@id\":\"https:\/\/www.hoteldeicoralli.it\/de\/#\/schema\/logo\/image\/\",\"url\":\"https:\/\/www.hoteldeicoralli.it\/wp-content\/uploads\/hotel_dei_coralli_vertical.png\",\"contentUrl\":\"https:\/\/www.hoteldeicoralli.it\/wp-content\/uploads\/hotel_dei_coralli_vertical.png\",\"width\":400,\"height\":316,\"caption\":\"Selci Enrico Srl\"},\"image\":{\"@id\":\"https:\/\/www.hoteldeicoralli.it\/de\/#\/schema\/logo\/image\/\"},\"sameAs\":[\"https:\/\/www.facebook.com\/hoteldeicoralli\",\"https:\/\/www.instagram.com\/hoteldeicoralli\/\"]}]}<\/script>\n<!-- \/ Yoast SEO plugin. -->","yoast_head_json":{"title":"Cookie Policy - Hotel dei Coralli, Insel Elba","description":"NOINDEX","robots":{"index":"noindex","follow":"nofollow"},"og_locale":"de_DE","og_type":"article","og_title":"Cookie Policy - Hotel dei Coralli, Insel Elba","og_description":"NOINDEX","og_url":"https:\/\/www.hoteldeicoralli.it\/de\/cookie-policy\/","og_site_name":"Hotel dei Coralli","article_publisher":"https:\/\/www.facebook.com\/hoteldeicoralli","article_modified_time":"2025-04-07T14:29:13+00:00","og_image":[{"width":1200,"height":780,"url":"https:\/\/www.hoteldeicoralli.it\/wp-content\/uploads\/hotel_09.jpg","type":"image\/jpeg"}],"twitter_card":"summary_large_image","twitter_misc":{"Gesch\u00e4tzte Lesezeit":"2\u00a0Minuten"},"schema":{"@context":"https:\/\/schema.org","@graph":[{"@type":"WebPage","@id":"https:\/\/www.hoteldeicoralli.it\/de\/cookie-policy\/","url":"https:\/\/www.hoteldeicoralli.it\/de\/cookie-policy\/","name":"Cookie Policy - Hotel dei Coralli, Insel Elba","isPartOf":{"@id":"https:\/\/www.hoteldeicoralli.it\/de\/#website"},"primaryImageOfPage":{"@id":"https:\/\/www.hoteldeicoralli.it\/de\/cookie-policy\/#primaryimage"},"image":{"@id":"https:\/\/www.hoteldeicoralli.it\/de\/cookie-policy\/#primaryimage"},"thumbnailUrl":"https:\/\/www.hoteldeicoralli.it\/wp-content\/uploads\/hotel_09.jpg","datePublished":"2025-04-07T14:24:53+00:00","dateModified":"2025-04-07T14:29:13+00:00","description":"NOINDEX","breadcrumb":{"@id":"https:\/\/www.hoteldeicoralli.it\/de\/cookie-policy\/#breadcrumb"},"inLanguage":"de","potentialAction":[{"@type":"ReadAction","target":["https:\/\/www.hoteldeicoralli.it\/de\/cookie-policy\/"]}]},{"@type":"ImageObject","inLanguage":"de","@id":"https:\/\/www.hoteldeicoralli.it\/de\/cookie-policy\/#primaryimage","url":"https:\/\/www.hoteldeicoralli.it\/wp-content\/uploads\/hotel_09.jpg","contentUrl":"https:\/\/www.hoteldeicoralli.it\/wp-content\/uploads\/hotel_09.jpg","width":1200,"height":780},{"@type":"BreadcrumbList","@id":"https:\/\/www.hoteldeicoralli.it\/de\/cookie-policy\/#breadcrumb","itemListElement":[{"@type":"ListItem","position":1,"name":"Home","item":"https:\/\/www.hoteldeicoralli.it\/de\/"},{"@type":"ListItem","position":2,"name":"Cookie Policy"}]},{"@type":"WebSite","@id":"https:\/\/www.hoteldeicoralli.it\/de\/#website","url":"https:\/\/www.hoteldeicoralli.it\/de\/","name":"Hotel dei Coralli","description":"Insel Elba","publisher":{"@id":"https:\/\/www.hoteldeicoralli.it\/de\/#organization"},"potentialAction":[{"@type":"SearchAction","target":{"@type":"EntryPoint","urlTemplate":"https:\/\/www.hoteldeicoralli.it\/de\/?s={search_term_string}"},"query-input":{"@type":"PropertyValueSpecification","valueRequired":true,"valueName":"search_term_string"}}],"inLanguage":"de"},{"@type":"Organization","@id":"https:\/\/www.hoteldeicoralli.it\/de\/#organization","name":"Selci Enrico Srl","url":"https:\/\/www.hoteldeicoralli.it\/de\/","logo":{"@type":"ImageObject","inLanguage":"de","@id":"https:\/\/www.hoteldeicoralli.it\/de\/#\/schema\/logo\/image\/","url":"https:\/\/www.hoteldeicoralli.it\/wp-content\/uploads\/hotel_dei_coralli_vertical.png","contentUrl":"https:\/\/www.hoteldeicoralli.it\/wp-content\/uploads\/hotel_dei_coralli_vertical.png","width":400,"height":316,"caption":"Selci Enrico Srl"},"image":{"@id":"https:\/\/www.hoteldeicoralli.it\/de\/#\/schema\/logo\/image\/"},"sameAs":["https:\/\/www.facebook.com\/hoteldeicoralli","https:\/\/www.instagram.com\/hoteldeicoralli\/"]}]}},"_links":{"self":[{"href":"https:\/\/www.hoteldeicoralli.it\/de\/wp-json\/wp\/v2\/pages\/13386","targetHints":{"allow":["GET"]}}],"collection":[{"href":"https:\/\/www.hoteldeicoralli.it\/de\/wp-json\/wp\/v2\/pages"}],"about":[{"href":"https:\/\/www.hoteldeicoralli.it\/de\/wp-json\/wp\/v2\/types\/page"}],"author":[{"embeddable":true,"href":"https:\/\/www.hoteldeicoralli.it\/de\/wp-json\/wp\/v2\/users\/1"}],"replies":[{"embeddable":true,"href":"https:\/\/www.hoteldeicoralli.it\/de\/wp-json\/wp\/v2\/comments?post=13386"}],"version-history":[{"count":5,"href":"https:\/\/www.hoteldeicoralli.it\/de\/wp-json\/wp\/v2\/pages\/13386\/revisions"}],"predecessor-version":[{"id":13406,"href":"https:\/\/www.hoteldeicoralli.it\/de\/wp-json\/wp\/v2\/pages\/13386\/revisions\/13406"}],"wp:featuredmedia":[{"embeddable":true,"href":"https:\/\/www.hoteldeicoralli.it\/de\/wp-json\/wp\/v2\/media\/12365"}],"wp:attachment":[{"href":"https:\/\/www.hoteldeicoralli.it\/de\/wp-json\/wp\/v2\/media?parent=13386"}],"curies":[{"name":"wp","href":"https:\/\/api.w.org\/{rel}","templated":true}]}}